{"id":2998,"date":"2026-01-16T19:30:32","date_gmt":"2026-01-16T18:30:32","guid":{"rendered":"https:\/\/blogg.folkuniversitetet.nu\/erikan\/?page_id=2998"},"modified":"2026-01-16T19:30:32","modified_gmt":"2026-01-16T18:30:32","slug":"a1-del-1-distans-start-17-januari-2026","status":"publish","type":"page","link":"https:\/\/blogg.folkuniversitetet.nu\/erikan\/a1-del-1-distans-start-17-januari-2026\/","title":{"rendered":"A1 del 1 distans, start 17 januari 2026"},"content":{"rendered":"<p>Hej allihop!<\/p>\n<p>Det h\u00e4r \u00e4r v\u00e5r kursblogg, v\u00e4lkommen hit!<\/p>\n","protected":false},"excerpt":{"rendered":"<p>Hej allihop! Det h\u00e4r \u00e4r v\u00e5r kursblogg, v\u00e4lkommen hit!<\/p>\n","protected":false},"author":904,"featured_media":0,"parent":0,"menu_order":0,"comment_status":"closed","ping_status":"closed","template":"","meta":{"footnotes":""},"class_list":["post-2998","page","type-page","status-publish","hentry","post-preview"],"_links":{"self":[{"href":"https:\/\/blogg.folkuniversitetet.nu\/erikan\/wp-json\/wp\/v2\/pages\/2998","targetHints":{"allow":["GET"]}}],"collection":[{"href":"https:\/\/blogg.folkuniversitetet.nu\/erikan\/wp-json\/wp\/v2\/pages"}],"about":[{"href":"https:\/\/blogg.folkuniversitetet.nu\/erikan\/wp-json\/wp\/v2\/types\/page"}],"author":[{"embeddable":true,"href":"https:\/\/blogg.folkuniversitetet.nu\/erikan\/wp-json\/wp\/v2\/users\/904"}],"replies":[{"embeddable":true,"href":"https:\/\/blogg.folkuniversitetet.nu\/erikan\/wp-json\/wp\/v2\/comments?post=2998"}],"version-history":[{"count":1,"href":"https:\/\/blogg.folkuniversitetet.nu\/erikan\/wp-json\/wp\/v2\/pages\/2998\/revisions"}],"predecessor-version":[{"id":3000,"href":"https:\/\/blogg.folkuniversitetet.nu\/erikan\/wp-json\/wp\/v2\/pages\/2998\/revisions\/3000"}],"wp:attachment":[{"href":"https:\/\/blogg.folkuniversitetet.nu\/erikan\/wp-json\/wp\/v2\/media?parent=2998"}],"curies":[{"name":"wp","href":"https:\/\/api.w.org\/{rel}","templated":true}]}}