{"id":2975,"date":"2025-12-18T07:46:14","date_gmt":"2025-12-18T06:46:14","guid":{"rendered":"https:\/\/blogg.folkuniversitetet.nu\/erikan\/?page_id=2975"},"modified":"2026-01-23T19:58:22","modified_gmt":"2026-01-23T18:58:22","slug":"lektion-7-13-december","status":"publish","type":"page","link":"https:\/\/blogg.folkuniversitetet.nu\/erikan\/lektion-7-13-december\/","title":{"rendered":"Lektion 7: 13 december"},"content":{"rendered":"<p>Den sjunde och sista lektionen firade vi lucia!<\/p>\n<p>Vi sj\u00f6ng juls\u00e5nger och fikade.\ud83c\udf84\ud83e\udd8a<\/p>\n<p>Men vi hann ocks\u00e5 med lite \u00f6vningar och grammatik \ud83e\udd17<\/p>\n<p>F\u00f6rst lyssnade vi p\u00e5 &#8221;Sverige: natur, historia och ekonomi\u201d i textboken, s. 113-114 (ljudfil 76).<\/p>\n<p>Vi l\u00e4ste texten i par. H\u00e4r \u00e4r extra glosor: <a href=\"http:\/\/blogg.folkuniversitetet.nu\/erikan\/files\/2025\/12\/Glosor-till-texten-om-Sverige.pdf\">Glosor-till-texten-om-Sverige<\/a><\/p>\n<p>Vi st\u00e4llde fr\u00e5gor till varandra fr\u00e5n sidan 115.<\/p>\n<p>Vi \u00f6vade p\u00e5 ng-ljudet: TB, sidan 110. Ljudfil 75.<\/p>\n<p>F\u00f6re fikat repeterade vi presens perfekt: TB, s. 90, \u00f6vning G.<\/p>\n<p>H\u00e4r \u00e4r juls\u00e5ngerna som vi sj\u00f6ng: <a href=\"http:\/\/blogg.folkuniversitetet.nu\/erikan\/files\/2025\/12\/Tre-julsanger.pdf\">Tre juls\u00e5nger<\/a><\/p>\n<p>Lista med l\u00e4nder, nationalitetsadjektiv, spr\u00e5k etc: <a href=\"http:\/\/blogg.folkuniversitetet.nu\/erikan\/files\/2025\/12\/Nationalitetsadjektiv-sprak-land-och-nationalitet.pdf\">Nationalitetsadjektiv, spr\u00e5k, land och nationalitet<\/a><\/p>\n<p>Konversations-\u00e4mnen f\u00f6r mingel: <a href=\"http:\/\/blogg.folkuniversitetet.nu\/erikan\/files\/2025\/12\/KONVERSATIONSAMNEN.pdf\">KONVERSATIONS\u00c4MNEN<\/a><\/p>\n<p>Stort tack f\u00f6r den h\u00e4r tiden! Det var s\u00e5 roligt att l\u00e4ra k\u00e4nna er, och ni har varit j\u00e4tteduktiga p\u00e5 kursen! \ud83d\udcab<\/p>\n<p>Ha nu en riktigt h\u00e4rlig l\u00e5nghelg med musik, god mat och mys med n\u00e4ra och k\u00e4ra \ud83d\udc97<\/p>\n<p>Och lycka till med era fortsatta svenska-studier \ud83e\udd29<\/p>\n<p>&nbsp;<\/p>\n","protected":false},"excerpt":{"rendered":"<p>Den sjunde och sista lektionen firade vi lucia! Vi sj\u00f6ng juls\u00e5nger och fikade.\ud83c\udf84\ud83e\udd8a Men vi hann ocks\u00e5 med lite \u00f6vningar och grammatik \ud83e\udd17 F\u00f6rst lyssnade vi p\u00e5 &#8221;Sverige: natur, historia och ekonomi\u201d i textboken, s. 113-114 (ljudfil 76). Vi l\u00e4ste texten i par. H\u00e4r \u00e4r extra glosor: Glosor-till-texten-om-Sverige Vi st\u00e4llde fr\u00e5gor till varandra fr\u00e5n sidan [&hellip;]<\/p>\n","protected":false},"author":904,"featured_media":0,"parent":0,"menu_order":0,"comment_status":"closed","ping_status":"closed","template":"","meta":{"footnotes":""},"class_list":["post-2975","page","type-page","status-publish","hentry","post-preview"],"_links":{"self":[{"href":"https:\/\/blogg.folkuniversitetet.nu\/erikan\/wp-json\/wp\/v2\/pages\/2975","targetHints":{"allow":["GET"]}}],"collection":[{"href":"https:\/\/blogg.folkuniversitetet.nu\/erikan\/wp-json\/wp\/v2\/pages"}],"about":[{"href":"https:\/\/blogg.folkuniversitetet.nu\/erikan\/wp-json\/wp\/v2\/types\/page"}],"author":[{"embeddable":true,"href":"https:\/\/blogg.folkuniversitetet.nu\/erikan\/wp-json\/wp\/v2\/users\/904"}],"replies":[{"embeddable":true,"href":"https:\/\/blogg.folkuniversitetet.nu\/erikan\/wp-json\/wp\/v2\/comments?post=2975"}],"version-history":[{"count":7,"href":"https:\/\/blogg.folkuniversitetet.nu\/erikan\/wp-json\/wp\/v2\/pages\/2975\/revisions"}],"predecessor-version":[{"id":3048,"href":"https:\/\/blogg.folkuniversitetet.nu\/erikan\/wp-json\/wp\/v2\/pages\/2975\/revisions\/3048"}],"wp:attachment":[{"href":"https:\/\/blogg.folkuniversitetet.nu\/erikan\/wp-json\/wp\/v2\/media?parent=2975"}],"curies":[{"name":"wp","href":"https:\/\/api.w.org\/{rel}","templated":true}]}}