{"id":2948,"date":"2025-11-30T12:24:53","date_gmt":"2025-11-30T11:24:53","guid":{"rendered":"https:\/\/blogg.folkuniversitetet.nu\/erikan\/?page_id=2948"},"modified":"2025-11-30T12:52:11","modified_gmt":"2025-11-30T11:52:11","slug":"lektion-5-29-november","status":"publish","type":"page","link":"https:\/\/blogg.folkuniversitetet.nu\/erikan\/lektion-5-29-november\/","title":{"rendered":"Lektion 5: 29 november"},"content":{"rendered":"<p>Tack f\u00f6r en rolig lektion ig\u00e5r! Ni \u00e4r mycket duktiga! \ud83c\udf1e<\/p>\n<p><span style=\"text-decoration: underline\"><strong><span style=\"color: #ff6600;text-decoration: underline\">Detta stod p\u00e5 schemat:<\/span><\/strong><\/span><\/p>\n<ul>\n<li><strong>Adjektiv i komparation: <\/strong>Rolig \u2013 rolig<strong>are<\/strong> \u2013 rolig<strong>ast<\/strong>. TB, s. 84. \u00d6B, s. 92.<\/li>\n<li><strong>I aff\u00e4ren: <\/strong>TB, s. 86. I och J. Rollspel: Skriv en dialog mellan kund och expedit. Spela upp f\u00f6r oss andra! Superbra jobbat! \ud83d\ude4c\ud83e\udd29<\/li>\n<li><strong>Plats-adverb: <em>hem <\/em><\/strong><em>(home (to))<\/em> eller <strong><em>hemma<\/em><\/strong><em> ((at) home) ?<\/em>TB, s. 94, \u00f6vning B. H\u00e4r \u00e4r en extra\u00f6vning att g\u00f6ra hemma (to do at home!\ud83d\ude09): <a href=\"http:\/\/blogg.folkuniversitetet.nu\/erikan\/files\/2025\/11\/Hem-eller-hemma-med-facit.docx_.pdf\">Hem eller hemma med facit.docx<\/a><\/li>\n<li><strong>V\u00e4der<\/strong>: Film <a href=\"https:\/\/urplay.se\/program\/236387-grannar-prata-vader\">Grannar: Prata v\u00e4der | UR Play<\/a> TB, s. 97. Vi gjorde \u00f6vning A och B.<\/li>\n<li><strong>Ordningstal och datum:<\/strong> Idag har vi den <strong><em>femte<\/em> <\/strong>lektionen. Det \u00e4r den <strong><em>tjugonionde<\/em> <\/strong>[tjunionde] <strong><em>november<\/em><\/strong>. TB, s. 94. \u00d6vning 4, \u00d6B s. 106.<\/li>\n<li><strong>Hj\u00e4lpverb:<\/strong> Vi l\u00e4ste texten \u201d<em>Pia och John g\u00e5r ut med Bosse<\/em>\u201d. Vi letade efter (looked for) hj\u00e4lpverb och huvudverb (huvudverb \u00e4r alltid infinitiv efter ett hj\u00e4lpverb). TB, s. 98 (se ocks\u00e5\/also see sidan 273 i TB. )Vi gjorde \u00f6vning B &amp; C .<\/li>\n<li><strong>Uttal (&#8221;retroflexer&#8221;)<\/strong>: TB. s. 95. Ljudfil 62.<\/li>\n<\/ul>\n<p><span style=\"text-decoration: underline;color: #ff6600\"><strong>L\u00e4xor till n\u00e4sta g\u00e5ng:<\/strong><\/span><\/p>\n<p>\u00d6B, s. 92. \u00d6va <strong>adjektivens former<\/strong> i komparation (j\u00e4mf\u00f6rande).<\/p>\n<p>\u00d6B, s. 94: B, C &amp; D (<strong>adjektiv i komparation<\/strong>)<\/p>\n<p>\u00d6B, s. 105 (<strong>hem\/hemma<\/strong>)<\/p>\n<p>\u00d6B, s. 108-109: 6A &amp; B (<strong>hj\u00e4lpverb<\/strong>)<\/p>\n<p>\u00d6B, s. 110:7 (<strong>prepositioner<\/strong>)<\/p>\n<p><span style=\"color: #0000ff\"><strong>SKRIV!<\/strong><\/span>\u00a0<em>J\u00e4mf\u00f6r<\/em> Stockholm med en annan stad. Anv\u00e4nd s\u00e5 m\u00e5nga <em>adjektiv<\/em> (komparativ och superlativ) som m\u00f6jligt . 10-15 meningar.<\/p>\n<p>Vi ses om en vecka igen! D\u00e5 ska vi l\u00e4ra oss n\u00e5gra juls\u00e5nger att sjunga sista g\u00e5ngen\ud83c\udf84\ud83e\udd36\ud83c\udf85\ud83d\udd6f\ufe0f\ud83c\udf03<\/p>\n<p>&nbsp;<\/p>\n","protected":false},"excerpt":{"rendered":"<p>Tack f\u00f6r en rolig lektion ig\u00e5r! Ni \u00e4r mycket duktiga! \ud83c\udf1e Detta stod p\u00e5 schemat: Adjektiv i komparation: Rolig \u2013 roligare \u2013 roligast. TB, s. 84. \u00d6B, s. 92. I aff\u00e4ren: TB, s. 86. I och J. Rollspel: Skriv en dialog mellan kund och expedit. Spela upp f\u00f6r oss andra! Superbra jobbat! \ud83d\ude4c\ud83e\udd29 Plats-adverb: hem [&hellip;]<\/p>\n","protected":false},"author":904,"featured_media":0,"parent":0,"menu_order":0,"comment_status":"closed","ping_status":"closed","template":"","meta":{"footnotes":""},"class_list":["post-2948","page","type-page","status-publish","hentry","post-preview"],"_links":{"self":[{"href":"https:\/\/blogg.folkuniversitetet.nu\/erikan\/wp-json\/wp\/v2\/pages\/2948","targetHints":{"allow":["GET"]}}],"collection":[{"href":"https:\/\/blogg.folkuniversitetet.nu\/erikan\/wp-json\/wp\/v2\/pages"}],"about":[{"href":"https:\/\/blogg.folkuniversitetet.nu\/erikan\/wp-json\/wp\/v2\/types\/page"}],"author":[{"embeddable":true,"href":"https:\/\/blogg.folkuniversitetet.nu\/erikan\/wp-json\/wp\/v2\/users\/904"}],"replies":[{"embeddable":true,"href":"https:\/\/blogg.folkuniversitetet.nu\/erikan\/wp-json\/wp\/v2\/comments?post=2948"}],"version-history":[{"count":11,"href":"https:\/\/blogg.folkuniversitetet.nu\/erikan\/wp-json\/wp\/v2\/pages\/2948\/revisions"}],"predecessor-version":[{"id":2961,"href":"https:\/\/blogg.folkuniversitetet.nu\/erikan\/wp-json\/wp\/v2\/pages\/2948\/revisions\/2961"}],"wp:attachment":[{"href":"https:\/\/blogg.folkuniversitetet.nu\/erikan\/wp-json\/wp\/v2\/media?parent=2948"}],"curies":[{"name":"wp","href":"https:\/\/api.w.org\/{rel}","templated":true}]}}