{"id":2880,"date":"2025-11-09T14:03:34","date_gmt":"2025-11-09T13:03:34","guid":{"rendered":"https:\/\/blogg.folkuniversitetet.nu\/erikan\/?page_id=2880"},"modified":"2025-11-11T09:24:16","modified_gmt":"2025-11-11T08:24:16","slug":"lektion-2-8-november","status":"publish","type":"page","link":"https:\/\/blogg.folkuniversitetet.nu\/erikan\/lektion-2-8-november\/","title":{"rendered":"Lektion 2: 8 november"},"content":{"rendered":"<p>Hej allihopa och tack f\u00f6r ig\u00e5r! Ni var j\u00e4tteflitiga p\u00e5 lektionen! (Flitig=diligent).<\/p>\n<p>Det h\u00e4r gjorde vi:<\/p>\n<ol>\n<li><strong>Vad gjorde ni under Allhelgonahelgen?<\/strong> F\u00f6rbered er ett par minuter. Ber\u00e4tta f\u00f6rst i par. Ber\u00e4tta sedan f\u00f6r oss andra<\/li>\n<li><strong>Adjektiv efter verb<\/strong>: Repetition av adjektivets b\u00f6jningar \u2013 en, ett, plural, TB, s. 59. TB, s. 69; g\u00f6r \u00f6vning C i par.<\/li>\n<li><strong>Uttal av vokalerna U, I och Y<\/strong>: TB, s. 73-74. Ljudfilerna 48, 49 och 50.<\/li>\n<li>Kviss (quiz) p\u00e5 <strong>plural.<\/strong><\/li>\n<li><strong>Veckodagarna &amp; tidsadverb:\u00a0<\/strong>TB, s. 72.<\/li>\n<li><strong>Kapitel 7 &#8211; Shopping<\/strong>: TB, s. 75: 1 \u2013 Vad shoppar du? L\u00e4s texterna i par. Vad vill du ha? Vad dr\u00f6mmer du om? Vad beh\u00f6ver du inte? Ber\u00e4tta sedan f\u00f6r varandra och sedan f\u00f6r oss andra.<\/li>\n<li><strong>Pronomen: N\u00e5gon, n\u00e5got, n\u00e5gra \/ ingen, inget, inga<\/strong>. TB, s. 76. \u00d6vning A tillsammans. Extra \u00f6vning: <a href=\"http:\/\/blogg.folkuniversitetet.nu\/erikan\/files\/2025\/11\/Quiz-nagon-inga-etc.pdf\">Quiz n\u00e5gon, inga etc<\/a><\/li>\n<li>Sist repeterade vi <strong>preteritum<\/strong>, TB, s. 72. \u00d6B, s. 65.<\/li>\n<\/ol>\n<p><span style=\"text-decoration: underline\"><strong><span style=\"color: #ff0000;text-decoration: underline\">L\u00e4xor till n\u00e4sta g\u00e5ng:<\/span><\/strong><\/span><\/p>\n<p>Repetera D\u00c5-adverben p\u00e5 sidan 72 i textboken.<\/p>\n<p>Lyssna och l\u00e4s: TB, s. 78-79 (ljudfilerna 52 och 53). Stryk under de tio f\u00f6rsta och 10 sista substantiven (10 first and 10 last nouns) i texterna (=20 substantiv) . Vad heter de i plural?<\/p>\n<p>\u00d6B, s. 62-63: Adjektiv. G\u00f6r \u00f6vning A och B (sidan 64).<\/p>\n<p>\u00d6B, s. 80:6.<\/p>\n<p>\u00d6B, s. 86-88: G\u00f6r alla \u00f6vningar.<\/p>\n<p>Vi ses om en vecka!\u00a0 D\u00e5 ska vi sjunga igen! \ud83c\udf1e\ud83c\udf42\ud83c\udfb6<\/p>\n","protected":false},"excerpt":{"rendered":"<p>Hej allihopa och tack f\u00f6r ig\u00e5r! Ni var j\u00e4tteflitiga p\u00e5 lektionen! (Flitig=diligent). Det h\u00e4r gjorde vi: Vad gjorde ni under Allhelgonahelgen? F\u00f6rbered er ett par minuter. Ber\u00e4tta f\u00f6rst i par. Ber\u00e4tta sedan f\u00f6r oss andra Adjektiv efter verb: Repetition av adjektivets b\u00f6jningar \u2013 en, ett, plural, TB, s. 59. TB, s. 69; g\u00f6r \u00f6vning C [&hellip;]<\/p>\n","protected":false},"author":904,"featured_media":0,"parent":0,"menu_order":0,"comment_status":"closed","ping_status":"closed","template":"","meta":{"footnotes":""},"class_list":["post-2880","page","type-page","status-publish","hentry","post-preview"],"_links":{"self":[{"href":"https:\/\/blogg.folkuniversitetet.nu\/erikan\/wp-json\/wp\/v2\/pages\/2880","targetHints":{"allow":["GET"]}}],"collection":[{"href":"https:\/\/blogg.folkuniversitetet.nu\/erikan\/wp-json\/wp\/v2\/pages"}],"about":[{"href":"https:\/\/blogg.folkuniversitetet.nu\/erikan\/wp-json\/wp\/v2\/types\/page"}],"author":[{"embeddable":true,"href":"https:\/\/blogg.folkuniversitetet.nu\/erikan\/wp-json\/wp\/v2\/users\/904"}],"replies":[{"embeddable":true,"href":"https:\/\/blogg.folkuniversitetet.nu\/erikan\/wp-json\/wp\/v2\/comments?post=2880"}],"version-history":[{"count":12,"href":"https:\/\/blogg.folkuniversitetet.nu\/erikan\/wp-json\/wp\/v2\/pages\/2880\/revisions"}],"predecessor-version":[{"id":2895,"href":"https:\/\/blogg.folkuniversitetet.nu\/erikan\/wp-json\/wp\/v2\/pages\/2880\/revisions\/2895"}],"wp:attachment":[{"href":"https:\/\/blogg.folkuniversitetet.nu\/erikan\/wp-json\/wp\/v2\/media?parent=2880"}],"curies":[{"name":"wp","href":"https:\/\/api.w.org\/{rel}","templated":true}]}}