{"id":2831,"date":"2025-10-30T16:53:02","date_gmt":"2025-10-30T15:53:02","guid":{"rendered":"https:\/\/blogg.folkuniversitetet.nu\/erikan\/?page_id=2831"},"modified":"2025-11-03T22:58:39","modified_gmt":"2025-11-03T21:58:39","slug":"lektion-1314-28-30-oktober","status":"publish","type":"page","link":"https:\/\/blogg.folkuniversitetet.nu\/erikan\/lektion-1314-28-30-oktober\/","title":{"rendered":"Lektion 13+14: 28 &amp; 30 oktober"},"content":{"rendered":"<h5><span style=\"color: #ff0000\">P\u00e5 tisdag gjorde vi detta:<\/span><\/h5>\n<p>Vi b\u00f6rjade med att titta p\u00e5 l\u00e4xorna. Hur gick det med sats-schemana? Det hade ju g\u00e5tt finfint, ni \u00e4r v\u00e4ldigt bra p\u00e5 ordf\u00f6ljd! H\u00e4r \u00e4r facit: <a href=\"http:\/\/blogg.folkuniversitetet.nu\/erikan\/files\/2025\/10\/Huvudsatsschema-laxa-28-oktober.pdf\">Huvudsatsschema l\u00e4xa 28 oktober<\/a>\u00a0 &amp;\u00a0 <a href=\"http:\/\/blogg.folkuniversitetet.nu\/erikan\/files\/2025\/10\/Bisatsschema-laxa-28-oktober.pdf\">Bisatsschema l\u00e4xa 28 oktober<\/a><\/p>\n<p>Sedan gjorde vi en<strong><span style=\"color: #0000ff\"> Kahoot om ordf\u00f6ljd<\/span>. <\/strong>Som sagt; ni \u00e4r verkligen duktiga p\u00e5 detta!<\/p>\n<p>Vi l\u00e4ste sedan texten<strong><span style=\"color: #0000ff\"> \u201dDolda jobb\u201d<\/span> (<\/strong>kapitel 15, TB, s. 202).<strong>\u00a0<\/strong><\/p>\n<p>Vi jobbade med<span style=\"color: #0000ff\"><strong> presens particip <\/strong>och <strong>adjektiv <\/strong>som <\/span><strong><span style=\"color: #0000ff\">substantiv<\/span>: <\/strong>TB, s. 203. \u00d6B, s. 149 \u2013 faktarutan. \u00d6vningen p\u00e5 s. 150.<\/p>\n<p>Sist hade vi en<strong> skriv\u00f6vning<\/strong> d\u00e4r ni fick komplettera dessa meningar: <a href=\"http:\/\/blogg.folkuniversitetet.nu\/erikan\/files\/2025\/10\/Komplettera-meningarna.pdf\">Komplettera meningarna<\/a><em><strong> Jag ska r\u00e4tta era meningar under helgen!<\/strong><\/em><\/p>\n<p><span style=\"text-decoration: underline;color: #800080\"><strong>L\u00e4xor till torsdag:<\/strong><\/span><\/p>\n<p>G\u00f6r \u00f6vningar i NOK-portalen, s\u00e5 m\u00e5nga ni hinner, fr\u00e5n kapitel 12-14. F\u00f6rbered er p\u00e5 att agera chef f\u00f6r ett p\u00e5hittat jobb (a made up job). Jag kommer att f\u00f6rbereda mig p\u00e5 att intervjua n\u00e5gon som s\u00f6ker jobb p\u00e5 en \u00e4ggfarm \ud83e\udd5a\ud83d\udc14 V\u00e4lkomna att s\u00f6ka!<\/p>\n<h5><span style=\"color: #0000ff\">P\u00e5 torsdag gjorde vi det h\u00e4r:<\/span><\/h5>\n<p>Vi l\u00e4ste texten till l\u00e5ten <strong style=\"color: #333333;font-size: 16px\"><a href=\"http:\/\/blogg.folkuniversitetet.nu\/erikan\/files\/2025\/11\/Viking-Leonella.pdf\">Viking Leonella<\/a>.<\/strong><\/p>\n<p>Sedan lyssnade vi p\u00e5 l\u00e5ten och sj\u00f6ng med: \ud83c\udfb6\ud83c\udfb6<\/p>\n<p><iframe title=\"Spotify Embed: Viking Leonella\" style=\"border-radius: 12px\" width=\"100%\" height=\"152\" frameborder=\"0\" allowfullscreen allow=\"autoplay; clipboard-write; encrypted-media; fullscreen; picture-in-picture\" loading=\"lazy\" src=\"https:\/\/open.spotify.com\/embed\/track\/7Mq0sSgiOKr0CU6ryaCYWK?si=b5c30137b0db4fe3&#038;utm_source=oembed\"><\/iframe><\/p>\n<p>Vi l\u00e4ste i textboken, s. 213: Fr\u00e5gor vid en anst\u00e4llningsintervju. D\u00e4refter fick ni intervjua varandra och turades om att vara (took turn being) chef och s\u00f6kande. J\u00e4ttebra jobbat!!<\/p>\n<p>Vi tittade p\u00e5 ett nyhetsinslag fr\u00e5n Aktuellt som handlade om personlighetstester vid anst\u00e4llningar. Vi diskuterade i grupper om det \u00e4r bra eller d\u00e5ligt, f\u00f6r- och nackdelar med denna typ av tester.<\/p>\n<p>Sist lyssnade vi p\u00e5 ljudfil 116, TB, s. 204, \u00f6vning C. Halva klassen fokuserade p\u00e5 Kenneths ber\u00e4ttelse och den andra halvan p\u00e5 Samiras. Ni tog\u00a0 anteckningar och \u00e5terber\u00e4ttade vad som sagts.<\/p>\n<p><span style=\"text-decoration: underline;color: #ff00ff\">\u00a0<strong>L\u00e4xa till tisdag:<\/strong><\/span><\/p>\n<p>L\u00e4s och lyssna: \u201dAtt skriva CV\u201d, TB, s. 206-207, ljudfil 118. L\u00e4s fokusrutan!<\/p>\n<p>\u00d6B, s. 152, \u00f6vn. 3.<\/p>\n<p>\u00d6B, s. 153, \u00f6vn. 5A-C.<\/p>\n<p>\u00d6B, s. 156, \u00f6vn. 7A &amp; B. Ni kan mejla meningarna i B till mig \ud83d\ude0a<\/p>\n<p>&nbsp;<\/p>\n<p>STORT TACK F\u00d6R DEN H\u00c4R VECKAN!! GLAD ALLHELGONA OCH HALLOWEEN!<\/p>\n<p><a href=\"http:\/\/blogg.folkuniversitetet.nu\/erikan\/files\/2025\/11\/PUMPOR.jpg\"><img loading=\"lazy\" decoding=\"async\" class=\"alignnone size-medium wp-image-2850\" src=\"http:\/\/blogg.folkuniversitetet.nu\/erikan\/files\/2025\/11\/PUMPOR-300x207.jpg\" alt=\"\" width=\"300\" height=\"207\" \/><\/a><\/p>\n","protected":false},"excerpt":{"rendered":"<p>P\u00e5 tisdag gjorde vi detta: Vi b\u00f6rjade med att titta p\u00e5 l\u00e4xorna. Hur gick det med sats-schemana? Det hade ju g\u00e5tt finfint, ni \u00e4r v\u00e4ldigt bra p\u00e5 ordf\u00f6ljd! H\u00e4r \u00e4r facit: Huvudsatsschema l\u00e4xa 28 oktober\u00a0 &amp;\u00a0 Bisatsschema l\u00e4xa 28 oktober Sedan gjorde vi en Kahoot om ordf\u00f6ljd. Som sagt; ni \u00e4r verkligen duktiga p\u00e5 detta! [&hellip;]<\/p>\n","protected":false},"author":904,"featured_media":0,"parent":0,"menu_order":0,"comment_status":"closed","ping_status":"closed","template":"","meta":{"footnotes":""},"class_list":["post-2831","page","type-page","status-publish","hentry","post-preview"],"_links":{"self":[{"href":"https:\/\/blogg.folkuniversitetet.nu\/erikan\/wp-json\/wp\/v2\/pages\/2831","targetHints":{"allow":["GET"]}}],"collection":[{"href":"https:\/\/blogg.folkuniversitetet.nu\/erikan\/wp-json\/wp\/v2\/pages"}],"about":[{"href":"https:\/\/blogg.folkuniversitetet.nu\/erikan\/wp-json\/wp\/v2\/types\/page"}],"author":[{"embeddable":true,"href":"https:\/\/blogg.folkuniversitetet.nu\/erikan\/wp-json\/wp\/v2\/users\/904"}],"replies":[{"embeddable":true,"href":"https:\/\/blogg.folkuniversitetet.nu\/erikan\/wp-json\/wp\/v2\/comments?post=2831"}],"version-history":[{"count":12,"href":"https:\/\/blogg.folkuniversitetet.nu\/erikan\/wp-json\/wp\/v2\/pages\/2831\/revisions"}],"predecessor-version":[{"id":2852,"href":"https:\/\/blogg.folkuniversitetet.nu\/erikan\/wp-json\/wp\/v2\/pages\/2831\/revisions\/2852"}],"wp:attachment":[{"href":"https:\/\/blogg.folkuniversitetet.nu\/erikan\/wp-json\/wp\/v2\/media?parent=2831"}],"curies":[{"name":"wp","href":"https:\/\/api.w.org\/{rel}","templated":true}]}}