{"id":2797,"date":"2025-10-25T17:47:52","date_gmt":"2025-10-25T15:47:52","guid":{"rendered":"https:\/\/blogg.folkuniversitetet.nu\/erikan\/?page_id=2797"},"modified":"2025-10-26T09:16:22","modified_gmt":"2025-10-26T08:16:22","slug":"a1-del-2-med-start-den-25-oktober","status":"publish","type":"page","link":"https:\/\/blogg.folkuniversitetet.nu\/erikan\/a1-del-2-med-start-den-25-oktober\/","title":{"rendered":"A1 del 2 med start den 25 oktober"},"content":{"rendered":"<p>Lektion 1: 25 oktober.<\/p>\n<p>Hej alla!<\/p>\n<p>Vad roligt att tr\u00e4ffas idag! Vilket trevligt g\u00e4ng, det ska bli s\u00e5 kul att vara er l\u00e4rare p\u00e5 kursen! \ud83d\ude0a<\/p>\n<p>Idag b\u00f6rjade vi med att presentera oss och l\u00e4ra k\u00e4nna varandra lite.<\/p>\n<p>Vi jobbade i textboken med ord f\u00f6r familj och sl\u00e4kt (sidan 64-65). H\u00e4r hittar ni den lilla filmen p\u00e5 Youtube: <a href=\"https:\/\/www.youtube.com\/watch?v=N2zJXpORfhc\">Min familj<\/a><\/p>\n<p>Vi l\u00e4rde oss possessiva pronomen, TB (textboken), s. 67: Min, din, hans, hennes, hens, v\u00e5r, er, deras. Lathund (cheat sheet or literally &#8221;lazy dog&#8221;) h\u00e4r: <a href=\"http:\/\/blogg.folkuniversitetet.nu\/erikan\/files\/2025\/10\/Pronomen-uppdaterad.pdf\">Pronomen uppdaterad<\/a>\u00a0 \u00a0 You find the possessive pronouns at the bottom of the sheet.<\/p>\n<p>Vi hann ocks\u00e5 med att (we also had time to) jobba med relativa pronomenet &#8221;<strong>som<\/strong>&#8221;: T ex (for example): &#8221;Jag har elva elever. De \u00e4r j\u00e4tteduktiga. = Jag har elva elever <strong>som<\/strong> \u00e4r j\u00e4tteduktiga (hence, &#8221;som&#8221;, as relative pronoun, means &#8221;that&#8221;).<\/p>\n<p>Vi lyssnade p\u00e5 musik och ni var j\u00e4ttemodiga (superbrave) som sj\u00f6ng!<\/p>\n<p>Musikvideo: <a href=\"https:\/\/www.youtube.com\/watch?v=701LKDePias\">H\u00e4r dansar herr gurka<\/a><\/p>\n<p>Orginals\u00e5ngen: https:\/\/open.spotify.com\/track\/3kb8vRmb21tXX3wqDnhtcQ?si=1e7d506fbd6a4225<\/p>\n<p>Sist (last) minglade vi (we mingled) och fr\u00e5gade varandra vad vi ska g\u00f6ra i helgen. BRA JOBBAT!!<\/p>\n<p><span style=\"color: #ff0000\"><strong>Kom nu ih\u00e5g att det INTE \u00e4r lektion p\u00e5 l\u00f6rdag den 1\/11. Vi ses n\u00e4sta g\u00e5ng den 8\/11. Det ser jag fram emot!<\/strong><\/span><\/p>\n<p><span style=\"text-decoration: underline\"><strong>Till dess (until then) kan ni g\u00f6ra detta i <span style=\"color: #ff00ff;text-decoration: underline\">L\u00c4XA<\/span><\/strong><\/span>:<\/p>\n<p>Textboken: Sidan 65, \u00f6vning (exercise) C. Sidan 67, \u00f6vn. B. Sidan 68, \u00f6vn. C (ljudfil 45).<\/p>\n<p>\u00d6vningsboken: Sidan 71-72 (\u201dRepetera\u201d).<\/p>\n<p>\u00d6va pluralformerna: Ni kan anv\u00e4nda mina tabeller (<a href=\"https:\/\/blogg.folkuniversitetet.nu\/erikan\/files\/2025\/01\/Pluralandelser-tabell-december-24.pdf\">h\u00e4r<\/a>, <a href=\"https:\/\/blogg.folkuniversitetet.nu\/erikan\/files\/2025\/10\/plural-flodesschema-En-ord.pdf\">h\u00e4r<\/a> och <a href=\"https:\/\/blogg.folkuniversitetet.nu\/erikan\/files\/2025\/10\/plural-flodesschema-ett-ord.pdf\">h\u00e4r<\/a>) och fl\u00f6desschemat (flow chart) i \u00f6vningsboken p\u00e5 sidan 48.<\/p>\n<p>Hitta (find) alla substantiv i texten \u201cFelicias sl\u00e4kt\u201d p\u00e5 s. 64 i textboken. Skriv dem i b\u00e5de singular och plural i den h\u00e4r <a href=\"https:\/\/blogg.folkuniversitetet.nu\/erikan\/files\/2024\/03\/Substantivens-former_tom.pdf\">tabellen<\/a>. Skriv obest\u00e4md och best\u00e4md form i singular och obest\u00e4md form i plural. <strong>We will have a small quiz on pluralforms next time!<\/strong><\/p>\n<p>Skriv en liten text om din familj om du vill! (you can make up something if it feels too private!) Mejla den till mig om du vill ha feedback \ud83d\ude0a Ni kan anv\u00e4nda texten jag bifogade (=attached) i mejlet som inspiration.<\/p>\n<p><a href=\"http:\/\/blogg.folkuniversitetet.nu\/erikan\/files\/2025\/09\/hosttrad-hos-momo.png\"><img loading=\"lazy\" decoding=\"async\" class=\"alignnone size-medium wp-image-2732\" src=\"http:\/\/blogg.folkuniversitetet.nu\/erikan\/files\/2025\/09\/hosttrad-hos-momo-300x237.png\" alt=\"\" width=\"300\" height=\"237\" \/><\/a><\/p>\n<p>Vi ses om tv\u00e5 veckor!<\/p>\n<p>Glad Allhelgona! Happy Hallowen! \ud83c\udf83\ud83e\uddd9\ud83c\udf42\ud83c\udf1e<\/p>\n","protected":false},"excerpt":{"rendered":"<p>Lektion 1: 25 oktober. Hej alla! Vad roligt att tr\u00e4ffas idag! Vilket trevligt g\u00e4ng, det ska bli s\u00e5 kul att vara er l\u00e4rare p\u00e5 kursen! \ud83d\ude0a Idag b\u00f6rjade vi med att presentera oss och l\u00e4ra k\u00e4nna varandra lite. Vi jobbade i textboken med ord f\u00f6r familj och sl\u00e4kt (sidan 64-65). H\u00e4r hittar ni den lilla [&hellip;]<\/p>\n","protected":false},"author":904,"featured_media":0,"parent":0,"menu_order":0,"comment_status":"closed","ping_status":"closed","template":"","meta":{"footnotes":""},"class_list":["post-2797","page","type-page","status-publish","hentry","post-preview"],"_links":{"self":[{"href":"https:\/\/blogg.folkuniversitetet.nu\/erikan\/wp-json\/wp\/v2\/pages\/2797","targetHints":{"allow":["GET"]}}],"collection":[{"href":"https:\/\/blogg.folkuniversitetet.nu\/erikan\/wp-json\/wp\/v2\/pages"}],"about":[{"href":"https:\/\/blogg.folkuniversitetet.nu\/erikan\/wp-json\/wp\/v2\/types\/page"}],"author":[{"embeddable":true,"href":"https:\/\/blogg.folkuniversitetet.nu\/erikan\/wp-json\/wp\/v2\/users\/904"}],"replies":[{"embeddable":true,"href":"https:\/\/blogg.folkuniversitetet.nu\/erikan\/wp-json\/wp\/v2\/comments?post=2797"}],"version-history":[{"count":15,"href":"https:\/\/blogg.folkuniversitetet.nu\/erikan\/wp-json\/wp\/v2\/pages\/2797\/revisions"}],"predecessor-version":[{"id":2819,"href":"https:\/\/blogg.folkuniversitetet.nu\/erikan\/wp-json\/wp\/v2\/pages\/2797\/revisions\/2819"}],"wp:attachment":[{"href":"https:\/\/blogg.folkuniversitetet.nu\/erikan\/wp-json\/wp\/v2\/media?parent=2797"}],"curies":[{"name":"wp","href":"https:\/\/api.w.org\/{rel}","templated":true}]}}