{"id":20,"date":"2023-05-15T11:18:53","date_gmt":"2023-05-15T09:18:53","guid":{"rendered":"https:\/\/blogg.folkuniversitetet.nu\/erikan\/?page_id=20"},"modified":"2026-02-09T18:05:36","modified_gmt":"2026-02-09T17:05:36","slug":"lankar","status":"publish","type":"page","link":"https:\/\/blogg.folkuniversitetet.nu\/erikan\/lankar\/","title":{"rendered":"L\u00e4nkar till bloggar, ordlistor, musik, TV och radio"},"content":{"rendered":"<p><strong><span style=\"color: #800080\">Blogg p\u00e5 l\u00e4ttl\u00e4st svenska (Sara L\u00f6vestam):<\/span><\/strong><\/p>\n<p><a href=\"https:\/\/saraslattlasta.wordpress.com\/om\/\">Om den h\u00e4r bloggen | Sara L\u00f6vestams l\u00e4ttl\u00e4sta blogg (wordpress.com)<\/a><\/p>\n<p><span style=\"color: #800080\"><strong>Lexikon\/ordlistor:<\/strong><\/span><\/p>\n<p>Svenska akademiens ordlistor, med uttal:<\/p>\n<blockquote class=\"wp-embedded-content\" data-secret=\"d71YqRd1GO\"><p><a href=\"https:\/\/svenska.se\/tre\/\">Tre<\/a><\/p><\/blockquote>\n<p><iframe loading=\"lazy\" class=\"wp-embedded-content\" sandbox=\"allow-scripts\" security=\"restricted\" style=\"position: absolute; visibility: hidden;\" title=\"&#8221;Tre&#8221; &#8212; svenska.se\" src=\"https:\/\/svenska.se\/tre\/embed\/#?secret=usZOcXxyZh#?secret=d71YqRd1GO\" data-secret=\"d71YqRd1GO\" width=\"600\" height=\"338\" frameborder=\"0\" marginwidth=\"0\" marginheight=\"0\" scrolling=\"no\"><\/iframe><\/p>\n<p><a href=\"https:\/\/folkets-lexikon.csc.kth.se\/folkets\/\">Folkets lexikon<\/a> (ocks\u00e5 med uttal)<\/p>\n<p><span style=\"color: #993366\"><strong>Svensk TV p\u00e5 webben:<\/strong><\/span><\/p>\n<p><a href=\"https:\/\/www.svtplay.se\/\">SVT Play<\/a><\/p>\n<p><span style=\"color: #993366\"><strong>Svensk radio p\u00e5 webben:<\/strong><\/span><\/p>\n<p><a href=\"https:\/\/sverigesradio.se\/radioswedenpalattsvenska\">Nyheter p\u00e5 l\u00e4tt svenska<\/a><\/p>\n<p>&nbsp;<\/p>\n<p><strong><span style=\"text-decoration: underline\"><span style=\"color: #800080;text-decoration: underline\">SVENSK MUSIK<\/span> <\/span>&#8211; <\/strong>SJUNG g\u00e4rna med i texterna!<\/p>\n<p><a href=\"https:\/\/www.youtube.com\/watch?v=tzln6GO4yHY\">LALEH &#8211; Bara f\u00e5 va mig sj\u00e4lv (Official Video)<\/a><\/p>\n<p><a href=\"https:\/\/www.youtube.com\/watch?v=xm7leI7k04I\">Sofia Jannok och Annika Norlin \u2013 &#8221;Mitt skinn och ben&#8221; (youtube.com)<\/a><\/p>\n<p><a href=\"https:\/\/www.youtube.com\/watch?v=UGc7c8U2aps\">(1305) SOFIA JANNOK &#8211; SN\u00d6LEJONINNA (Official) &#8211; YouTube<\/a><\/p>\n<p><a href=\"https:\/\/www.youtube.com\/watch?v=LI5P5qTpX0E\">Hooja &#8211; Banan Melon Kiwi &amp; Citron (Musikvideo)<\/a><\/p>\n<p>&#8221;Svensk&#8221; jazz:<\/p>\n<p><iframe title=\"Spotify Embed: Svenska jazzmusiker\" style=\"border-radius: 12px\" width=\"100%\" height=\"352\" frameborder=\"0\" allowfullscreen allow=\"autoplay; clipboard-write; encrypted-media; fullscreen; picture-in-picture\" loading=\"lazy\" src=\"https:\/\/open.spotify.com\/embed\/playlist\/7vUBn4kRIBTLATHcAeHUSA?si=76fed9e525704a55&amp;utm_source=oembed\"><\/iframe><\/p>\n<p>Mer svensk musik:<\/p>\n<p><a href=\"https:\/\/www.youtube.com\/watch?v=2z4WvIxT4w8&amp;list=PLJJ5_xfxpn6WMo-hFl2fferUlLCB_-4n2\">LALEH &#8211; Goliat (Lyric video with fans) (youtube.com)<\/a><\/p>\n<p><a href=\"https:\/\/www.youtube.com\/watch?v=t52rZS-XZ-w\">(604) LALEH &#8211; Tack F\u00f6rl\u00e5t (Official Video) &#8211; YouTube<\/a><\/p>\n<p><strong>Annika Norlin<\/strong> (aka <strong>S\u00e4kert<\/strong> aka <strong>Hello Saferide<\/strong>) \u00e4r en personlig favorit!<\/p>\n<p><a href=\"https:\/\/open.spotify.com\/track\/5W85yorVH2r2QvhLaiGPRC\">Min hemstad \u2022 S\u00e4kert! (spotify.com)<\/a> Om vilken stad handlar DIN hemstads-s\u00e5ng?<\/p>\n<p>K\u00e4rlekss\u00e5ng av Kiruna-bandet <strong>Aldrig i livet<\/strong>:<\/p>\n<p><strong><a href=\"https:\/\/www.youtube.com\/watch?v=-eQNaoDwYH8\">(604) Aldrigilivet &#8211; Fly f\u00f6r\u00e4lskad &#8211; YouTube<\/a><\/strong><\/p>\n<p>Fri av <strong>Silvana Imam<\/strong>:<\/p>\n<p><iframe title=\"Spotify Embed: Fri\" style=\"border-radius: 12px\" width=\"100%\" height=\"152\" frameborder=\"0\" allowfullscreen allow=\"autoplay; clipboard-write; encrypted-media; fullscreen; picture-in-picture\" loading=\"lazy\" src=\"https:\/\/open.spotify.com\/embed\/track\/4tdHcDB1ITxgXNeEq5uV3M?si=8f166c3239344858&amp;utm_source=oembed\"><\/iframe><\/p>\n<p><strong>Och s\u00e5 n\u00e5gra musikaliska klassiker:<\/strong><\/p>\n<p><a href=\"https:\/\/open.spotify.com\/track\/6lwp0lOawQBgUa9rakKhiW?si=o4fG4qDKSaG0HRZrsPiixQ&amp;nd=1\">Balladen om Fredrik \u00c5kare \u2022 Cornelis Vreeswijk (spotify.com)<\/a>\u00a0 &#8211; en av v\u00e5ra mest \u00e4lskade viss\u00e5ngare<\/p>\n<p><strong>Cornelis<\/strong> tolkar Johnny Cash &amp; June Carter:<\/p>\n<p><iframe title=\"Spotify Embed: Om jag vore arbetsl\u00f6s\" style=\"border-radius: 12px\" width=\"100%\" height=\"152\" frameborder=\"0\" allowfullscreen allow=\"autoplay; clipboard-write; encrypted-media; fullscreen; picture-in-picture\" loading=\"lazy\" src=\"https:\/\/open.spotify.com\/embed\/track\/5jaJ4OXT8CvO7bqoiF7MXs?si=c9a6363a46aa4092&amp;utm_source=oembed\"><\/iframe><\/p>\n<p>Svensk 80-talspunk med <strong>EBBA GR\u00d6N<\/strong>:<\/p>\n<p><iframe title=\"Spotify Embed: Staten &amp; kapitalet\" style=\"border-radius: 12px\" width=\"100%\" height=\"152\" frameborder=\"0\" allowfullscreen allow=\"autoplay; clipboard-write; encrypted-media; fullscreen; picture-in-picture\" loading=\"lazy\" src=\"https:\/\/open.spotify.com\/embed\/track\/4bofKUmzk2mYjUlsL3NVeF?si=95603fc6624f4555&amp;utm_source=oembed\"><\/iframe><\/p>\n<p>1700-talsskalden <strong>Bellman<\/strong> tolkad av <strong>Imperiet<\/strong>:<\/p>\n<p><iframe title=\"Spotify Embed: M\u00e4rk hur v\u00e5r skugga\" style=\"border-radius: 12px\" width=\"100%\" height=\"152\" frameborder=\"0\" allowfullscreen allow=\"autoplay; clipboard-write; encrypted-media; fullscreen; picture-in-picture\" loading=\"lazy\" src=\"https:\/\/open.spotify.com\/embed\/track\/0BeXq6tkxaPcomaTdpogj0?si=302a9349510045ed&amp;utm_source=oembed\"><\/iframe><\/p>\n<p>&nbsp;<\/p>\n<p>Musikaliska samarbeten p\u00e5 samiska och svenska:<\/p>\n<p>Rissaj\u00e1vri &#8211; <strong>Sofia Jannok<\/strong> &amp; <strong>Familjen<\/strong> &amp; <strong>Andreas Tilliander<\/strong><\/p>\n<p><iframe title=\"Spotify Embed: Rissaj\u00e1vri\" style=\"border-radius: 12px\" width=\"100%\" height=\"152\" frameborder=\"0\" allowfullscreen allow=\"autoplay; clipboard-write; encrypted-media; fullscreen; picture-in-picture\" loading=\"lazy\" src=\"https:\/\/open.spotify.com\/embed\/track\/174gz3NV8vmahu35jpiACo?si=fc6339d6f23f480c&amp;utm_source=oembed\"><\/iframe><\/p>\n<p>&nbsp;<\/p>\n<p>&nbsp;<\/p>\n<p>&nbsp;<\/p>\n<p>&nbsp;<\/p>\n<p>&nbsp;<\/p>\n","protected":false},"excerpt":{"rendered":"<p>Blogg p\u00e5 l\u00e4ttl\u00e4st svenska (Sara L\u00f6vestam): Om den h\u00e4r bloggen | Sara L\u00f6vestams l\u00e4ttl\u00e4sta blogg (wordpress.com) Lexikon\/ordlistor: Svenska akademiens ordlistor, med uttal: Tre Folkets lexikon (ocks\u00e5 med uttal) Svensk TV p\u00e5 webben: SVT Play Svensk radio p\u00e5 webben: Nyheter p\u00e5 l\u00e4tt svenska &nbsp; SVENSK MUSIK &#8211; SJUNG g\u00e4rna med i texterna! LALEH &#8211; Bara f\u00e5 [&hellip;]<\/p>\n","protected":false},"author":107,"featured_media":0,"parent":0,"menu_order":0,"comment_status":"closed","ping_status":"closed","template":"","meta":{"footnotes":""},"class_list":["post-20","page","type-page","status-publish","hentry","post-preview"],"_links":{"self":[{"href":"https:\/\/blogg.folkuniversitetet.nu\/erikan\/wp-json\/wp\/v2\/pages\/20","targetHints":{"allow":["GET"]}}],"collection":[{"href":"https:\/\/blogg.folkuniversitetet.nu\/erikan\/wp-json\/wp\/v2\/pages"}],"about":[{"href":"https:\/\/blogg.folkuniversitetet.nu\/erikan\/wp-json\/wp\/v2\/types\/page"}],"author":[{"embeddable":true,"href":"https:\/\/blogg.folkuniversitetet.nu\/erikan\/wp-json\/wp\/v2\/users\/107"}],"replies":[{"embeddable":true,"href":"https:\/\/blogg.folkuniversitetet.nu\/erikan\/wp-json\/wp\/v2\/comments?post=20"}],"version-history":[{"count":45,"href":"https:\/\/blogg.folkuniversitetet.nu\/erikan\/wp-json\/wp\/v2\/pages\/20\/revisions"}],"predecessor-version":[{"id":3137,"href":"https:\/\/blogg.folkuniversitetet.nu\/erikan\/wp-json\/wp\/v2\/pages\/20\/revisions\/3137"}],"wp:attachment":[{"href":"https:\/\/blogg.folkuniversitetet.nu\/erikan\/wp-json\/wp\/v2\/media?parent=20"}],"curies":[{"name":"wp","href":"https:\/\/api.w.org\/{rel}","templated":true}]}}