{"id":179,"date":"2023-06-10T15:14:04","date_gmt":"2023-06-10T13:14:04","guid":{"rendered":"https:\/\/blogg.folkuniversitetet.nu\/erikan\/?page_id=179"},"modified":"2026-03-01T22:18:43","modified_gmt":"2026-03-01T21:18:43","slug":"tips-pa-svenska-serier-och-filmer","status":"publish","type":"page","link":"https:\/\/blogg.folkuniversitetet.nu\/erikan\/tips-pa-svenska-serier-och-filmer\/","title":{"rendered":"Tips p\u00e5 svenska serier och filmer"},"content":{"rendered":"<p><strong>H\u00e4r \u00e4r n\u00e5gra svenska serier och filmer som jag tycker \u00e4r bra:<\/strong><\/p>\n<p><span style=\"color: #993366\"><strong>Grannar &#8211; en rolig tecknad serie p\u00e5 l\u00e4tt svenska! <\/strong><\/span><a href=\"https:\/\/urplay.se\/program\/236393-grannar-flytta-in\">Grannar: Flytta in | UR Play<\/a><\/p>\n<p><span style=\"color: #993366\"><strong>Hitta hem &#8211; serie p\u00e5 lite mer avancerad svenska <\/strong><\/span><a href=\"https:\/\/urplay.se\/program\/217838-hitta-hem-hur-allt-borjar\">Hitta hem: Hur allt b\u00f6rjar | UR Play<\/a><\/p>\n<p><span style=\"color: #ff00ff\"><strong>Deckare (detective\/criminal series)<\/strong><\/span><span style=\"color: #ff00ff\"><strong>:<\/strong><\/span><\/p>\n<p><span style=\"color: #000000\">Bron (SVTPlay)<\/span><\/p>\n<p><span style=\"color: #000000\">G\u00e5smamman (TV4Play)<\/span><\/p>\n<p><span style=\"color: #000000\">Top Dogs (TV4Play)<\/span><\/p>\n<p><span style=\"color: #000000\">Snabba cash (Netflix)<\/span><\/p>\n<p><span style=\"color: #000000\">St\u00f6rst av allt (Netflix)<\/span><\/p>\n<p><span style=\"color: #000000\">Fartblinda (TV4Play)<\/span><\/p>\n<p>\u00c5remorden (Netflix)<\/p>\n<p><span style=\"color: #ff00ff\"><strong>Drama\/samh\u00e4lle:<\/strong><\/span><\/p>\n<p>Jag for ner till bror (gripande ber\u00e4ttelse om relationen mellan tv\u00e5 vuxna syskon i norra Sverige, efter b\u00f6cker av Karin Smirnoff, finns p\u00e5 SVT Play)<\/p>\n<p><span style=\"color: #000000\">Bonusfamiljen (brukar finnas p\u00e5 t ex Netflix och SVTPlay)<\/span><\/p>\n<p><span style=\"color: #000000\">V\u00e5r tid \u00e4r nu (historiskt drama som ofta finns p\u00e5 SVT Play)\u00a0<\/span><\/p>\n<p>Den tunna bl\u00e5 linjen (drama om poliser och andra inv\u00e5nare i Malm\u00f6, SVT Play)<\/p>\n<p><span style=\"color: #ff00ff\"><strong>Barn\/familj:<\/strong><\/span><\/p>\n<p>Vi p\u00e5 Saltkr\u00e5kan 2025 (nyfilmatisering av Astrid Lindgrens \u00e4lskade ber\u00e4ttelse om n\u00e5gra barns sommar\u00e4ventyr i Stockholms sk\u00e4rg\u00e5rd, SVT Play)<\/p>\n<p>N\u00e5gra av Hayao Miyasakis animerade filmer finns p\u00e5 SVT Play med svenskt tal: Ponyo p\u00e5 klippan vid havet, Kikis Expressbud, Min granne Totoro.<\/p>\n<p><span style=\"color: #ff00ff\"><strong>Drama\/komedier:<\/strong><\/span><\/p>\n<p><span style=\"color: #000000\">Solsidan, \u00e5tta s\u00e4songer (TV4Play)<\/span><\/p>\n<p><span style=\"color: #000000\">K\u00e4rlek och anarki (Netflix)<\/span><\/p>\n<p><span style=\"color: #000000\">Barracuda Queens (Netflix)<\/span><\/p>\n<p><span style=\"color: #800080\"><strong>FILMER:<\/strong><\/span><\/p>\n<p><span style=\"color: #000000\">Sameblod (av Amanda Kernell) &#8211; historiskt drama om en flicka som l\u00e4mnar S\u00e1pmi f\u00f6r att studera i Uppsala under 1930-talet.<\/span><\/p>\n<p><span style=\"color: #000000\">Fucking \u00c5m\u00e5l (av Lukas Moodysson) &#8211; 90-talsklassiker om k\u00e4rlekens kraft och om att vara ung i en svensk sm\u00e5stad. <\/span><\/p>\n<p><span style=\"color: #000000\">Fanny och Alexander (av Ingmar Bergman) &#8211; episk ber\u00e4ttelse om sp\u00e4nningarna i en familj vid sekelskiftet 1900.\u00a0<\/span><\/p>\n<p><span style=\"color: #800080\"><strong>N\u00e4r ni inte har s\u00e5 mycket tid &#8211; kortfilmer (short\u00a0 movies):<\/strong><\/span><\/p>\n<p><a href=\"https:\/\/www.svtplay.se\/kategori\/kortfilmer\">Kortfilmer p\u00e5 SVTPlay<\/a><\/p>\n<p>&nbsp;<\/p>\n<p>&nbsp;<\/p>\n<p>&nbsp;<\/p>\n","protected":false},"excerpt":{"rendered":"<p>H\u00e4r \u00e4r n\u00e5gra svenska serier och filmer som jag tycker \u00e4r bra: Grannar &#8211; en rolig tecknad serie p\u00e5 l\u00e4tt svenska! Grannar: Flytta in | UR Play Hitta hem &#8211; serie p\u00e5 lite mer avancerad svenska Hitta hem: Hur allt b\u00f6rjar | UR Play Deckare (detective\/criminal series): Bron (SVTPlay) G\u00e5smamman (TV4Play) Top Dogs (TV4Play) Snabba [&hellip;]<\/p>\n","protected":false},"author":904,"featured_media":0,"parent":0,"menu_order":0,"comment_status":"closed","ping_status":"closed","template":"","meta":{"footnotes":""},"class_list":["post-179","page","type-page","status-publish","hentry","post-preview"],"_links":{"self":[{"href":"https:\/\/blogg.folkuniversitetet.nu\/erikan\/wp-json\/wp\/v2\/pages\/179","targetHints":{"allow":["GET"]}}],"collection":[{"href":"https:\/\/blogg.folkuniversitetet.nu\/erikan\/wp-json\/wp\/v2\/pages"}],"about":[{"href":"https:\/\/blogg.folkuniversitetet.nu\/erikan\/wp-json\/wp\/v2\/types\/page"}],"author":[{"embeddable":true,"href":"https:\/\/blogg.folkuniversitetet.nu\/erikan\/wp-json\/wp\/v2\/users\/904"}],"replies":[{"embeddable":true,"href":"https:\/\/blogg.folkuniversitetet.nu\/erikan\/wp-json\/wp\/v2\/comments?post=179"}],"version-history":[{"count":24,"href":"https:\/\/blogg.folkuniversitetet.nu\/erikan\/wp-json\/wp\/v2\/pages\/179\/revisions"}],"predecessor-version":[{"id":3273,"href":"https:\/\/blogg.folkuniversitetet.nu\/erikan\/wp-json\/wp\/v2\/pages\/179\/revisions\/3273"}],"wp:attachment":[{"href":"https:\/\/blogg.folkuniversitetet.nu\/erikan\/wp-json\/wp\/v2\/media?parent=179"}],"curies":[{"name":"wp","href":"https:\/\/api.w.org\/{rel}","templated":true}]}}