{"id":14,"date":"2023-05-15T11:16:33","date_gmt":"2023-05-15T09:16:33","guid":{"rendered":"https:\/\/blogg.folkuniversitetet.nu\/erikan\/?page_id=14"},"modified":"2025-03-23T13:24:31","modified_gmt":"2025-03-23T12:24:31","slug":"vem-ar-anna","status":"publish","type":"page","link":"https:\/\/blogg.folkuniversitetet.nu\/erikan\/vem-ar-anna\/","title":{"rendered":"Vem \u00e4r Anna?"},"content":{"rendered":"<p>Jag kommer fr\u00e5n v\u00e5r nordligaste stad men nu bor jag i Uppsala. Eftersom jag tycker mycket om spr\u00e5k och att tr\u00e4ffa nya m\u00e4nniskor passar det mig j\u00e4ttebra att vara kursledare i svenska p\u00e5 Folkuniversitetet! Jag undervisar b\u00e5de i Stockholm och i Uppsala.<\/p>\n<p>N\u00e5got annat som jag gillar att g\u00f6ra \u00e4r att g\u00e5 l\u00e5nga promenader med familjens hund, g\u00e4rna i skogen. Men jag tycker inte om att plocka b\u00e4r och svamp, det \u00e4r s\u00e5 l\u00e5ngtr\u00e5kigt. Bl\u00e5b\u00e4rspaj \u00e4r gott, och hjortron med vaniljglass &#8211; men n\u00e5gon annan f\u00e5r plocka b\u00e4ren!<\/p>\n<p><a href=\"http:\/\/blogg.folkuniversitetet.nu\/erikan\/files\/2023\/05\/beach-dog.jpg\"><img loading=\"lazy\" decoding=\"async\" class=\"alignnone size-medium wp-image-54\" src=\"http:\/\/blogg.folkuniversitetet.nu\/erikan\/files\/2023\/05\/beach-dog-240x300.jpg\" alt=\"\" width=\"240\" height=\"300\" srcset=\"https:\/\/blogg.folkuniversitetet.nu\/erikan\/files\/2023\/05\/beach-dog-240x300.jpg 240w, https:\/\/blogg.folkuniversitetet.nu\/erikan\/files\/2023\/05\/beach-dog-819x1024.jpg 819w, https:\/\/blogg.folkuniversitetet.nu\/erikan\/files\/2023\/05\/beach-dog-768x960.jpg 768w, https:\/\/blogg.folkuniversitetet.nu\/erikan\/files\/2023\/05\/beach-dog-676x845.jpg 676w, https:\/\/blogg.folkuniversitetet.nu\/erikan\/files\/2023\/05\/beach-dog.jpg 1078w\" sizes=\"auto, (max-width: 240px) 100vw, 240px\" \/><\/a><\/p>\n<p>Elvis the dog<\/p>\n","protected":false},"excerpt":{"rendered":"<p>Jag kommer fr\u00e5n v\u00e5r nordligaste stad men nu bor jag i Uppsala. Eftersom jag tycker mycket om spr\u00e5k och att tr\u00e4ffa nya m\u00e4nniskor passar det mig j\u00e4ttebra att vara kursledare i svenska p\u00e5 Folkuniversitetet! Jag undervisar b\u00e5de i Stockholm och i Uppsala. N\u00e5got annat som jag gillar att g\u00f6ra \u00e4r att g\u00e5 l\u00e5nga promenader med [&hellip;]<\/p>\n","protected":false},"author":107,"featured_media":0,"parent":0,"menu_order":0,"comment_status":"closed","ping_status":"closed","template":"","meta":{"footnotes":""},"class_list":["post-14","page","type-page","status-publish","hentry","post-preview"],"_links":{"self":[{"href":"https:\/\/blogg.folkuniversitetet.nu\/erikan\/wp-json\/wp\/v2\/pages\/14","targetHints":{"allow":["GET"]}}],"collection":[{"href":"https:\/\/blogg.folkuniversitetet.nu\/erikan\/wp-json\/wp\/v2\/pages"}],"about":[{"href":"https:\/\/blogg.folkuniversitetet.nu\/erikan\/wp-json\/wp\/v2\/types\/page"}],"author":[{"embeddable":true,"href":"https:\/\/blogg.folkuniversitetet.nu\/erikan\/wp-json\/wp\/v2\/users\/107"}],"replies":[{"embeddable":true,"href":"https:\/\/blogg.folkuniversitetet.nu\/erikan\/wp-json\/wp\/v2\/comments?post=14"}],"version-history":[{"count":6,"href":"https:\/\/blogg.folkuniversitetet.nu\/erikan\/wp-json\/wp\/v2\/pages\/14\/revisions"}],"predecessor-version":[{"id":2456,"href":"https:\/\/blogg.folkuniversitetet.nu\/erikan\/wp-json\/wp\/v2\/pages\/14\/revisions\/2456"}],"wp:attachment":[{"href":"https:\/\/blogg.folkuniversitetet.nu\/erikan\/wp-json\/wp\/v2\/media?parent=14"}],"curies":[{"name":"wp","href":"https:\/\/api.w.org\/{rel}","templated":true}]}}