{"id":1315,"date":"2024-05-18T18:47:56","date_gmt":"2024-05-18T16:47:56","guid":{"rendered":"https:\/\/blogg.folkuniversitetet.nu\/erikan\/?page_id=1315"},"modified":"2024-06-09T11:49:55","modified_gmt":"2024-06-09T09:49:55","slug":"lektion-10-16-maj","status":"publish","type":"page","link":"https:\/\/blogg.folkuniversitetet.nu\/erikan\/lektion-10-16-maj\/","title":{"rendered":"Lektion 10: 16 maj"},"content":{"rendered":"<p>Allt roligt har ett slut, s\u00e5 \u00e4ven denna kurs. Idag har vi haft den allra sista lektionen \ud83d\ude22<\/p>\n<p>Detta gjorde vi:<\/p>\n<ul>\n<li>Fr\u00e5gor om <strong>l\u00e4xorna<\/strong>?<\/li>\n<li>Prepositioner f\u00f6r platser:<strong> i<\/strong> eller <strong>p\u00e5<\/strong>? TB, s. 110<\/li>\n<li><strong>NG-ljudet<\/strong>: TB, s. 110: Vagn, ugn, en unge, flera ungar, tanke, tankar (bilen), Frankrike\u2026<\/li>\n<li><strong>Texten om Sverige<\/strong> \u2013 del 2. TB, s. 114. Ni st\u00e4llde fr\u00e5gor till varandra fr\u00e5n sidan 115.<\/li>\n<\/ul>\n<p>RAST<\/p>\n<ul>\n<li><strong>Picknick<\/strong> i en park med musik och konversationer p\u00e5 svenska. <em><strong><span style=\"color: #ff99cc\">TACK f\u00f6r den j\u00e4ttetrevliga stunden i Observatorieparken!!<\/span> <\/strong><\/em>Vi \u00e5t snacks och sk\u00e5lade f\u00f6r v\u00e5r kurs och f\u00f6r sommaren och sj\u00f6ng svenska l\u00e5tar av Laleh!<\/li>\n<\/ul>\n<p>Spellista:<\/p>\n<p><iframe title=\"Spotify Embed: Svenska avslutning\" style=\"border-radius: 12px\" width=\"100%\" height=\"352\" frameborder=\"0\" allowfullscreen allow=\"autoplay; clipboard-write; encrypted-media; fullscreen; picture-in-picture\" loading=\"lazy\" src=\"https:\/\/open.spotify.com\/embed\/playlist\/70VJtirDC102dldvHlgcOv?si=98e9ffdb6da04cdc&#038;utm_source=oembed\"><\/iframe><\/p>\n<p><span style=\"color: #ff99cc\"><strong>L\u00e5ttexter:<\/strong><\/span><\/p>\n<p><a href=\"http:\/\/blogg.folkuniversitetet.nu\/erikan\/files\/2024\/05\/Socker-och-vatten.pdf\">Socker och vatten<\/a><\/p>\n<p><a href=\"http:\/\/blogg.folkuniversitetet.nu\/erikan\/files\/2024\/05\/Kom-Tilda.pdf\">Kom Tilda<\/a><\/p>\n<p>\u201dL\u00c4XA\u201d: TB, s. 120: SKRIV n\u00e5gra meningar om ett (valfritt) land. Mejla till mig s\u00e5 \u201dr\u00e4ttar\u201d jag \ud83d\ude0a<\/p>\n<p><span style=\"color: #800080\"><strong>Anteckningar fr\u00e5n dagens lektion:<\/strong><\/span><\/p>\n<p><a href=\"http:\/\/blogg.folkuniversitetet.nu\/erikan\/files\/2024\/06\/Anteckningar-sista-lektionen.pdf\">Anteckningar sista lektionen<\/a><\/p>\n<p>Det var allt f\u00f6r denna g\u00e5ng och ni ska ha ett STORT TACK f\u00f6r denna tid!<\/p>\n<p>GLAD SOMMAR allihopa! \ud83e\udd8b\ud83e\udd8b<\/p>\n<p><a href=\"http:\/\/blogg.folkuniversitetet.nu\/erikan\/files\/2023\/05\/beach-dog.jpg\"><img loading=\"lazy\" decoding=\"async\" class=\"alignnone size-medium wp-image-54\" src=\"http:\/\/blogg.folkuniversitetet.nu\/erikan\/files\/2023\/05\/beach-dog-240x300.jpg\" alt=\"\" width=\"240\" height=\"300\" srcset=\"https:\/\/blogg.folkuniversitetet.nu\/erikan\/files\/2023\/05\/beach-dog-240x300.jpg 240w, https:\/\/blogg.folkuniversitetet.nu\/erikan\/files\/2023\/05\/beach-dog-819x1024.jpg 819w, https:\/\/blogg.folkuniversitetet.nu\/erikan\/files\/2023\/05\/beach-dog-768x960.jpg 768w, https:\/\/blogg.folkuniversitetet.nu\/erikan\/files\/2023\/05\/beach-dog-676x845.jpg 676w, https:\/\/blogg.folkuniversitetet.nu\/erikan\/files\/2023\/05\/beach-dog.jpg 1078w\" sizes=\"auto, (max-width: 240px) 100vw, 240px\" \/><\/a><\/p>\n<p>&nbsp;<\/p>\n","protected":false},"excerpt":{"rendered":"<p>Allt roligt har ett slut, s\u00e5 \u00e4ven denna kurs. Idag har vi haft den allra sista lektionen \ud83d\ude22 Detta gjorde vi: Fr\u00e5gor om l\u00e4xorna? Prepositioner f\u00f6r platser: i eller p\u00e5? TB, s. 110 NG-ljudet: TB, s. 110: Vagn, ugn, en unge, flera ungar, tanke, tankar (bilen), Frankrike\u2026 Texten om Sverige \u2013 del 2. TB, s. [&hellip;]<\/p>\n","protected":false},"author":904,"featured_media":0,"parent":0,"menu_order":0,"comment_status":"closed","ping_status":"closed","template":"","meta":{"footnotes":""},"class_list":["post-1315","page","type-page","status-publish","hentry","post-preview"],"_links":{"self":[{"href":"https:\/\/blogg.folkuniversitetet.nu\/erikan\/wp-json\/wp\/v2\/pages\/1315","targetHints":{"allow":["GET"]}}],"collection":[{"href":"https:\/\/blogg.folkuniversitetet.nu\/erikan\/wp-json\/wp\/v2\/pages"}],"about":[{"href":"https:\/\/blogg.folkuniversitetet.nu\/erikan\/wp-json\/wp\/v2\/types\/page"}],"author":[{"embeddable":true,"href":"https:\/\/blogg.folkuniversitetet.nu\/erikan\/wp-json\/wp\/v2\/users\/904"}],"replies":[{"embeddable":true,"href":"https:\/\/blogg.folkuniversitetet.nu\/erikan\/wp-json\/wp\/v2\/comments?post=1315"}],"version-history":[{"count":7,"href":"https:\/\/blogg.folkuniversitetet.nu\/erikan\/wp-json\/wp\/v2\/pages\/1315\/revisions"}],"predecessor-version":[{"id":1369,"href":"https:\/\/blogg.folkuniversitetet.nu\/erikan\/wp-json\/wp\/v2\/pages\/1315\/revisions\/1369"}],"wp:attachment":[{"href":"https:\/\/blogg.folkuniversitetet.nu\/erikan\/wp-json\/wp\/v2\/media?parent=1315"}],"curies":[{"name":"wp","href":"https:\/\/api.w.org\/{rel}","templated":true}]}}