{"id":359,"date":"2026-03-02T20:39:29","date_gmt":"2026-03-02T19:39:29","guid":{"rendered":"https:\/\/blogg.folkuniversitetet.nu\/dubola\/?page_id=359"},"modified":"2026-03-02T20:38:04","modified_gmt":"2026-03-02T19:38:04","slug":"a2-del-4-2-mars","status":"publish","type":"page","link":"https:\/\/blogg.folkuniversitetet.nu\/dubola\/a2-del-4-2-mars\/","title":{"rendered":"A2 del 4 &#8211; 2 mars"},"content":{"rendered":"<ol>\n<li>Le g\u00e9rondif, page 131<\/li>\n<li>Production \u00e9crite 4 page 131<\/li>\n<li>H. \u00c9changez des services (page 134)<\/li>\n<li>Le conditionnel pr\u00e9sent (2) page 135<\/li>\n<li>Production orale : 3, page 135<\/li>\n<\/ol>\n<p><strong>Devoirs : <\/strong><\/p>\n<ul>\n<li>exercices 1 \u00e0 5 page 101 (cahier d&#8217;activit\u00e9s)<\/li>\n<li>exercices 1 \u00e0 4 page 103 (cahier d&#8217;activit\u00e9s)<\/li>\n<li>compr\u00e9hension orale page 105 (cahier d&#8217;activit\u00e9s)<\/li>\n<\/ul>\n<p>&nbsp;<\/p>\n","protected":false},"excerpt":{"rendered":"<p>Le g\u00e9rondif, page 131 Production \u00e9crite 4 page 131 H. \u00c9changez des services (page 134) Le conditionnel pr\u00e9sent (2) page 135 Production orale : 3, page 135 Devoirs : exercices 1 \u00e0 5 page 101 (cahier d&#8217;activit\u00e9s) exercices 1 \u00e0 4 page 103 (cahier d&#8217;activit\u00e9s) compr\u00e9hension orale page 105 (cahier d&#8217;activit\u00e9s) &nbsp;<\/p>\n","protected":false},"author":968,"featured_media":0,"parent":0,"menu_order":0,"comment_status":"closed","ping_status":"closed","template":"","meta":{"footnotes":""},"class_list":["post-359","page","type-page","status-publish","hentry","post-preview"],"_links":{"self":[{"href":"https:\/\/blogg.folkuniversitetet.nu\/dubola\/wp-json\/wp\/v2\/pages\/359","targetHints":{"allow":["GET"]}}],"collection":[{"href":"https:\/\/blogg.folkuniversitetet.nu\/dubola\/wp-json\/wp\/v2\/pages"}],"about":[{"href":"https:\/\/blogg.folkuniversitetet.nu\/dubola\/wp-json\/wp\/v2\/types\/page"}],"author":[{"embeddable":true,"href":"https:\/\/blogg.folkuniversitetet.nu\/dubola\/wp-json\/wp\/v2\/users\/968"}],"replies":[{"embeddable":true,"href":"https:\/\/blogg.folkuniversitetet.nu\/dubola\/wp-json\/wp\/v2\/comments?post=359"}],"version-history":[{"count":5,"href":"https:\/\/blogg.folkuniversitetet.nu\/dubola\/wp-json\/wp\/v2\/pages\/359\/revisions"}],"predecessor-version":[{"id":376,"href":"https:\/\/blogg.folkuniversitetet.nu\/dubola\/wp-json\/wp\/v2\/pages\/359\/revisions\/376"}],"wp:attachment":[{"href":"https:\/\/blogg.folkuniversitetet.nu\/dubola\/wp-json\/wp\/v2\/media?parent=359"}],"curies":[{"name":"wp","href":"https:\/\/api.w.org\/{rel}","templated":true}]}}