{"id":318,"date":"2026-02-09T20:15:54","date_gmt":"2026-02-09T19:15:54","guid":{"rendered":"https:\/\/blogg.folkuniversitetet.nu\/dubola\/?page_id=318"},"modified":"2026-02-10T11:02:38","modified_gmt":"2026-02-10T10:02:38","slug":"a2-del-4-9-fevrier","status":"publish","type":"page","link":"https:\/\/blogg.folkuniversitetet.nu\/dubola\/a2-del-4-9-fevrier\/","title":{"rendered":"A2 del 4 &#8211; 9 f\u00e9vrier"},"content":{"rendered":"<ol>\n<li>Pr\u00e9sentation<\/li>\n<li>Discussion : Quoi de neuf ? Qu&#8217;avez-vous fait pendant les vacances ?<\/li>\n<li>Que vous inspirent ces images ?<\/li>\n<li>Vocabulaire page 129 (consommer, le produit, les personnes)<\/li>\n<li>A. R\u00e9duisons nos achats ! (compr\u00e9hension + production) page 126<\/li>\n<li>B. Neuf ou d&#8217;occasion ? (compr\u00e9hension + production) page 127<\/li>\n<\/ol>\n<p><strong>Devoirs<\/strong> :<\/p>\n<ul>\n<li>exercices\u00a0 2, 3 et 4 page 100 (cahier d&#8217;activit\u00e9s)<\/li>\n<li>C. \u00c0 vendre, compr\u00e9hension \u00e9crite page 127 (manuel)<\/li>\n<\/ul>\n<p><strong>Correction compr\u00e9hension \u00e9crite\u00a0 (FACIT) :<\/strong><\/p>\n<p>2. Lou a des difficult\u00e9s \u00e0 vendre ses v\u00eatements sur Leboncoin.<\/p>\n<p>3. Clem et Greg donnent des conseils \u00e0 Lou pour l&#8217;aider \u00e0 vendre ses v\u00eatements.<\/p>\n<p>4. Il faut \u00e9crire des informations pr\u00e9cises, la taille, la couleur et la marque par exemple.<\/p>\n<p>5. Il faut prendre les photos avec une belle lumi\u00e8re, \u00e0 midi par exemple.<\/p>\n<p>6. Il faut regarder les autres annonces des produits similaires, pour ne pas mettre un prix trop \u00e9lev\u00e9.<\/p>\n<p>7. une acheteuse : une cliente<\/p>\n","protected":false},"excerpt":{"rendered":"<p>Pr\u00e9sentation Discussion : Quoi de neuf ? Qu&#8217;avez-vous fait pendant les vacances ? Que vous inspirent ces images ? Vocabulaire page 129 (consommer, le produit, les personnes) A. R\u00e9duisons nos achats ! (compr\u00e9hension + production) page 126 B. Neuf ou d&#8217;occasion ? (compr\u00e9hension + production) page 127 Devoirs : exercices\u00a0 2, 3 et 4 page [&hellip;]<\/p>\n","protected":false},"author":968,"featured_media":0,"parent":0,"menu_order":0,"comment_status":"closed","ping_status":"closed","template":"","meta":{"footnotes":""},"class_list":["post-318","page","type-page","status-publish","hentry","post-preview"],"_links":{"self":[{"href":"https:\/\/blogg.folkuniversitetet.nu\/dubola\/wp-json\/wp\/v2\/pages\/318","targetHints":{"allow":["GET"]}}],"collection":[{"href":"https:\/\/blogg.folkuniversitetet.nu\/dubola\/wp-json\/wp\/v2\/pages"}],"about":[{"href":"https:\/\/blogg.folkuniversitetet.nu\/dubola\/wp-json\/wp\/v2\/types\/page"}],"author":[{"embeddable":true,"href":"https:\/\/blogg.folkuniversitetet.nu\/dubola\/wp-json\/wp\/v2\/users\/968"}],"replies":[{"embeddable":true,"href":"https:\/\/blogg.folkuniversitetet.nu\/dubola\/wp-json\/wp\/v2\/comments?post=318"}],"version-history":[{"count":8,"href":"https:\/\/blogg.folkuniversitetet.nu\/dubola\/wp-json\/wp\/v2\/pages\/318\/revisions"}],"predecessor-version":[{"id":337,"href":"https:\/\/blogg.folkuniversitetet.nu\/dubola\/wp-json\/wp\/v2\/pages\/318\/revisions\/337"}],"wp:attachment":[{"href":"https:\/\/blogg.folkuniversitetet.nu\/dubola\/wp-json\/wp\/v2\/media?parent=318"}],"curies":[{"name":"wp","href":"https:\/\/api.w.org\/{rel}","templated":true}]}}