{"id":297,"date":"2026-01-07T19:43:39","date_gmt":"2026-01-07T18:43:39","guid":{"rendered":"https:\/\/blogg.folkuniversitetet.nu\/dubola\/?page_id=297"},"modified":"2026-01-09T08:24:28","modified_gmt":"2026-01-09T07:24:28","slug":"b1-konversation-2","status":"publish","type":"page","link":"https:\/\/blogg.folkuniversitetet.nu\/dubola\/b1-konversation-2\/","title":{"rendered":"B1 konversation &#8211; 7 janvier"},"content":{"rendered":"<ol>\n<li>Discussions : Qu&#8217;avez-vous fait pendant ces vacances ?<\/li>\n<li><iframe loading=\"lazy\" title=\"Intermarch\u00e9 - Conte de No\u00ebl\" width=\"676\" height=\"380\" src=\"https:\/\/www.youtube.com\/embed\/Na9VmMNJvsA?feature=oembed\" frameborder=\"0\" allow=\"accelerometer; autoplay; clipboard-write; encrypted-media; gyroscope; picture-in-picture; web-share\" referrerpolicy=\"strict-origin-when-cross-origin\" allowfullscreen><\/iframe><\/li>\n<li>Pr\u00e9sentations d&#8217;une sp\u00e9cialit\u00e9 fran\u00e7aise pour les f\u00eates (+ questions )<\/li>\n<li>Questions : discutons des sujets \u00e9tudi\u00e9s depuis le premier cours<\/li>\n<li>Jeu : Devine le mot !<\/li>\n<\/ol>\n","protected":false},"excerpt":{"rendered":"<p>Discussions : Qu&#8217;avez-vous fait pendant ces vacances ? Pr\u00e9sentations d&#8217;une sp\u00e9cialit\u00e9 fran\u00e7aise pour les f\u00eates (+ questions ) Questions : discutons des sujets \u00e9tudi\u00e9s depuis le premier cours Jeu : Devine le mot !<\/p>\n","protected":false},"author":968,"featured_media":0,"parent":0,"menu_order":0,"comment_status":"closed","ping_status":"closed","template":"","meta":{"footnotes":""},"class_list":["post-297","page","type-page","status-publish","hentry","post-preview"],"_links":{"self":[{"href":"https:\/\/blogg.folkuniversitetet.nu\/dubola\/wp-json\/wp\/v2\/pages\/297","targetHints":{"allow":["GET"]}}],"collection":[{"href":"https:\/\/blogg.folkuniversitetet.nu\/dubola\/wp-json\/wp\/v2\/pages"}],"about":[{"href":"https:\/\/blogg.folkuniversitetet.nu\/dubola\/wp-json\/wp\/v2\/types\/page"}],"author":[{"embeddable":true,"href":"https:\/\/blogg.folkuniversitetet.nu\/dubola\/wp-json\/wp\/v2\/users\/968"}],"replies":[{"embeddable":true,"href":"https:\/\/blogg.folkuniversitetet.nu\/dubola\/wp-json\/wp\/v2\/comments?post=297"}],"version-history":[{"count":5,"href":"https:\/\/blogg.folkuniversitetet.nu\/dubola\/wp-json\/wp\/v2\/pages\/297\/revisions"}],"predecessor-version":[{"id":304,"href":"https:\/\/blogg.folkuniversitetet.nu\/dubola\/wp-json\/wp\/v2\/pages\/297\/revisions\/304"}],"wp:attachment":[{"href":"https:\/\/blogg.folkuniversitetet.nu\/dubola\/wp-json\/wp\/v2\/media?parent=297"}],"curies":[{"name":"wp","href":"https:\/\/api.w.org\/{rel}","templated":true}]}}