{"id":288,"date":"2025-12-17T19:25:10","date_gmt":"2025-12-17T18:25:10","guid":{"rendered":"https:\/\/blogg.folkuniversitetet.nu\/dubola\/?page_id=288"},"modified":"2025-12-17T19:34:07","modified_gmt":"2025-12-17T18:34:07","slug":"b1-konversation-17-decembre","status":"publish","type":"page","link":"https:\/\/blogg.folkuniversitetet.nu\/dubola\/b1-konversation-17-decembre\/","title":{"rendered":"B1 konversation &#8211; 17 d\u00e9cembre"},"content":{"rendered":"<p>&nbsp;<\/p>\n<ol>\n<li>Jeu de r\u00f4le : le d\u00eener de fou -&gt;\n<ol>\n<li>Situation : Votre chef a organis\u00e9 un d\u00eener entre coll\u00e8gues pour am\u00e9liorer les relations entre chacun. Mais les employ\u00e9s de cette entreprise sont particuliers.<\/li>\n<li>Chaque coll\u00e8gue est particulier. Vous essayez de passer un bon moment. Le but : que tout le monde soit contents de se retrouver lundi matin.<\/li>\n<\/ol>\n<\/li>\n<li>Traditions de no\u00ebl : que mangez-vous pour les f\u00eates de No\u00ebl ?<\/li>\n<\/ol>\n","protected":false},"excerpt":{"rendered":"<p>&nbsp; Jeu de r\u00f4le : le d\u00eener de fou -&gt; Situation : Votre chef a organis\u00e9 un d\u00eener entre coll\u00e8gues pour am\u00e9liorer les relations entre chacun. Mais les employ\u00e9s de cette entreprise sont particuliers. Chaque coll\u00e8gue est particulier. Vous essayez de passer un bon moment. Le but : que tout le monde soit contents de [&hellip;]<\/p>\n","protected":false},"author":968,"featured_media":0,"parent":0,"menu_order":0,"comment_status":"closed","ping_status":"closed","template":"","meta":{"footnotes":""},"class_list":["post-288","page","type-page","status-publish","hentry","post-preview"],"_links":{"self":[{"href":"https:\/\/blogg.folkuniversitetet.nu\/dubola\/wp-json\/wp\/v2\/pages\/288","targetHints":{"allow":["GET"]}}],"collection":[{"href":"https:\/\/blogg.folkuniversitetet.nu\/dubola\/wp-json\/wp\/v2\/pages"}],"about":[{"href":"https:\/\/blogg.folkuniversitetet.nu\/dubola\/wp-json\/wp\/v2\/types\/page"}],"author":[{"embeddable":true,"href":"https:\/\/blogg.folkuniversitetet.nu\/dubola\/wp-json\/wp\/v2\/users\/968"}],"replies":[{"embeddable":true,"href":"https:\/\/blogg.folkuniversitetet.nu\/dubola\/wp-json\/wp\/v2\/comments?post=288"}],"version-history":[{"count":5,"href":"https:\/\/blogg.folkuniversitetet.nu\/dubola\/wp-json\/wp\/v2\/pages\/288\/revisions"}],"predecessor-version":[{"id":294,"href":"https:\/\/blogg.folkuniversitetet.nu\/dubola\/wp-json\/wp\/v2\/pages\/288\/revisions\/294"}],"wp:attachment":[{"href":"https:\/\/blogg.folkuniversitetet.nu\/dubola\/wp-json\/wp\/v2\/media?parent=288"}],"curies":[{"name":"wp","href":"https:\/\/api.w.org\/{rel}","templated":true}]}}