{"id":270,"date":"2025-11-26T17:09:15","date_gmt":"2025-11-26T16:09:15","guid":{"rendered":"https:\/\/blogg.folkuniversitetet.nu\/dubola\/?page_id=270"},"modified":"2025-11-27T09:44:37","modified_gmt":"2025-11-27T08:44:37","slug":"b1-konversation-26-novembre","status":"publish","type":"page","link":"https:\/\/blogg.folkuniversitetet.nu\/dubola\/b1-konversation-26-novembre\/","title":{"rendered":"B1 Konversation &#8211; 26 novembre"},"content":{"rendered":"<ol>\n<li>Quelles langues parlez-vous? Quel niveau avez-vous? Pourquoi et o\u00f9 les avez-vous apprises ?<\/li>\n<li>Quel est le pouvoir d&#8217;une langue ?<\/li>\n<li>Est-ce que le su\u00e9dois est une langue de pouvoir ? Et le fran\u00e7ais ?<\/li>\n<li>Qu&#8217;est-ce qu&#8217;une langue r\u00e9gionale ? En connaissez-vous une?<\/li>\n<li>Lecture et visionnage<\/li>\n<li>D\u00e9bat : &#8221;Il est plus important d&#8217;apprendre l&#8217;anglais ou l&#8217;espagnol que le breton ou l&#8217;occitan.&#8221;<\/li>\n<li>2 groupes : Groupe A &#8221;Je suis d&#8217;accord avec cette affirmation.&#8221; Groupe B : &#8221; Je ne suis pas d&#8217;accord.&#8221; (3 arguments chacun)<\/li>\n<\/ol>\n<p>Les documents :<\/p>\n<ol>\n<li><a href=\"http:\/\/blogg.folkuniversitetet.nu\/dubola\/files\/2025\/11\/\ud83c\uddeb\ud83c\uddf7-Les-Langues-Regionales-en-France.pdf\">\ud83c\uddeb\ud83c\uddf7 Les Langues R\u00e9gionales en France<\/a><\/li>\n<li><iframe loading=\"lazy\" title=\"La langue d&#039;Oc - Karambolage - ARTE\" width=\"676\" height=\"380\" src=\"https:\/\/www.youtube.com\/embed\/TIyORhFgcMI?feature=oembed\" frameborder=\"0\" allow=\"accelerometer; autoplay; clipboard-write; encrypted-media; gyroscope; picture-in-picture; web-share\" referrerpolicy=\"strict-origin-when-cross-origin\" allowfullscreen><\/iframe><\/li>\n<li><iframe loading=\"lazy\" title=\"Ils n&#039;ont cours qu&#039;en BRETON... 24H dans un coll\u00e8ge Diwan\" width=\"676\" height=\"380\" src=\"https:\/\/www.youtube.com\/embed\/i0bGHRVsti4?feature=oembed\" frameborder=\"0\" allow=\"accelerometer; autoplay; clipboard-write; encrypted-media; gyroscope; picture-in-picture; web-share\" referrerpolicy=\"strict-origin-when-cross-origin\" allowfullscreen><\/iframe><\/li>\n<\/ol>\n","protected":false},"excerpt":{"rendered":"<p>Quelles langues parlez-vous? Quel niveau avez-vous? Pourquoi et o\u00f9 les avez-vous apprises ? Quel est le pouvoir d&#8217;une langue ? Est-ce que le su\u00e9dois est une langue de pouvoir ? Et le fran\u00e7ais ? Qu&#8217;est-ce qu&#8217;une langue r\u00e9gionale ? En connaissez-vous une? Lecture et visionnage D\u00e9bat : &#8221;Il est plus important d&#8217;apprendre l&#8217;anglais ou l&#8217;espagnol [&hellip;]<\/p>\n","protected":false},"author":968,"featured_media":0,"parent":0,"menu_order":0,"comment_status":"closed","ping_status":"closed","template":"","meta":{"footnotes":""},"class_list":["post-270","page","type-page","status-publish","hentry","post-preview"],"_links":{"self":[{"href":"https:\/\/blogg.folkuniversitetet.nu\/dubola\/wp-json\/wp\/v2\/pages\/270","targetHints":{"allow":["GET"]}}],"collection":[{"href":"https:\/\/blogg.folkuniversitetet.nu\/dubola\/wp-json\/wp\/v2\/pages"}],"about":[{"href":"https:\/\/blogg.folkuniversitetet.nu\/dubola\/wp-json\/wp\/v2\/types\/page"}],"author":[{"embeddable":true,"href":"https:\/\/blogg.folkuniversitetet.nu\/dubola\/wp-json\/wp\/v2\/users\/968"}],"replies":[{"embeddable":true,"href":"https:\/\/blogg.folkuniversitetet.nu\/dubola\/wp-json\/wp\/v2\/comments?post=270"}],"version-history":[{"count":4,"href":"https:\/\/blogg.folkuniversitetet.nu\/dubola\/wp-json\/wp\/v2\/pages\/270\/revisions"}],"predecessor-version":[{"id":277,"href":"https:\/\/blogg.folkuniversitetet.nu\/dubola\/wp-json\/wp\/v2\/pages\/270\/revisions\/277"}],"wp:attachment":[{"href":"https:\/\/blogg.folkuniversitetet.nu\/dubola\/wp-json\/wp\/v2\/media?parent=270"}],"curies":[{"name":"wp","href":"https:\/\/api.w.org\/{rel}","templated":true}]}}