{"id":216,"date":"2025-11-10T20:33:41","date_gmt":"2025-11-10T19:33:41","guid":{"rendered":"https:\/\/blogg.folkuniversitetet.nu\/dubola\/?page_id=216"},"modified":"2025-11-10T20:35:18","modified_gmt":"2025-11-10T19:35:18","slug":"a2-del-3-10-novembre","status":"publish","type":"page","link":"https:\/\/blogg.folkuniversitetet.nu\/dubola\/a2-del-3-10-novembre\/","title":{"rendered":"A2 del 3 &#8211; 10 novembre"},"content":{"rendered":"<ol>\n<li>Vocabulaire &#8221;La communication&#8221; page 119<\/li>\n<li>Compr\u00e9hension orale p.118<\/li>\n<li>Production \u00e9crite p.118 (de pr\u00e9f\u00e9rence en fr) -&gt; \u00e0 <strong>l&#8217;oral<\/strong><\/li>\n<li>Compr\u00e9hension \u00e9crite page 120<\/li>\n<li>Compr\u00e9hension audiovisuelle page 121<\/li>\n<li>Production orale page 121<\/li>\n<li>Grammaire : La place des pronoms COD et COI<\/li>\n<\/ol>\n<p><strong>Devoirs<\/strong> : Production\u00a0 \u00e9crite page 120<\/p>\n<p>-&gt; Ecrivez une critique et envoyez-la par mail \u00e0 laura.dubost-verstavel@folkuniversitetet.se<\/p>\n<p>Dans la critique :<\/p>\n<ul>\n<li>pr\u00e9sentation du film<\/li>\n<li>pr\u00e9sentation des personnages<\/li>\n<li>critique<\/li>\n<\/ul>\n","protected":false},"excerpt":{"rendered":"<p>Vocabulaire &#8221;La communication&#8221; page 119 Compr\u00e9hension orale p.118 Production \u00e9crite p.118 (de pr\u00e9f\u00e9rence en fr) -&gt; \u00e0 l&#8217;oral Compr\u00e9hension \u00e9crite page 120 Compr\u00e9hension audiovisuelle page 121 Production orale page 121 Grammaire : La place des pronoms COD et COI Devoirs : Production\u00a0 \u00e9crite page 120 -&gt; Ecrivez une critique et envoyez-la par mail \u00e0 laura.dubost-verstavel@folkuniversitetet.se [&hellip;]<\/p>\n","protected":false},"author":968,"featured_media":0,"parent":0,"menu_order":0,"comment_status":"closed","ping_status":"closed","template":"","meta":{"footnotes":""},"class_list":["post-216","page","type-page","status-publish","hentry","post-preview"],"_links":{"self":[{"href":"https:\/\/blogg.folkuniversitetet.nu\/dubola\/wp-json\/wp\/v2\/pages\/216","targetHints":{"allow":["GET"]}}],"collection":[{"href":"https:\/\/blogg.folkuniversitetet.nu\/dubola\/wp-json\/wp\/v2\/pages"}],"about":[{"href":"https:\/\/blogg.folkuniversitetet.nu\/dubola\/wp-json\/wp\/v2\/types\/page"}],"author":[{"embeddable":true,"href":"https:\/\/blogg.folkuniversitetet.nu\/dubola\/wp-json\/wp\/v2\/users\/968"}],"replies":[{"embeddable":true,"href":"https:\/\/blogg.folkuniversitetet.nu\/dubola\/wp-json\/wp\/v2\/comments?post=216"}],"version-history":[{"count":3,"href":"https:\/\/blogg.folkuniversitetet.nu\/dubola\/wp-json\/wp\/v2\/pages\/216\/revisions"}],"predecessor-version":[{"id":221,"href":"https:\/\/blogg.folkuniversitetet.nu\/dubola\/wp-json\/wp\/v2\/pages\/216\/revisions\/221"}],"wp:attachment":[{"href":"https:\/\/blogg.folkuniversitetet.nu\/dubola\/wp-json\/wp\/v2\/media?parent=216"}],"curies":[{"name":"wp","href":"https:\/\/api.w.org\/{rel}","templated":true}]}}