{"id":21,"date":"2025-09-04T15:22:37","date_gmt":"2025-09-04T14:22:37","guid":{"rendered":"https:\/\/blogg.folkuniversitetet.nu\/dubola\/?page_id=21"},"modified":"2025-09-07T20:28:00","modified_gmt":"2025-09-07T19:28:00","slug":"franska-a2-del-3-19h05-20h35","status":"publish","type":"page","link":"https:\/\/blogg.folkuniversitetet.nu\/dubola\/franska-a2-del-3-19h05-20h35\/","title":{"rendered":"A2 del 3 &#8211; 19h05-20h35"},"content":{"rendered":"<p><strong>Kursinneh\u00e5ll<\/strong><\/p>\n<p>P\u00e5 kursen f\u00e5r du l\u00e4ra dig:<\/p>\n<ul>\n<li>f\u00f6rst\u00e5 ord och fraser som r\u00f6r dina personliga f\u00f6rh\u00e5llanden<\/li>\n<li>grammatik<\/li>\n<li>beskriva din familj, din utbildningsbakgrund och ditt arbete<\/li>\n<li>samtala om vardagliga \u00e4mnen och aktiviteter som ligger n\u00e4ra dig sj\u00e4lv<\/li>\n<li>l\u00e4sa och skriva enklare texter och meddelanden<\/li>\n<li>kultur och samh\u00e4llsliv d\u00e4r spr\u00e5ket talas<\/li>\n<\/ul>\n","protected":false},"excerpt":{"rendered":"<p>Kursinneh\u00e5ll P\u00e5 kursen f\u00e5r du l\u00e4ra dig: f\u00f6rst\u00e5 ord och fraser som r\u00f6r dina personliga f\u00f6rh\u00e5llanden grammatik beskriva din familj, din utbildningsbakgrund och ditt arbete samtala om vardagliga \u00e4mnen och aktiviteter som ligger n\u00e4ra dig sj\u00e4lv l\u00e4sa och skriva enklare texter och meddelanden kultur och samh\u00e4llsliv d\u00e4r spr\u00e5ket talas<\/p>\n","protected":false},"author":968,"featured_media":0,"parent":0,"menu_order":0,"comment_status":"closed","ping_status":"closed","template":"","meta":{"footnotes":""},"class_list":["post-21","page","type-page","status-publish","hentry","post-preview"],"_links":{"self":[{"href":"https:\/\/blogg.folkuniversitetet.nu\/dubola\/wp-json\/wp\/v2\/pages\/21","targetHints":{"allow":["GET"]}}],"collection":[{"href":"https:\/\/blogg.folkuniversitetet.nu\/dubola\/wp-json\/wp\/v2\/pages"}],"about":[{"href":"https:\/\/blogg.folkuniversitetet.nu\/dubola\/wp-json\/wp\/v2\/types\/page"}],"author":[{"embeddable":true,"href":"https:\/\/blogg.folkuniversitetet.nu\/dubola\/wp-json\/wp\/v2\/users\/968"}],"replies":[{"embeddable":true,"href":"https:\/\/blogg.folkuniversitetet.nu\/dubola\/wp-json\/wp\/v2\/comments?post=21"}],"version-history":[{"count":4,"href":"https:\/\/blogg.folkuniversitetet.nu\/dubola\/wp-json\/wp\/v2\/pages\/21\/revisions"}],"predecessor-version":[{"id":53,"href":"https:\/\/blogg.folkuniversitetet.nu\/dubola\/wp-json\/wp\/v2\/pages\/21\/revisions\/53"}],"wp:attachment":[{"href":"https:\/\/blogg.folkuniversitetet.nu\/dubola\/wp-json\/wp\/v2\/media?parent=21"}],"curies":[{"name":"wp","href":"https:\/\/api.w.org\/{rel}","templated":true}]}}