{"id":147,"date":"2025-10-14T20:26:39","date_gmt":"2025-10-14T19:26:39","guid":{"rendered":"https:\/\/blogg.folkuniversitetet.nu\/dubola\/?page_id=147"},"modified":"2025-10-14T19:19:37","modified_gmt":"2025-10-14T18:19:37","slug":"b3-del-3-14-octobre","status":"publish","type":"page","link":"https:\/\/blogg.folkuniversitetet.nu\/dubola\/b3-del-3-14-octobre\/","title":{"rendered":"B3 del 3 &#8211; 14 octobre"},"content":{"rendered":"<ol>\n<li>Questions 9 et 10 page 101<\/li>\n<li>L&#8217;histoire de la langue fran\u00e7aise et de l&#8217;occitan :<iframe loading=\"lazy\" title=\"La langue d&#039;Oc - Karambolage - ARTE\" width=\"676\" height=\"380\" src=\"https:\/\/www.youtube.com\/embed\/TIyORhFgcMI?feature=oembed\" frameborder=\"0\" allow=\"accelerometer; autoplay; clipboard-write; encrypted-media; gyroscope; picture-in-picture; web-share\" referrerpolicy=\"strict-origin-when-cross-origin\" allowfullscreen><\/iframe><\/li>\n<li>Ecrire un r\u00e9sum\u00e9 de la vid\u00e9o (10 phrases &#8211; informations essentielles)<\/li>\n<li>Lecture texte page 102<\/li>\n<li>Questions 4 et 5 page 103<\/li>\n<li>Rep\u00e9rer les verbes ! Connaissez-vous ce temps &#8221;le pass\u00e9 simple&#8221;\u00a0 ?<\/li>\n<li>Pass\u00e9 simple : <a href=\"https:\/\/la-conjugaison.nouvelobs.com\/regles\/conjugaison\/passe-simple-de-l-indicatif-8.php\">Pass\u00e9 simple &#8211; Conjugaison<\/a><\/li>\n<\/ol>\n<p><strong>Devoirs : Exercice 2 et 3 page 55 dans le cahier d&#8217;exercices (livre rouge)<\/strong><\/p>\n","protected":false},"excerpt":{"rendered":"<p>Questions 9 et 10 page 101 L&#8217;histoire de la langue fran\u00e7aise et de l&#8217;occitan : Ecrire un r\u00e9sum\u00e9 de la vid\u00e9o (10 phrases &#8211; informations essentielles) Lecture texte page 102 Questions 4 et 5 page 103 Rep\u00e9rer les verbes ! Connaissez-vous ce temps &#8221;le pass\u00e9 simple&#8221;\u00a0 ? Pass\u00e9 simple : Pass\u00e9 simple &#8211; Conjugaison Devoirs [&hellip;]<\/p>\n","protected":false},"author":968,"featured_media":0,"parent":0,"menu_order":0,"comment_status":"closed","ping_status":"closed","template":"","meta":{"footnotes":""},"class_list":["post-147","page","type-page","status-publish","hentry","post-preview"],"_links":{"self":[{"href":"https:\/\/blogg.folkuniversitetet.nu\/dubola\/wp-json\/wp\/v2\/pages\/147","targetHints":{"allow":["GET"]}}],"collection":[{"href":"https:\/\/blogg.folkuniversitetet.nu\/dubola\/wp-json\/wp\/v2\/pages"}],"about":[{"href":"https:\/\/blogg.folkuniversitetet.nu\/dubola\/wp-json\/wp\/v2\/types\/page"}],"author":[{"embeddable":true,"href":"https:\/\/blogg.folkuniversitetet.nu\/dubola\/wp-json\/wp\/v2\/users\/968"}],"replies":[{"embeddable":true,"href":"https:\/\/blogg.folkuniversitetet.nu\/dubola\/wp-json\/wp\/v2\/comments?post=147"}],"version-history":[{"count":10,"href":"https:\/\/blogg.folkuniversitetet.nu\/dubola\/wp-json\/wp\/v2\/pages\/147\/revisions"}],"predecessor-version":[{"id":161,"href":"https:\/\/blogg.folkuniversitetet.nu\/dubola\/wp-json\/wp\/v2\/pages\/147\/revisions\/161"}],"wp:attachment":[{"href":"https:\/\/blogg.folkuniversitetet.nu\/dubola\/wp-json\/wp\/v2\/media?parent=147"}],"curies":[{"name":"wp","href":"https:\/\/api.w.org\/{rel}","templated":true}]}}