{"id":119,"date":"2025-10-07T20:00:32","date_gmt":"2025-10-07T19:00:32","guid":{"rendered":"https:\/\/blogg.folkuniversitetet.nu\/dubola\/?page_id=119"},"modified":"2025-10-13T10:30:01","modified_gmt":"2025-10-13T09:30:01","slug":"b2-del-3-7-octobre","status":"publish","type":"page","link":"https:\/\/blogg.folkuniversitetet.nu\/dubola\/b2-del-3-7-octobre\/","title":{"rendered":"B2 del 3 &#8211; 7 octobre"},"content":{"rendered":"<ol>\n<li>Q2 \u00e0 Q6 \u00e0 l&#8217;\u00e9crit<\/li>\n<li>Q7 \u00e0 l&#8217;oral<\/li>\n<li>\u00a0L&#8217;\u00e9galit\u00e9 salariale : femmes &#8211; hommes : Que connaissez-vous \u00e0 ce sujet ? Est-ce qu&#8217;il y a une diff\u00e9rence en Su\u00e8de ou dans d&#8217;autres pays ?<\/li>\n<li><a href=\"https:\/\/youtu.be\/lTntCJe2HI0?si=vu9hdmlH9KO5W8Q7\">Salaires hommes\/femmes : les \u00e9carts se r\u00e9duisent mais demeurent<\/a><\/li>\n<li>Visionnage jusqu&#8217;\u00e0 04:11<\/li>\n<li>Discussion : Qu&#8217;avez-vous compris ? Est-ce qu&#8217;il y a une diff\u00e9rence entre le salaire des femmes et celui des hommes en France ?<\/li>\n<li>Partie 2 de la vid\u00e9o : Qu&#8217;est-ce qu&#8217;on peut faire pour r\u00e9soudre cela ?<\/li>\n<li>Ecrire un texte sur les diff\u00e9rences en la France et la Su\u00e8de (salaire hommes-femmes)<\/li>\n<li>Lecture : page 100<\/li>\n<\/ol>\n<p>&nbsp;<\/p>\n","protected":false},"excerpt":{"rendered":"<p>Q2 \u00e0 Q6 \u00e0 l&#8217;\u00e9crit Q7 \u00e0 l&#8217;oral \u00a0L&#8217;\u00e9galit\u00e9 salariale : femmes &#8211; hommes : Que connaissez-vous \u00e0 ce sujet ? Est-ce qu&#8217;il y a une diff\u00e9rence en Su\u00e8de ou dans d&#8217;autres pays ? Salaires hommes\/femmes : les \u00e9carts se r\u00e9duisent mais demeurent Visionnage jusqu&#8217;\u00e0 04:11 Discussion : Qu&#8217;avez-vous compris ? Est-ce qu&#8217;il y a [&hellip;]<\/p>\n","protected":false},"author":968,"featured_media":0,"parent":0,"menu_order":0,"comment_status":"closed","ping_status":"closed","template":"","meta":{"footnotes":""},"class_list":["post-119","page","type-page","status-publish","hentry","post-preview"],"_links":{"self":[{"href":"https:\/\/blogg.folkuniversitetet.nu\/dubola\/wp-json\/wp\/v2\/pages\/119","targetHints":{"allow":["GET"]}}],"collection":[{"href":"https:\/\/blogg.folkuniversitetet.nu\/dubola\/wp-json\/wp\/v2\/pages"}],"about":[{"href":"https:\/\/blogg.folkuniversitetet.nu\/dubola\/wp-json\/wp\/v2\/types\/page"}],"author":[{"embeddable":true,"href":"https:\/\/blogg.folkuniversitetet.nu\/dubola\/wp-json\/wp\/v2\/users\/968"}],"replies":[{"embeddable":true,"href":"https:\/\/blogg.folkuniversitetet.nu\/dubola\/wp-json\/wp\/v2\/comments?post=119"}],"version-history":[{"count":5,"href":"https:\/\/blogg.folkuniversitetet.nu\/dubola\/wp-json\/wp\/v2\/pages\/119\/revisions"}],"predecessor-version":[{"id":149,"href":"https:\/\/blogg.folkuniversitetet.nu\/dubola\/wp-json\/wp\/v2\/pages\/119\/revisions\/149"}],"wp:attachment":[{"href":"https:\/\/blogg.folkuniversitetet.nu\/dubola\/wp-json\/wp\/v2\/media?parent=119"}],"curies":[{"name":"wp","href":"https:\/\/api.w.org\/{rel}","templated":true}]}}