{"id":2970,"date":"2026-03-11T00:46:41","date_gmt":"2026-03-10T23:46:41","guid":{"rendered":"https:\/\/blogg.folkuniversitetet.nu\/dougje\/?page_id=2970"},"modified":"2026-04-15T20:04:26","modified_gmt":"2026-04-15T19:04:26","slug":"svenska-c1-del-1-start-11-mars","status":"publish","type":"page","link":"https:\/\/blogg.folkuniversitetet.nu\/dougje\/svenska-c1-del-1-start-11-mars\/","title":{"rendered":"Svenska C1- del 1. Start 11 mars"},"content":{"rendered":"<p>Lektion 10<\/p>\n<p><a href=\"http:\/\/blogg.folkuniversitetet.nu\/dougje\/files\/2026\/04\/Anteckningar.-Lektion-10-.pdf\">Anteckningar. Lektion 10<\/a><\/p>\n<p><a href=\"https:\/\/www.youtube.com\/watch?v=6Ilm6xQJbpM\">Tolkning av Greta Thunbergs tal p\u00e5 Dramaten<\/a><\/p>\n<p><a href=\"https:\/\/urplay.se\/program\/225013-prylberget-plast-skam-och-kallsortering\">Prylberget. Plast, skam och k\u00e4llsortering<\/a><\/p>\n<p><iframe loading=\"lazy\" title=\"William Stridh - DNA [Official Audio]\" width=\"676\" height=\"380\" src=\"https:\/\/www.youtube.com\/embed\/c-GKccLcY2g?feature=oembed\" frameborder=\"0\" allow=\"accelerometer; autoplay; clipboard-write; encrypted-media; gyroscope; picture-in-picture; web-share\" referrerpolicy=\"strict-origin-when-cross-origin\" allowfullscreen><\/iframe><\/p>\n<p>Lektion 9<\/p>\n<p><a href=\"http:\/\/blogg.folkuniversitetet.nu\/dougje\/files\/2026\/04\/Anteckningar.-Lektion-9-.pdf\">Anteckningar. Lektion 9<\/a><\/p>\n<p><a href=\"http:\/\/blogg.folkuniversitetet.nu\/dougje\/files\/2026\/04\/Spraket-ar-viktigt-for-att-forsta-klimatkrisen-\u2013-Sveriges-Natur.pdf\">Spr\u00e5ket \u00e4r viktigt f\u00f6r att f\u00f6rst\u00e5 klimatkrisen \u2013 Sveriges Natur<\/a><\/p>\n<p><a href=\"https:\/\/urplay.se\/serie\/225012-prylberget\">Prylberget: Kaffe, valfrihet och matsvinn<\/a><\/p>\n<p><a href=\"https:\/\/urplay.se\/serie\/237948-sprakradsdagen-2024\">Snack och verkstad i omst\u00e4llningens tidevarv <\/a><\/p>\n<p><iframe loading=\"lazy\" title=\"S\u00e5 som i himlen\" width=\"676\" height=\"507\" src=\"https:\/\/www.youtube.com\/embed\/smP11fcETks?feature=oembed\" frameborder=\"0\" allow=\"accelerometer; autoplay; clipboard-write; encrypted-media; gyroscope; picture-in-picture; web-share\" referrerpolicy=\"strict-origin-when-cross-origin\" allowfullscreen><\/iframe><\/p>\n<p>Lektion 8<\/p>\n<p><a href=\"http:\/\/blogg.folkuniversitetet.nu\/dougje\/files\/2026\/04\/Anteckningar.-Lektion-8-1-1.pdf\">Anteckningar. Lektion 8<\/a><\/p>\n<p><a href=\"https:\/\/www.sverigesradio.se\/avsnitt\/klas-eriksson-sommarpratare-2025\">Klas Eriksson : Sk\u00e5despelaren om hur det \u00e4r att vara 60 \u00e5r och inte tv\u00e4rs\u00e4ker p\u00e5 n\u00e5gonting.<\/a><\/p>\n<p><a href=\"https:\/\/www.sverigesradio.se\/avsnitt\/petra-mede-sommarpratare-2025\">Petra Mede: Komikern om romantik, br\u00f6llop, terapi och mycket mycket mer.<\/a><\/p>\n<p><a href=\"https:\/\/www.sverigesradio.se\/avsnitt\/peter-haber-sommarpratare-2025\">Peter Haber: Sk\u00e5despelaren om varf\u00f6r han under hela sitt liv flytt in i fiktionens v\u00e4rld<\/a><\/p>\n<p><a href=\"https:\/\/www.sverigesradio.se\/avsnitt\/johan-floderus-sommarpratare-2025\">Johan Floderus: EU-tj\u00e4nstemannen om sin tid i f\u00e5ngenskap som blev den ultimata pr\u00f6vningen.<\/a><\/p>\n<p><a href=\"https:\/\/www.sverigesradio.se\/avsnitt\/dragomir-mrsic-sommarpratare-2025\">Dragomir Mrsic: Sk\u00e5despelaren om den inneboende r\u00e4dslan och hur han tog kontroll \u00f6ver den.<\/a><\/p>\n<p><a href=\"https:\/\/www.sverigesradio.se\/avsnitt\/gina-dirawi-sommarpratare-2025\">Gina Dirwani: Programledaren om en ov\u00e4ntad pilgrimsf\u00e4rd till Mecka<\/a><\/p>\n<p><iframe loading=\"lazy\" title=\"Jobe - T\u00e4nker p\u00e5 dig nu [Official Audio]\" width=\"676\" height=\"380\" src=\"https:\/\/www.youtube.com\/embed\/v8JVDL0bLys?feature=oembed\" frameborder=\"0\" allow=\"accelerometer; autoplay; clipboard-write; encrypted-media; gyroscope; picture-in-picture; web-share\" referrerpolicy=\"strict-origin-when-cross-origin\" allowfullscreen><\/iframe><\/p>\n<p>Lektion 7<\/p>\n<p><a href=\"http:\/\/blogg.folkuniversitetet.nu\/dougje\/files\/2026\/04\/Anteckningar.-Lektion-7-.pdf\">Anteckningar. Lektion 7<\/a><\/p>\n<p><a href=\"https:\/\/www.youtube.com\/watch?v=8cMOdZb9y-w\">Icke-verbal kommunikation<\/a><\/p>\n<p><a href=\"https:\/\/www.aftonbladet.se\/resa\/a\/xReXyj\/gesterna-du-ska-undvika-pa-resan\">Gesterna du ska undvika p\u00e5 resan<\/a><\/p>\n<p><iframe loading=\"lazy\" title=\"Newkid - Stark (Lyrics)\" width=\"676\" height=\"380\" src=\"https:\/\/www.youtube.com\/embed\/noYV83nEWFc?feature=oembed\" frameborder=\"0\" allow=\"accelerometer; autoplay; clipboard-write; encrypted-media; gyroscope; picture-in-picture; web-share\" referrerpolicy=\"strict-origin-when-cross-origin\" allowfullscreen><\/iframe><\/p>\n<p>Lektion 6<\/p>\n<p><a href=\"http:\/\/blogg.folkuniversitetet.nu\/dougje\/files\/2026\/03\/Anteckningar.-Lektion-6-.pdf\">Anteckningar. Lektion 6<\/a><\/p>\n<p><a href=\"https:\/\/www.youtube.com\/@L2LanguageStudio\">Extra! Svensk prosodi<\/a><\/p>\n<p><iframe loading=\"lazy\" title=\"P\u00e4rlor\" width=\"676\" height=\"507\" src=\"https:\/\/www.youtube.com\/embed\/1A10x14O8Vg?feature=oembed\" frameborder=\"0\" allow=\"accelerometer; autoplay; clipboard-write; encrypted-media; gyroscope; picture-in-picture; web-share\" referrerpolicy=\"strict-origin-when-cross-origin\" allowfullscreen><\/iframe><\/p>\n<p>Lektion 5<\/p>\n<p><a href=\"http:\/\/blogg.folkuniversitetet.nu\/dougje\/files\/2026\/03\/Anteckningar.-Lektion-15-1-3.pdf\">Anteckningar. Lektion 15<\/a><\/p>\n<p><a href=\"https:\/\/poddtoppen.se\/podcast\/1720780775\/pa-spraket\/vad-ar-svart-med-svenskt-uttal\">P\u00e5 spr\u00e5ket<\/a><\/p>\n<p><iframe loading=\"lazy\" title=\"Stockholms d\u00e5rar\" width=\"676\" height=\"507\" src=\"https:\/\/www.youtube.com\/embed\/jzdbB8kIPXw?feature=oembed\" frameborder=\"0\" allow=\"accelerometer; autoplay; clipboard-write; encrypted-media; gyroscope; picture-in-picture; web-share\" referrerpolicy=\"strict-origin-when-cross-origin\" allowfullscreen><\/iframe><\/p>\n<p>Lektion 4<\/p>\n<p><a href=\"http:\/\/blogg.folkuniversitetet.nu\/dougje\/files\/2026\/03\/Anteckningar.-Lektion-4-.pdf\">Anteckningar. Lektion 4<\/a><\/p>\n<p><iframe loading=\"lazy\" title=\"Pusselbitar\" width=\"676\" height=\"507\" src=\"https:\/\/www.youtube.com\/embed\/A1mgK29AskA?feature=oembed\" frameborder=\"0\" allow=\"accelerometer; autoplay; clipboard-write; encrypted-media; gyroscope; picture-in-picture; web-share\" referrerpolicy=\"strict-origin-when-cross-origin\" allowfullscreen><\/iframe><\/p>\n<p>Lektion 3<\/p>\n<p><a href=\"http:\/\/blogg.folkuniversitetet.nu\/dougje\/files\/2026\/03\/Anteckningar.-Lektion-3-.pdf\">Anteckningar. Lektion 3<\/a><\/p>\n<p><a href=\"http:\/\/blogg.folkuniversitetet.nu\/dougje\/files\/2026\/03\/Nyordslistan-2025.pdf\">Nyordslistan 2025<\/a><\/p>\n<p><a href=\"https:\/\/www.isof.se\/svenska-spraket\/nyord\/nyordslistan-2025\/2025-nyord-som-rader-bot-pa-var-dunkelflaute\">Kr\u00f6nika: nyordslistan 2025<\/a><\/p>\n<p><a href=\"https:\/\/www.isof.se\/svenska-spraket\/nyord\/nyordskviss\/nyordskviss-2025\">Nyordskviss 2025<\/a><\/p>\n<p><iframe loading=\"lazy\" title=\"Dansa min docka (text med ackord) | Dansa min docka med du \u00e4r unger | Visa av Alice Tegn\u00e9r\" width=\"676\" height=\"507\" src=\"https:\/\/www.youtube.com\/embed\/ksAh6TNbE1A?feature=oembed\" frameborder=\"0\" allow=\"accelerometer; autoplay; clipboard-write; encrypted-media; gyroscope; picture-in-picture; web-share\" referrerpolicy=\"strict-origin-when-cross-origin\" allowfullscreen><\/iframe><\/p>\n<p><iframe loading=\"lazy\" title=\"Dansa min docka\" width=\"676\" height=\"507\" src=\"https:\/\/www.youtube.com\/embed\/VpfzrnGPq14?feature=oembed\" frameborder=\"0\" allow=\"accelerometer; autoplay; clipboard-write; encrypted-media; gyroscope; picture-in-picture; web-share\" referrerpolicy=\"strict-origin-when-cross-origin\" allowfullscreen><\/iframe><\/p>\n<p>Lektion 2<\/p>\n<p><a href=\"http:\/\/blogg.folkuniversitetet.nu\/dougje\/files\/2026\/03\/Anteckningar-Lektion-2-.pdf\">Anteckningar Lektion 2<\/a><\/p>\n<p><a href=\"https:\/\/www.youtube.com\/watch?v=W2V1iH3VvbA\">Dialekter med Robert Gustafsson<\/a><\/p>\n<p><a href=\"https:\/\/www.isof.se\/lar-dig-mer\/kunskapsbanker\/lar-dig-mer-om-svenska-dialekter\/fordomar-och-attityder#:~:text=I%20dag%20har%20dialekterna%20h\u00f6gre,dialekt%20eller%20handlar%20om%20dialekter.\">F\u00f6rdomar och attityder- artikel <\/a><\/p>\n<p><a href=\"https:\/\/www.youtube.com\/watch?v=Hg58mb42UJk\">Spr\u00e5ktidningen podd: F\u00f6rortsslang p\u00e5 S\u00f6dermalm<\/a><\/p>\n<p><a href=\"https:\/\/www.isof.se\/lar-dig-mer\/publikationer\/tidskrifter\/bulletinen-klarsprak\/artiklar-klarsprak\/2020-03-18-forortsslang-som-identitetsmarkor-i-innerstaden\">F\u00f6rortsslang p\u00e5 S\u00f6dermalm- artikel<\/a><\/p>\n<p><iframe loading=\"lazy\" title=\"MINNS DU? (feat. Thomas Stenstr\u00f6m)\" width=\"676\" height=\"507\" src=\"https:\/\/www.youtube.com\/embed\/pRTNrxA0Miw?feature=oembed\" frameborder=\"0\" allow=\"accelerometer; autoplay; clipboard-write; encrypted-media; gyroscope; picture-in-picture; web-share\" referrerpolicy=\"strict-origin-when-cross-origin\" allowfullscreen><\/iframe><\/p>\n<p>Lektion 1<\/p>\n<p><a href=\"http:\/\/blogg.folkuniversitetet.nu\/dougje\/files\/2026\/03\/Anteckningar-Lektion-1.-.pdf\">Anteckningar Lektion 1.<\/a><\/p>\n<p><a href=\"https:\/\/www.svtplay.se\/video\/jxLG6zG\/rinkebysvenska?id=jxLG6zG\">Kortfilm: Rinkebysvenska<\/a><\/p>\n<p><a href=\"https:\/\/www.isof.se\/lar-dig-mer\/kunskapsbanker\/lar-dig-mer-om-svenska-spraket\/forortssvenska\">Artikel: F\u00f6rortssvenska<\/a><\/p>\n<p><iframe loading=\"lazy\" title=\"Victor Leksell - Natthimlen\" width=\"676\" height=\"380\" src=\"https:\/\/www.youtube.com\/embed\/IjFuhT7h-ks?feature=oembed\" frameborder=\"0\" allow=\"accelerometer; autoplay; clipboard-write; encrypted-media; gyroscope; picture-in-picture; web-share\" referrerpolicy=\"strict-origin-when-cross-origin\" allowfullscreen><\/iframe><\/p>\n","protected":false},"excerpt":{"rendered":"<p>Lektion 10 Anteckningar. Lektion 10 Tolkning av Greta Thunbergs tal p\u00e5 Dramaten Prylberget. Plast, skam och k\u00e4llsortering Lektion 9 Anteckningar. Lektion 9 Spr\u00e5ket \u00e4r viktigt f\u00f6r att f\u00f6rst\u00e5 klimatkrisen \u2013 Sveriges Natur Prylberget: Kaffe, valfrihet och matsvinn Snack och verkstad i omst\u00e4llningens tidevarv Lektion 8 Anteckningar. Lektion 8 Klas Eriksson : Sk\u00e5despelaren om hur det [&hellip;]<\/p>\n","protected":false},"author":909,"featured_media":0,"parent":0,"menu_order":0,"comment_status":"closed","ping_status":"closed","template":"","meta":{"footnotes":""},"class_list":["post-2970","page","type-page","status-publish","hentry","post-preview"],"_links":{"self":[{"href":"https:\/\/blogg.folkuniversitetet.nu\/dougje\/wp-json\/wp\/v2\/pages\/2970","targetHints":{"allow":["GET"]}}],"collection":[{"href":"https:\/\/blogg.folkuniversitetet.nu\/dougje\/wp-json\/wp\/v2\/pages"}],"about":[{"href":"https:\/\/blogg.folkuniversitetet.nu\/dougje\/wp-json\/wp\/v2\/types\/page"}],"author":[{"embeddable":true,"href":"https:\/\/blogg.folkuniversitetet.nu\/dougje\/wp-json\/wp\/v2\/users\/909"}],"replies":[{"embeddable":true,"href":"https:\/\/blogg.folkuniversitetet.nu\/dougje\/wp-json\/wp\/v2\/comments?post=2970"}],"version-history":[{"count":26,"href":"https:\/\/blogg.folkuniversitetet.nu\/dougje\/wp-json\/wp\/v2\/pages\/2970\/revisions"}],"predecessor-version":[{"id":3082,"href":"https:\/\/blogg.folkuniversitetet.nu\/dougje\/wp-json\/wp\/v2\/pages\/2970\/revisions\/3082"}],"wp:attachment":[{"href":"https:\/\/blogg.folkuniversitetet.nu\/dougje\/wp-json\/wp\/v2\/media?parent=2970"}],"curies":[{"name":"wp","href":"https:\/\/api.w.org\/{rel}","templated":true}]}}