{"id":2815,"date":"2026-01-14T08:24:02","date_gmt":"2026-01-14T07:24:02","guid":{"rendered":"https:\/\/blogg.folkuniversitetet.nu\/dougje\/?page_id=2815"},"modified":"2026-03-25T20:06:42","modified_gmt":"2026-03-25T19:06:42","slug":"svenska-b2-del-1-start-2-februari","status":"publish","type":"page","link":"https:\/\/blogg.folkuniversitetet.nu\/dougje\/svenska-b2-del-1-start-2-februari\/","title":{"rendered":"Svenska B2+ del 1. Start 2 februari"},"content":{"rendered":"<p>Lektion 15<\/p>\n<p><a href=\"http:\/\/blogg.folkuniversitetet.nu\/dougje\/files\/2026\/03\/Anteckningar.-Lektion-15-1-2.pdf\">Anteckningar. Lektion 15<\/a><\/p>\n<p><iframe title=\"Spotify Embed: Svenska B2+ del 1\" style=\"border-radius: 12px\" width=\"100%\" height=\"352\" frameborder=\"0\" allowfullscreen allow=\"autoplay; clipboard-write; encrypted-media; fullscreen; picture-in-picture\" loading=\"lazy\" src=\"https:\/\/open.spotify.com\/embed\/playlist\/57IB4CSWfz42EFM2Z2KUX3?si=OAvrCClCS7yrs9l7flkuRQ&amp;pi=a-jH0V9buHSIy_&amp;nd=1&amp;dlsi=4ca48d77c5574cb2&amp;utm_source=oembed\"><\/iframe><\/p>\n<p><iframe loading=\"lazy\" title=\"Ett sista glas\" width=\"676\" height=\"507\" src=\"https:\/\/www.youtube.com\/embed\/ePfQDriuTCk?feature=oembed\" frameborder=\"0\" allow=\"accelerometer; autoplay; clipboard-write; encrypted-media; gyroscope; picture-in-picture; web-share\" referrerpolicy=\"strict-origin-when-cross-origin\" allowfullscreen><\/iframe><\/p>\n<p>Lektion 14<\/p>\n<p><a href=\"http:\/\/blogg.folkuniversitetet.nu\/dougje\/files\/2026\/03\/Anteckningar.-Lektion-14-1-2.pdf\">Anteckningar. Lektion 14<\/a><\/p>\n<p><a href=\"https:\/\/urplay.se\/serie\/206290-jobba-sova-do\">Ur play: jobba, sova, d\u00f6<\/a><\/p>\n<p><iframe loading=\"lazy\" title=\"Miriam Bryant - Passa dig (Official Video)\" width=\"676\" height=\"380\" src=\"https:\/\/www.youtube.com\/embed\/1KSaytO6ozU?feature=oembed\" frameborder=\"0\" allow=\"accelerometer; autoplay; clipboard-write; encrypted-media; gyroscope; picture-in-picture; web-share\" referrerpolicy=\"strict-origin-when-cross-origin\" allowfullscreen><\/iframe><\/p>\n<p>Lektion 13<\/p>\n<p><a href=\"http:\/\/blogg.folkuniversitetet.nu\/dougje\/files\/2026\/03\/Anteckningar.-Lektion-13-1-2.pdf\">Anteckningar. Lektion 13<\/a><\/p>\n<p><iframe loading=\"lazy\" title=\"Under vinrankan\" width=\"676\" height=\"507\" src=\"https:\/\/www.youtube.com\/embed\/NJNecptksdw?feature=oembed\" frameborder=\"0\" allow=\"accelerometer; autoplay; clipboard-write; encrypted-media; gyroscope; picture-in-picture; web-share\" referrerpolicy=\"strict-origin-when-cross-origin\" allowfullscreen><\/iframe><\/p>\n<p>Lektion 12<\/p>\n<p><a href=\"http:\/\/blogg.folkuniversitetet.nu\/dougje\/files\/2026\/03\/Anteckningar.-Lektion-12.-1-1.pdf\">Anteckningar. Lektion 12.<\/a><\/p>\n<p><a href=\"https:\/\/www.svtplay.se\">Svtplay<\/a><\/p>\n<p><iframe loading=\"lazy\" title=\"Myra Granberg - Tills mitt hj\u00e4rta g\u00e5r under (Official Music Video)\" width=\"676\" height=\"380\" src=\"https:\/\/www.youtube.com\/embed\/JV6oLQKWtT0?feature=oembed\" frameborder=\"0\" allow=\"accelerometer; autoplay; clipboard-write; encrypted-media; gyroscope; picture-in-picture; web-share\" referrerpolicy=\"strict-origin-when-cross-origin\" allowfullscreen><\/iframe><\/p>\n<p>Lektion 11<\/p>\n<p><a href=\"http:\/\/blogg.folkuniversitetet.nu\/dougje\/files\/2026\/03\/Anteckningar.-Lektion-11.-.pdf\">Anteckningar. Lektion 11.<\/a><\/p>\n<p><a href=\"https:\/\/urplay.se\/serie\/229819-hej-sverige-dokumentar\">Dokument\u00e4r ur play<\/a><\/p>\n<p><iframe loading=\"lazy\" title=\"Joy - En Sekund (Live) | SAPIENS MUSIC\" width=\"676\" height=\"507\" src=\"https:\/\/www.youtube.com\/embed\/M3J7UKFI8e4?feature=oembed\" frameborder=\"0\" allow=\"accelerometer; autoplay; clipboard-write; encrypted-media; gyroscope; picture-in-picture; web-share\" referrerpolicy=\"strict-origin-when-cross-origin\" allowfullscreen><\/iframe><\/p>\n<p>Lektion 10<\/p>\n<p><a href=\"http:\/\/blogg.folkuniversitetet.nu\/dougje\/files\/2026\/03\/Anteckningar.-Lektion-10-.pdf\">Anteckningar. Lektion 10<\/a><\/p>\n<p><iframe loading=\"lazy\" title=\"Kamferdrops - Jag trodde \u00e4nglarna fanns\" width=\"676\" height=\"380\" src=\"https:\/\/www.youtube.com\/embed\/H9L1w3hwLOU?feature=oembed\" frameborder=\"0\" allow=\"accelerometer; autoplay; clipboard-write; encrypted-media; gyroscope; picture-in-picture; web-share\" referrerpolicy=\"strict-origin-when-cross-origin\" allowfullscreen><\/iframe><\/p>\n<p>Lektion 9<\/p>\n<p><a href=\"http:\/\/blogg.folkuniversitetet.nu\/dougje\/files\/2026\/03\/Anteckningar.-Lektion-9-.pdf\">Anteckningar. Lektion 9<\/a><\/p>\n<p><a href=\"https:\/\/www.youtube.com\/watch?v=MExv4YSbv6s\"> Spr\u00e5ktidningen, om spr\u00e5kpoliser<\/a><\/p>\n<p><iframe loading=\"lazy\" title=\"CLEO &amp; AYLA  - \u00c4LSKA N\u00c5N (WERMLAND OPERAS ORKESTER)\" width=\"676\" height=\"380\" src=\"https:\/\/www.youtube.com\/embed\/-mcbOg0397U?feature=oembed\" frameborder=\"0\" allow=\"accelerometer; autoplay; clipboard-write; encrypted-media; gyroscope; picture-in-picture; web-share\" referrerpolicy=\"strict-origin-when-cross-origin\" allowfullscreen><\/iframe><\/p>\n<p>Lektion 8<\/p>\n<p><a href=\"http:\/\/blogg.folkuniversitetet.nu\/dougje\/files\/2026\/03\/Anteckningar.-Lektion-8.pdf\">Anteckningar. Lektion 8<\/a><\/p>\n<p><iframe loading=\"lazy\" title=\"Himlen runt h\u00f6rnet\" width=\"676\" height=\"507\" src=\"https:\/\/www.youtube.com\/embed\/d8s3yf9lEpk?feature=oembed\" frameborder=\"0\" allow=\"accelerometer; autoplay; clipboard-write; encrypted-media; gyroscope; picture-in-picture; web-share\" referrerpolicy=\"strict-origin-when-cross-origin\" allowfullscreen><\/iframe><\/p>\n<p>Lektion 7<\/p>\n<p><a href=\"http:\/\/blogg.folkuniversitetet.nu\/dougje\/files\/2026\/02\/Anteckningar.-Lektion-7-1-2.pdf\">Anteckningar. Lektion 7<\/a><\/p>\n<p><a href=\"https:\/\/www.sydostran.se\/ledare\/ledarkronika-vad-om-inte-6-timmars-arbetsdag\/?shareSource=sharebutton\">Ledarkr\u00f6nika: Vad om inte 6 timmars arbetsdag?<\/a><\/p>\n<p><iframe loading=\"lazy\" title=\"Sabina Ddumba - Orden i vinden - S\u00e5 mycket b\u00e4ttre (TV4)\" width=\"676\" height=\"380\" src=\"https:\/\/www.youtube.com\/embed\/JRhHIMYr72I?feature=oembed\" frameborder=\"0\" allow=\"accelerometer; autoplay; clipboard-write; encrypted-media; gyroscope; picture-in-picture; web-share\" referrerpolicy=\"strict-origin-when-cross-origin\" allowfullscreen><\/iframe><\/p>\n<p>Lektion 6<\/p>\n<p><a href=\"http:\/\/blogg.folkuniversitetet.nu\/dougje\/files\/2026\/02\/Anteckningar.-Lektion-6-1-2.pdf\">Anteckningar. Lektion 6<\/a><\/p>\n<p><a href=\"https:\/\/www.youtube.com\/watch?v=7TZaopeH-NI&amp;list=PLyNE9qvyU-5wxBijSNRnYCfcbD3XtGN03\">Video om identitet<\/a><\/p>\n<p><iframe loading=\"lazy\" title=\"Min bild\" width=\"676\" height=\"507\" src=\"https:\/\/www.youtube.com\/embed\/UgdWXBGPqAk?feature=oembed\" frameborder=\"0\" allow=\"accelerometer; autoplay; clipboard-write; encrypted-media; gyroscope; picture-in-picture; web-share\" referrerpolicy=\"strict-origin-when-cross-origin\" allowfullscreen><\/iframe><\/p>\n<p>Lektion 5<\/p>\n<p><a href=\"http:\/\/blogg.folkuniversitetet.nu\/dougje\/files\/2026\/02\/Anteckningar.-Lektion-5-1-1.pdf\">Anteckningar. Lektion 5<\/a><\/p>\n<p><a href=\"https:\/\/www.svtplay.se\/video\/KxgpMVA\/snacka-om-sprak\/4-silvana-imam?video=visa&amp;position=278\">Snacka om spr\u00e5k; Silvana Imam<\/a><\/p>\n<p><iframe loading=\"lazy\" title=\"F\u00f6rl\u00e5t\" width=\"676\" height=\"507\" src=\"https:\/\/www.youtube.com\/embed\/PyouaGC_A3k?feature=oembed\" frameborder=\"0\" allow=\"accelerometer; autoplay; clipboard-write; encrypted-media; gyroscope; picture-in-picture; web-share\" referrerpolicy=\"strict-origin-when-cross-origin\" allowfullscreen><\/iframe><\/p>\n<p>Lektion 4<\/p>\n<p><a href=\"http:\/\/blogg.folkuniversitetet.nu\/dougje\/files\/2026\/02\/Anteckningar.-Lektion-4-1-1.pdf\">Anteckningar. Lektion 4<\/a><\/p>\n<p><a href=\"https:\/\/www.svtplay.se\/nyheter-pa-latt-svenska\">Nyheter p\u00e5 l\u00e4tt svenska<\/a><\/p>\n<p><a href=\"https:\/\/www.svtplay.se\/aktuellt\">Aktuellt<\/a><\/p>\n<p><iframe loading=\"lazy\" title=\"T\u00c4ND ALLA LJUS - SILVANA IMAM\" width=\"676\" height=\"380\" src=\"https:\/\/www.youtube.com\/embed\/zlM73nVkM7k?feature=oembed\" frameborder=\"0\" allow=\"accelerometer; autoplay; clipboard-write; encrypted-media; gyroscope; picture-in-picture; web-share\" referrerpolicy=\"strict-origin-when-cross-origin\" allowfullscreen><\/iframe><\/p>\n<p>Lektion 3<\/p>\n<p><a href=\"http:\/\/blogg.folkuniversitetet.nu\/dougje\/files\/2026\/02\/Anteckningar.-Lektion-3-1-1.pdf\">Anteckningar. Lektion 3<\/a><\/p>\n<p><a href=\"https:\/\/www.karinboye.se\/verk\/ljudinspelningar\/i-rorelse.mp3\">Karin Boyes egna inl\u00e4sning av dikten I r\u00f6relse<\/a><\/p>\n<p><a href=\"https:\/\/www.karinboye.se\/verk\/ljudinspelningar\/ja-visst-gor-det-ont.mp3\">Karin Boyes egna inl\u00e4sning av dikten Ja visst g\u00f6r det ont<\/a><\/p>\n<p><a href=\"https:\/\/www.youtube.com\/watch?v=y_8tcbe8bEs\">Video om Karin Boye<\/a><\/p>\n<p><a href=\"http:\/\/blogg.folkuniversitetet.nu\/dougje\/files\/2026\/02\/Hon-tog-sitt-liv-i-en-skogsdunge-i-Alingsas-Goteborgs-Posten-1.pdf\">Hon tog sitt liv i en skogsdunge i Alings\u00e5s | G\u00f6teborgs-Posten<\/a><\/p>\n<p><iframe loading=\"lazy\" title=\"B\u00e4stis\" width=\"676\" height=\"507\" src=\"https:\/\/www.youtube.com\/embed\/ueCg6Asptc8?feature=oembed\" frameborder=\"0\" allow=\"accelerometer; autoplay; clipboard-write; encrypted-media; gyroscope; picture-in-picture; web-share\" referrerpolicy=\"strict-origin-when-cross-origin\" allowfullscreen><\/iframe><\/p>\n<p>Lektion 2<\/p>\n<p><a href=\"http:\/\/blogg.folkuniversitetet.nu\/dougje\/files\/2026\/02\/Anteckningar.-Lektion-2-.pdf\">Anteckningar. Lektion 2<\/a><\/p>\n<p><a href=\"https:\/\/www.youtube.com\/watch?v=RqHnNsJ_09w\">Konsten att vara sn\u00e4ll, f\u00f6redrag<\/a><\/p>\n<p><a href=\"https:\/\/www.youtube.com\/watch?v=zRjsqvBQLes\">Kan man vara f\u00f6r sn\u00e4ll?<\/a><\/p>\n<p><iframe loading=\"lazy\" title=\"Minnet Av Ett Hav\" width=\"676\" height=\"507\" src=\"https:\/\/www.youtube.com\/embed\/n_aG8VfNR58?feature=oembed\" frameborder=\"0\" allow=\"accelerometer; autoplay; clipboard-write; encrypted-media; gyroscope; picture-in-picture; web-share\" referrerpolicy=\"strict-origin-when-cross-origin\" allowfullscreen><\/iframe><\/p>\n<p>Lektion 1<\/p>\n<p><a href=\"http:\/\/blogg.folkuniversitetet.nu\/dougje\/files\/2026\/02\/Anteckningar.-Lektion-1.pdf\">Anteckningar. Lektion 1<\/a><\/p>\n<p><a href=\"https:\/\/www.youtube.com\/watch?v=ee0WhtAfrMk\">S\u00e5 fungerar k\u00e4rlek<\/a><\/p>\n<p><iframe loading=\"lazy\" title=\"Veronica Maggio - V\u00e4lkommen in\" width=\"676\" height=\"507\" src=\"https:\/\/www.youtube.com\/embed\/JOBNzjoj4K0?feature=oembed\" frameborder=\"0\" allow=\"accelerometer; autoplay; clipboard-write; encrypted-media; gyroscope; picture-in-picture; web-share\" referrerpolicy=\"strict-origin-when-cross-origin\" allowfullscreen><\/iframe><\/p>\n","protected":false},"excerpt":{"rendered":"<p>Lektion 15 Anteckningar. Lektion 15 Lektion 14 Anteckningar. Lektion 14 Ur play: jobba, sova, d\u00f6 Lektion 13 Anteckningar. Lektion 13 Lektion 12 Anteckningar. Lektion 12. Svtplay Lektion 11 Anteckningar. Lektion 11. Dokument\u00e4r ur play Lektion 10 Anteckningar. Lektion 10 Lektion 9 Anteckningar. Lektion 9 Spr\u00e5ktidningen, om spr\u00e5kpoliser Lektion 8 Anteckningar. Lektion 8 Lektion 7 Anteckningar. [&hellip;]<\/p>\n","protected":false},"author":909,"featured_media":0,"parent":0,"menu_order":0,"comment_status":"closed","ping_status":"closed","template":"","meta":{"footnotes":""},"class_list":["post-2815","page","type-page","status-publish","hentry","post-preview"],"_links":{"self":[{"href":"https:\/\/blogg.folkuniversitetet.nu\/dougje\/wp-json\/wp\/v2\/pages\/2815","targetHints":{"allow":["GET"]}}],"collection":[{"href":"https:\/\/blogg.folkuniversitetet.nu\/dougje\/wp-json\/wp\/v2\/pages"}],"about":[{"href":"https:\/\/blogg.folkuniversitetet.nu\/dougje\/wp-json\/wp\/v2\/types\/page"}],"author":[{"embeddable":true,"href":"https:\/\/blogg.folkuniversitetet.nu\/dougje\/wp-json\/wp\/v2\/users\/909"}],"replies":[{"embeddable":true,"href":"https:\/\/blogg.folkuniversitetet.nu\/dougje\/wp-json\/wp\/v2\/comments?post=2815"}],"version-history":[{"count":31,"href":"https:\/\/blogg.folkuniversitetet.nu\/dougje\/wp-json\/wp\/v2\/pages\/2815\/revisions"}],"predecessor-version":[{"id":3017,"href":"https:\/\/blogg.folkuniversitetet.nu\/dougje\/wp-json\/wp\/v2\/pages\/2815\/revisions\/3017"}],"wp:attachment":[{"href":"https:\/\/blogg.folkuniversitetet.nu\/dougje\/wp-json\/wp\/v2\/media?parent=2815"}],"curies":[{"name":"wp","href":"https:\/\/api.w.org\/{rel}","templated":true}]}}