{"id":16,"date":"2019-09-19T16:33:23","date_gmt":"2019-09-19T14:33:23","guid":{"rendered":"http:\/\/blogg.folkuniversitetet.nu\/cedema\/?page_id=16"},"modified":"2019-10-28T16:57:05","modified_gmt":"2019-10-28T15:57:05","slug":"om-maria","status":"publish","type":"page","link":"https:\/\/blogg.folkuniversitetet.nu\/cedema\/om-maria\/","title":{"rendered":"Om Maria"},"content":{"rendered":"<p>Hej!<\/p>\n<p>Jag heter Maria Cederblad och \u00e4r l\u00e4rare i svenska. Jag \u00e4lskar mitt jobb! Det \u00e4r s\u00e5 roligt att tr\u00e4ffa alla m\u00e4nniskor som kommer till Folkuniversitetet och vill l\u00e4ra sig ett nytt spr\u00e5k. \ud83d\ude42<\/p>\n<p>N\u00e4r jag inte arbetar tycker jag om att vara ute i naturen. Jag brukar ta l\u00e5nga promenader eller cykelturer. P\u00e5 sommaren \u00e4r jag ute och seglar. S\u00e5 h\u00e4r fint kan det se ut:<a href=\"http:\/\/blogg.folkuniversitetet.nu\/cedema\/files\/2019\/09\/20190731_202505-e1568725325267.jpg\"><img loading=\"lazy\" decoding=\"async\" class=\"alignnone size-medium wp-image-8\" src=\"http:\/\/blogg.folkuniversitetet.nu\/cedema\/files\/2019\/09\/20190731_202505-e1568725325267-300x225.jpg\" alt=\"\" width=\"300\" height=\"225\" srcset=\"https:\/\/blogg.folkuniversitetet.nu\/cedema\/files\/2019\/09\/20190731_202505-e1568725325267-300x225.jpg 300w, https:\/\/blogg.folkuniversitetet.nu\/cedema\/files\/2019\/09\/20190731_202505-e1568725325267-768x576.jpg 768w, https:\/\/blogg.folkuniversitetet.nu\/cedema\/files\/2019\/09\/20190731_202505-e1568725325267-1024x768.jpg 1024w, https:\/\/blogg.folkuniversitetet.nu\/cedema\/files\/2019\/09\/20190731_202505-e1568725325267-1200x900.jpg 1200w\" sizes=\"auto, (max-width: 300px) 100vw, 300px\" \/><\/a><\/p>\n<p>Jag brukar ocks\u00e5 l\u00e4sa b\u00f6cker och lyssna p\u00e5 musik. Just nu lyssnar jag mycket p\u00e5 jazz.<\/p>\n<p>Att resa \u00e4r ett annat av mina intressen. Helst reser jag till Frankrike. Jag har bott d\u00e4r i flera \u00e5r och tycker att det \u00e4r ett mycket trevligt land. Jag \u00e4lskar spr\u00e5ket, maten, kulturen och s\u00e5 alla v\u00e4nner jag har d\u00e4r!<\/p>\n<p>Jag tycker f\u00f6rst\u00e5s ocks\u00e5 om att vara med min familj! Min man Lars och jag har tre barn, men de \u00e4r vuxna nu och bor inte l\u00e4ngre med oss. De bor inte ens i samma stad! Vi ses s\u00e5 ofta vi kan, men ibland g\u00e5r det l\u00e5ng tid mellan v\u00e5ra tr\u00e4ffar. D\u00e5 l\u00e4ngtar jag j\u00e4ttemycket efter dem! Vi har ocks\u00e5 ett litet barnbarn. Han \u00e4r underbar och man f\u00e5r j\u00e4ttegoda pussar av honom. \ud83d\ude42<\/p>\n<p>&nbsp;<\/p>\n","protected":false},"excerpt":{"rendered":"<p>Hej! Jag heter Maria Cederblad och \u00e4r l\u00e4rare i svenska. Jag \u00e4lskar mitt jobb! Det \u00e4r s\u00e5 roligt att tr\u00e4ffa alla m\u00e4nniskor som kommer till Folkuniversitetet och vill l\u00e4ra sig ett nytt spr\u00e5k. \ud83d\ude42 N\u00e4r jag inte arbetar tycker jag om att vara ute i naturen. Jag brukar ta l\u00e5nga promenader eller cykelturer. P\u00e5 sommaren &hellip; <a href=\"https:\/\/blogg.folkuniversitetet.nu\/cedema\/om-maria\/\" class=\"more-link\">Forts\u00e4tt l\u00e4sa <span class=\"screen-reader-text\">Om Maria<\/span> <span class=\"meta-nav\">&rarr;<\/span><\/a><\/p>\n","protected":false},"author":784,"featured_media":0,"parent":0,"menu_order":0,"comment_status":"closed","ping_status":"closed","template":"","meta":{"footnotes":""},"class_list":["post-16","page","type-page","status-publish","hentry"],"_links":{"self":[{"href":"https:\/\/blogg.folkuniversitetet.nu\/cedema\/wp-json\/wp\/v2\/pages\/16","targetHints":{"allow":["GET"]}}],"collection":[{"href":"https:\/\/blogg.folkuniversitetet.nu\/cedema\/wp-json\/wp\/v2\/pages"}],"about":[{"href":"https:\/\/blogg.folkuniversitetet.nu\/cedema\/wp-json\/wp\/v2\/types\/page"}],"author":[{"embeddable":true,"href":"https:\/\/blogg.folkuniversitetet.nu\/cedema\/wp-json\/wp\/v2\/users\/784"}],"replies":[{"embeddable":true,"href":"https:\/\/blogg.folkuniversitetet.nu\/cedema\/wp-json\/wp\/v2\/comments?post=16"}],"version-history":[{"count":4,"href":"https:\/\/blogg.folkuniversitetet.nu\/cedema\/wp-json\/wp\/v2\/pages\/16\/revisions"}],"predecessor-version":[{"id":111,"href":"https:\/\/blogg.folkuniversitetet.nu\/cedema\/wp-json\/wp\/v2\/pages\/16\/revisions\/111"}],"wp:attachment":[{"href":"https:\/\/blogg.folkuniversitetet.nu\/cedema\/wp-json\/wp\/v2\/media?parent=16"}],"curies":[{"name":"wp","href":"https:\/\/api.w.org\/{rel}","templated":true}]}}