{"id":41,"date":"2026-02-23T14:58:00","date_gmt":"2026-02-23T13:58:00","guid":{"rendered":"https:\/\/blogg.folkuniversitetet.nu\/carlli\/?page_id=41"},"modified":"2026-02-23T15:04:07","modified_gmt":"2026-02-23T14:04:07","slug":"lankar","status":"publish","type":"page","link":"https:\/\/blogg.folkuniversitetet.nu\/carlli\/lankar\/","title":{"rendered":"L\u00e4nkar"},"content":{"rendered":"<blockquote><p><a href=\"https:\/\/digi.nokportalen.se\/products\/EXTRA-2546?statisticsIsbn=EXTRA-2546\" target=\"_blank\" rel=\"noopener\">NokPortalen Rivstart Extramaterial<\/a><\/p>\n<p><a href=\"https:\/\/folkets-lexikon.csc.kth.se\/folkets\/\" target=\"_blank\" rel=\"noopener\">Folkets lexikon<\/a><\/p>\n<p><a href=\"https:\/\/www.svtplay.se\/nyheter-pa-latt-svenska\" target=\"_blank\" rel=\"noopener\">Nyheter p\u00e5 l\u00e4tt svenska (SVT play)<\/a><\/p>\n<p><a href=\"https:\/\/urplay.se\/serie\/201721-svenska-for-alla\" target=\"_blank\" rel=\"noopener\">UR Play svenska f\u00f6r alla<\/a><\/p><\/blockquote>\n<p>&nbsp;<\/p>\n","protected":false},"excerpt":{"rendered":"<p>NokPortalen Rivstart Extramaterial Folkets lexikon Nyheter p\u00e5 l\u00e4tt svenska (SVT play) UR Play svenska f\u00f6r alla &nbsp;<\/p>\n","protected":false},"author":987,"featured_media":0,"parent":0,"menu_order":0,"comment_status":"closed","ping_status":"closed","template":"","meta":{"footnotes":""},"class_list":["post-41","page","type-page","status-publish","hentry","post-preview"],"_links":{"self":[{"href":"https:\/\/blogg.folkuniversitetet.nu\/carlli\/wp-json\/wp\/v2\/pages\/41","targetHints":{"allow":["GET"]}}],"collection":[{"href":"https:\/\/blogg.folkuniversitetet.nu\/carlli\/wp-json\/wp\/v2\/pages"}],"about":[{"href":"https:\/\/blogg.folkuniversitetet.nu\/carlli\/wp-json\/wp\/v2\/types\/page"}],"author":[{"embeddable":true,"href":"https:\/\/blogg.folkuniversitetet.nu\/carlli\/wp-json\/wp\/v2\/users\/987"}],"replies":[{"embeddable":true,"href":"https:\/\/blogg.folkuniversitetet.nu\/carlli\/wp-json\/wp\/v2\/comments?post=41"}],"version-history":[{"count":10,"href":"https:\/\/blogg.folkuniversitetet.nu\/carlli\/wp-json\/wp\/v2\/pages\/41\/revisions"}],"predecessor-version":[{"id":52,"href":"https:\/\/blogg.folkuniversitetet.nu\/carlli\/wp-json\/wp\/v2\/pages\/41\/revisions\/52"}],"wp:attachment":[{"href":"https:\/\/blogg.folkuniversitetet.nu\/carlli\/wp-json\/wp\/v2\/media?parent=41"}],"curies":[{"name":"wp","href":"https:\/\/api.w.org\/{rel}","templated":true}]}}