{"id":26,"date":"2026-02-23T12:42:46","date_gmt":"2026-02-23T11:42:46","guid":{"rendered":"https:\/\/blogg.folkuniversitetet.nu\/carlli\/?page_id=26"},"modified":"2026-02-23T12:43:58","modified_gmt":"2026-02-23T11:43:58","slug":"klader","status":"publish","type":"page","link":"https:\/\/blogg.folkuniversitetet.nu\/carlli\/klader\/","title":{"rendered":"Kl\u00e4der"},"content":{"rendered":"<h5><span style=\"color: #003300\">Vad heter kl\u00e4derna p\u00e5 svenska?<\/span><\/h5>\n<blockquote><p><a href=\"https:\/\/www.goconqr.com\/en\/flashcard\/16170193\/klader\" target=\"_blank\" rel=\"noopener\">Kl\u00e4der<\/a><\/p><\/blockquote>\n","protected":false},"excerpt":{"rendered":"<p>Vad heter kl\u00e4derna p\u00e5 svenska? Kl\u00e4der<\/p>\n","protected":false},"author":107,"featured_media":0,"parent":0,"menu_order":0,"comment_status":"closed","ping_status":"closed","template":"","meta":{"footnotes":""},"class_list":["post-26","page","type-page","status-publish","hentry","post-preview"],"_links":{"self":[{"href":"https:\/\/blogg.folkuniversitetet.nu\/carlli\/wp-json\/wp\/v2\/pages\/26","targetHints":{"allow":["GET"]}}],"collection":[{"href":"https:\/\/blogg.folkuniversitetet.nu\/carlli\/wp-json\/wp\/v2\/pages"}],"about":[{"href":"https:\/\/blogg.folkuniversitetet.nu\/carlli\/wp-json\/wp\/v2\/types\/page"}],"author":[{"embeddable":true,"href":"https:\/\/blogg.folkuniversitetet.nu\/carlli\/wp-json\/wp\/v2\/users\/107"}],"replies":[{"embeddable":true,"href":"https:\/\/blogg.folkuniversitetet.nu\/carlli\/wp-json\/wp\/v2\/comments?post=26"}],"version-history":[{"count":3,"href":"https:\/\/blogg.folkuniversitetet.nu\/carlli\/wp-json\/wp\/v2\/pages\/26\/revisions"}],"predecessor-version":[{"id":30,"href":"https:\/\/blogg.folkuniversitetet.nu\/carlli\/wp-json\/wp\/v2\/pages\/26\/revisions\/30"}],"wp:attachment":[{"href":"https:\/\/blogg.folkuniversitetet.nu\/carlli\/wp-json\/wp\/v2\/media?parent=26"}],"curies":[{"name":"wp","href":"https:\/\/api.w.org\/{rel}","templated":true}]}}