{"id":158,"date":"2026-03-06T12:34:10","date_gmt":"2026-03-06T11:34:10","guid":{"rendered":"https:\/\/blogg.folkuniversitetet.nu\/carlli\/?page_id=158"},"modified":"2026-03-06T14:10:11","modified_gmt":"2026-03-06T13:10:11","slug":"musik","status":"publish","type":"page","link":"https:\/\/blogg.folkuniversitetet.nu\/carlli\/musik\/","title":{"rendered":"Musik"},"content":{"rendered":"<h3><span style=\"color: #333399\"><b>Tips p\u00e5 svensk musik! <\/b><\/span>\ud83c\udfb5\ud83c\udfb6<\/h3>\n<blockquote><p>Fun fact! Svenska producenter har skrivit och producerat Britney Spears <em>Baby One More Time<\/em>, Backstreet Boys <em>I Want It That Way<\/em> och The Weeknds <em>Blinding Lights.\u00a0<\/em><\/p><\/blockquote>\n<h4><span style=\"color: #800080\"><strong>ABBA\u00a0<\/strong><\/span><\/h4>\n<p><iframe title=\"Spotify Embed: Waterloo - Swedish Version\" style=\"border-radius: 12px\" width=\"100%\" height=\"152\" frameborder=\"0\" allowfullscreen allow=\"autoplay; clipboard-write; encrypted-media; fullscreen; picture-in-picture\" loading=\"lazy\" src=\"https:\/\/open.spotify.com\/embed\/track\/5kI61e8YOAxhQO7UBKQ0CW?si=8bcceb7486e04111&amp;utm_source=oembed\"><\/iframe><\/p>\n<p><iframe title=\"Spotify Embed: Ring, Ring - Swedish Version\" style=\"border-radius: 12px\" width=\"100%\" height=\"152\" frameborder=\"0\" allowfullscreen allow=\"autoplay; clipboard-write; encrypted-media; fullscreen; picture-in-picture\" loading=\"lazy\" src=\"https:\/\/open.spotify.com\/embed\/track\/13p4BxB2BPIzG3hI8UE6ti?si=c005927519d140ed&amp;utm_source=oembed\"><\/iframe><\/p>\n<p>&nbsp;<\/p>\n<h4><span style=\"color: #800080\"><b>Arne Qvick<span class=\"Apple-converted-space\"> (en personlig favoritvisa)<\/span><\/b><\/span><\/h4>\n<p><iframe title=\"Spotify Embed: Rosen\" style=\"border-radius: 12px\" width=\"100%\" height=\"152\" frameborder=\"0\" allowfullscreen allow=\"autoplay; clipboard-write; encrypted-media; fullscreen; picture-in-picture\" loading=\"lazy\" src=\"https:\/\/open.spotify.com\/embed\/track\/6N8E0tOSoLmRHLKATRDZIR?si=1c7f204b86af41b5&amp;utm_source=oembed\"><\/iframe><\/p>\n<p>&nbsp;<\/p>\n<h4><span style=\"color: #800080\"><strong>Cornelis Vreeswijk (vackra klassiska visor)\u00a0<\/strong><\/span><\/h4>\n<p><iframe title=\"Spotify Embed: Brev fr\u00e5n kolonien\" style=\"border-radius: 12px\" width=\"100%\" height=\"152\" frameborder=\"0\" allowfullscreen allow=\"autoplay; clipboard-write; encrypted-media; fullscreen; picture-in-picture\" loading=\"lazy\" src=\"https:\/\/open.spotify.com\/embed\/track\/15ehy9wyrmUSNBcTEfamjv?si=995f5f662c2a4854&amp;utm_source=oembed\"><\/iframe><\/p>\n<p><iframe title=\"Spotify Embed: Balladen om herr Fredrik \u00c5kare och den s\u00f6ta fr\u00f6ken Cecilia Lind\" style=\"border-radius: 12px\" width=\"100%\" height=\"152\" frameborder=\"0\" allowfullscreen allow=\"autoplay; clipboard-write; encrypted-media; fullscreen; picture-in-picture\" loading=\"lazy\" src=\"https:\/\/open.spotify.com\/embed\/track\/2sO5sBNlxYro7Qx06jtX6e?si=fa04bdeae4fa4a07&amp;utm_source=oembed\"><\/iframe><\/p>\n<p><iframe title=\"Spotify Embed: Somliga g\u00e5r med trasiga skor\" style=\"border-radius: 12px\" width=\"100%\" height=\"152\" frameborder=\"0\" allowfullscreen allow=\"autoplay; clipboard-write; encrypted-media; fullscreen; picture-in-picture\" loading=\"lazy\" src=\"https:\/\/open.spotify.com\/embed\/track\/3RziapqS8nr6DiejCtI3cd?si=26ed8b31504b4e0d&amp;utm_source=oembed\"><\/iframe><\/p>\n<p>&nbsp;<\/p>\n<h4><span style=\"color: #800080\">Dina \u00d6gon (indiepop)\u00a0<\/span><\/h4>\n<p><iframe title=\"Spotify Embed: Det l\u00e4cker\" style=\"border-radius: 12px\" width=\"100%\" height=\"152\" frameborder=\"0\" allowfullscreen allow=\"autoplay; clipboard-write; encrypted-media; fullscreen; picture-in-picture\" loading=\"lazy\" src=\"https:\/\/open.spotify.com\/embed\/track\/2t4MLwOlWf3uzgqNgTrHYd?si=c0bb7ee51db24798&amp;utm_source=oembed\"><\/iframe><\/p>\n<p><iframe title=\"Spotify Embed: Berget\" style=\"border-radius: 12px\" width=\"100%\" height=\"152\" frameborder=\"0\" allowfullscreen allow=\"autoplay; clipboard-write; encrypted-media; fullscreen; picture-in-picture\" loading=\"lazy\" src=\"https:\/\/open.spotify.com\/embed\/track\/7gdRvpMZATkoCadNtNDZyH?si=1424663353da4e90&amp;utm_source=oembed\"><\/iframe><\/p>\n<h4><span style=\"color: #800080\"><strong>Laleh (pop\/folk)<\/strong><\/span><\/h4>\n<p><iframe title=\"Spotify Embed: En stund p\u00e5 jorden\" style=\"border-radius: 12px\" width=\"100%\" height=\"152\" frameborder=\"0\" allowfullscreen allow=\"autoplay; clipboard-write; encrypted-media; fullscreen; picture-in-picture\" loading=\"lazy\" src=\"https:\/\/open.spotify.com\/embed\/track\/0Zii0Q4Z17kd1XMB27CQ2t?si=8d1ef27cc58f4506&amp;utm_source=oembed\"><\/iframe><\/p>\n<p><iframe title=\"Spotify Embed: Goliat\" style=\"border-radius: 12px\" width=\"100%\" height=\"152\" frameborder=\"0\" allowfullscreen allow=\"autoplay; clipboard-write; encrypted-media; fullscreen; picture-in-picture\" loading=\"lazy\" src=\"https:\/\/open.spotify.com\/embed\/track\/7qA8S7mbV9uPy9rFprdN3C?si=b14094ff546f4acd&amp;utm_source=oembed\"><\/iframe><\/p>\n<h4><span style=\"color: #800080\"><strong>Lasse Berghagen (visor\/folk)\u00a0<\/strong><\/span><\/h4>\n<p><iframe title=\"Spotify Embed: Teddybj\u00f6rnen Fredriksson\" style=\"border-radius: 12px\" width=\"100%\" height=\"152\" frameborder=\"0\" allowfullscreen allow=\"autoplay; clipboard-write; encrypted-media; fullscreen; picture-in-picture\" loading=\"lazy\" src=\"https:\/\/open.spotify.com\/embed\/track\/57wqaTidWu5gGuxXm1hckF?si=aba374fb25aa43e3&amp;utm_source=oembed\"><\/iframe><\/p>\n<p><iframe title=\"Spotify Embed: En kv\u00e4ll i juni\" style=\"border-radius: 12px\" width=\"100%\" height=\"152\" frameborder=\"0\" allowfullscreen allow=\"autoplay; clipboard-write; encrypted-media; fullscreen; picture-in-picture\" loading=\"lazy\" src=\"https:\/\/open.spotify.com\/embed\/track\/4ErHOOSUUkvVlzzthue1Ov?si=4d54f6dae9394327&amp;utm_source=oembed\"><\/iframe><\/p>\n<h4><span style=\"color: #800080\"><strong>Mando Diao (alternativ rock)<\/strong><\/span><\/h4>\n<p><iframe title=\"Spotify Embed: Str\u00f6vt\u00e5g i hembygden\" style=\"border-radius: 12px\" width=\"100%\" height=\"152\" frameborder=\"0\" allowfullscreen allow=\"autoplay; clipboard-write; encrypted-media; fullscreen; picture-in-picture\" loading=\"lazy\" src=\"https:\/\/open.spotify.com\/embed\/track\/7KOegFQMd13ETQry4A6Tu1?si=634106ceecf94d53&amp;utm_source=oembed\"><\/iframe><\/p>\n<p><iframe title=\"Spotify Embed: En s\u00e5ngarsaga\" style=\"border-radius: 12px\" width=\"100%\" height=\"152\" frameborder=\"0\" allowfullscreen allow=\"autoplay; clipboard-write; encrypted-media; fullscreen; picture-in-picture\" loading=\"lazy\" src=\"https:\/\/open.spotify.com\/embed\/track\/38VGUniscpQ4yXBM9Lgku3?si=ff97090da7584d58&amp;utm_source=oembed\"><\/iframe><\/p>\n<p>&nbsp;<\/p>\n<h4><span style=\"color: #800080\"><b>Monica Zetterlund<span class=\"Apple-converted-space\"> (jazz)<\/span><\/b><\/span><\/h4>\n<p><iframe title=\"Spotify Embed: Gr\u00f6na sm\u00e5 \u00e4pplen\" style=\"border-radius: 12px\" width=\"100%\" height=\"152\" frameborder=\"0\" allowfullscreen allow=\"autoplay; clipboard-write; encrypted-media; fullscreen; picture-in-picture\" loading=\"lazy\" src=\"https:\/\/open.spotify.com\/embed\/track\/0dtE42FDoz08Aa9i7EWUI2?si=264dcf381ec4495b&amp;utm_source=oembed\"><\/iframe><\/p>\n<p><iframe title=\"Spotify Embed: Sakta vi g\u00e5 genom stan\" style=\"border-radius: 12px\" width=\"100%\" height=\"152\" frameborder=\"0\" allowfullscreen allow=\"autoplay; clipboard-write; encrypted-media; fullscreen; picture-in-picture\" loading=\"lazy\" src=\"https:\/\/open.spotify.com\/embed\/track\/5gBWGTO2prExy9yVwhUbOU?si=81c2c968d5224076&amp;utm_source=oembed\"><\/iframe><\/p>\n<p><iframe title=\"Spotify Embed: Var blev ni av ljuva dr\u00f6mmar?\" style=\"border-radius: 12px\" width=\"100%\" height=\"152\" frameborder=\"0\" allowfullscreen allow=\"autoplay; clipboard-write; encrypted-media; fullscreen; picture-in-picture\" loading=\"lazy\" src=\"https:\/\/open.spotify.com\/embed\/track\/6CVqdefyKI9ltgNIIBokxS?si=b59c0419f58c48a7&amp;utm_source=oembed\"><\/iframe><\/p>\n<h4><\/h4>\n<h4><span style=\"color: #800080\"><strong>Moonica Mac (pop\/folk)\u00a0<\/strong><\/span><\/h4>\n<p><iframe title=\"Spotify Embed: Dalarna\" style=\"border-radius: 12px\" width=\"100%\" height=\"152\" frameborder=\"0\" allowfullscreen allow=\"autoplay; clipboard-write; encrypted-media; fullscreen; picture-in-picture\" loading=\"lazy\" src=\"https:\/\/open.spotify.com\/embed\/track\/7CvgVJQSqfZUur2Q2Gkgps?si=d4298e579dc247f5&amp;utm_source=oembed\"><\/iframe><\/p>\n<p><iframe title=\"Spotify Embed: Till slutet av augusti\" style=\"border-radius: 12px\" width=\"100%\" height=\"152\" frameborder=\"0\" allowfullscreen allow=\"autoplay; clipboard-write; encrypted-media; fullscreen; picture-in-picture\" loading=\"lazy\" src=\"https:\/\/open.spotify.com\/embed\/track\/2m2errv0ukOnsFL2mAOifj?si=a5764573ef714405&amp;utm_source=oembed\"><\/iframe><\/p>\n<p>&nbsp;<\/p>\n<h4><span style=\"color: #800080\">Annika Norlin (indiepop)<\/span><\/h4>\n<p><iframe title=\"Spotify Embed: Fredrik\" style=\"border-radius: 12px\" width=\"100%\" height=\"152\" frameborder=\"0\" allowfullscreen allow=\"autoplay; clipboard-write; encrypted-media; fullscreen; picture-in-picture\" loading=\"lazy\" src=\"https:\/\/open.spotify.com\/embed\/track\/18YZEkBcDFM61Vi2SEuP4w?si=f9681ad865a14718&amp;utm_source=oembed\"><\/iframe><\/p>\n<p><iframe title=\"Spotify Embed: Isarna\" style=\"border-radius: 12px\" width=\"100%\" height=\"152\" frameborder=\"0\" allowfullscreen allow=\"autoplay; clipboard-write; encrypted-media; fullscreen; picture-in-picture\" loading=\"lazy\" src=\"https:\/\/open.spotify.com\/embed\/track\/6Enr1tqytBwMitUcb0hpch?si=37f69e52ac7a4954&amp;utm_source=oembed\"><\/iframe><\/p>\n<p><iframe title=\"Spotify Embed: Kommer h\u00e4nda\" style=\"border-radius: 12px\" width=\"100%\" height=\"152\" frameborder=\"0\" allowfullscreen allow=\"autoplay; clipboard-write; encrypted-media; fullscreen; picture-in-picture\" loading=\"lazy\" src=\"https:\/\/open.spotify.com\/embed\/track\/3v6cw7IEvWM4y7ewk2E52v?si=605578f2c2bf4718&amp;utm_source=oembed\"><\/iframe><\/p>\n<h4><\/h4>\n<h4><span style=\"color: #800080\"><b>Tommy K\u00f6rberg<span class=\"Apple-converted-space\"> (svenska\u00a0<\/span><\/b><\/span><span style=\"color: #800080\">visor)<\/span><\/h4>\n<p><iframe title=\"Spotify Embed: Judy min v\u00e4n\" style=\"border-radius: 12px\" width=\"100%\" height=\"152\" frameborder=\"0\" allowfullscreen allow=\"autoplay; clipboard-write; encrypted-media; fullscreen; picture-in-picture\" loading=\"lazy\" src=\"https:\/\/open.spotify.com\/embed\/track\/1Z4zGDjmHURFmHAd0OAV2t?si=5404a1c1d5234991&amp;utm_source=oembed\"><\/iframe><\/p>\n<p><iframe title=\"Spotify Embed: Stad i ljus\" style=\"border-radius: 12px\" width=\"100%\" height=\"152\" frameborder=\"0\" allowfullscreen allow=\"autoplay; clipboard-write; encrypted-media; fullscreen; picture-in-picture\" loading=\"lazy\" src=\"https:\/\/open.spotify.com\/embed\/track\/7bVwUOySQGO2afJ0LArAMi?si=44ce68702e5b46eb&amp;utm_source=oembed\"><\/iframe><\/p>\n<p>&nbsp;<\/p>\n<h4><span style=\"color: #800080\"><b>Ulf Lundell<span class=\"Apple-converted-space\"> (rock)<\/span><\/b><\/span><\/h4>\n<p><iframe title=\"Spotify Embed: \u00d6ppna landskap\" style=\"border-radius: 12px\" width=\"100%\" height=\"152\" frameborder=\"0\" allowfullscreen allow=\"autoplay; clipboard-write; encrypted-media; fullscreen; picture-in-picture\" loading=\"lazy\" src=\"https:\/\/open.spotify.com\/embed\/track\/1rudppuYTKpVCtWoocDiS1?si=f79d261c37b84dd3&amp;utm_source=oembed\"><\/iframe><\/p>\n<p><iframe title=\"Spotify Embed: Rom i regnet\" style=\"border-radius: 12px\" width=\"100%\" height=\"152\" frameborder=\"0\" allowfullscreen allow=\"autoplay; clipboard-write; encrypted-media; fullscreen; picture-in-picture\" loading=\"lazy\" src=\"https:\/\/open.spotify.com\/embed\/track\/6LsjjCG0g9L4achzjYVjsx?si=05bbedd07ae84eec&amp;utm_source=oembed\"><\/iframe><\/p>\n","protected":false},"excerpt":{"rendered":"<p>Tips p\u00e5 svensk musik! \ud83c\udfb5\ud83c\udfb6 Fun fact! Svenska producenter har skrivit och producerat Britney Spears Baby One More Time, Backstreet Boys I Want It That Way och The Weeknds Blinding Lights.\u00a0 ABBA\u00a0 &nbsp; Arne Qvick (en personlig favoritvisa) &nbsp; Cornelis Vreeswijk (vackra klassiska visor)\u00a0 &nbsp; Dina \u00d6gon (indiepop)\u00a0 Laleh (pop\/folk) Lasse Berghagen (visor\/folk)\u00a0 Mando Diao [&hellip;]<\/p>\n","protected":false},"author":987,"featured_media":0,"parent":0,"menu_order":0,"comment_status":"closed","ping_status":"closed","template":"","meta":{"footnotes":""},"class_list":["post-158","page","type-page","status-publish","hentry","post-preview"],"_links":{"self":[{"href":"https:\/\/blogg.folkuniversitetet.nu\/carlli\/wp-json\/wp\/v2\/pages\/158","targetHints":{"allow":["GET"]}}],"collection":[{"href":"https:\/\/blogg.folkuniversitetet.nu\/carlli\/wp-json\/wp\/v2\/pages"}],"about":[{"href":"https:\/\/blogg.folkuniversitetet.nu\/carlli\/wp-json\/wp\/v2\/types\/page"}],"author":[{"embeddable":true,"href":"https:\/\/blogg.folkuniversitetet.nu\/carlli\/wp-json\/wp\/v2\/users\/987"}],"replies":[{"embeddable":true,"href":"https:\/\/blogg.folkuniversitetet.nu\/carlli\/wp-json\/wp\/v2\/comments?post=158"}],"version-history":[{"count":31,"href":"https:\/\/blogg.folkuniversitetet.nu\/carlli\/wp-json\/wp\/v2\/pages\/158\/revisions"}],"predecessor-version":[{"id":190,"href":"https:\/\/blogg.folkuniversitetet.nu\/carlli\/wp-json\/wp\/v2\/pages\/158\/revisions\/190"}],"wp:attachment":[{"href":"https:\/\/blogg.folkuniversitetet.nu\/carlli\/wp-json\/wp\/v2\/media?parent=158"}],"curies":[{"name":"wp","href":"https:\/\/api.w.org\/{rel}","templated":true}]}}