{"id":806,"date":"2026-05-04T18:29:59","date_gmt":"2026-05-04T17:29:59","guid":{"rendered":"https:\/\/blogg.folkuniversitetet.nu\/carefr\/?page_id=806"},"modified":"2026-05-05T22:05:50","modified_gmt":"2026-05-05T21:05:50","slug":"a1-del-1-kursvecka-5-4","status":"publish","type":"page","link":"https:\/\/blogg.folkuniversitetet.nu\/carefr\/a1-del-1-kursvecka-5-4\/","title":{"rendered":"A1 del 1 &#8211; Kursvecka #5"},"content":{"rendered":"<h5>Lektion 8<\/h5>\n<p><strong>Anteckningar<\/strong>: <a href=\"https:\/\/drive.google.com\/file\/d\/1XSLxBOIQWsfye832MJ2ljWARR_IvKw6z\/view?usp=drivesdk\">Lektion 8<\/a><\/p>\n<p><strong>Heml\u00e4xor<\/strong>: Repetera dagens vokabul\u00e4r! <strong>Skriv en kort text<\/strong> d\u00e4r du ber\u00e4ttar om din vardag: hur ser din dag ut? Vad brukar du g\u00f6ra p\u00e5 morgonen\/f\u00f6rmiddag\/middag\/eftermiddag\/kv\u00e4ll\/natt? Inkludera tid och t\u00e4nk p\u00e5 att variera mellan rak och omv\u00e4nd ordf\u00f6ljd. Mejla texten till mig f\u00f6r att f\u00e5 \u00e5terkopplingar! <strong>Imperativ<\/strong>: skriv 5 utmaningar med verb i imperativ (t.ex. st\u00e4ng d\u00f6rren) som dina kurskamrater ska utf\u00f6ra n\u00e4sta g\u00e5ng. <strong>Obs!<\/strong> Det m\u00e5ste vara n\u00e5got som man kan g\u00f6ra i klassen, ingenting f\u00f6r galet \ud83d\ude0c<\/p>\n","protected":false},"excerpt":{"rendered":"<p>Lektion 8 Anteckningar: Lektion 8 Heml\u00e4xor: Repetera dagens vokabul\u00e4r! Skriv en kort text d\u00e4r du ber\u00e4ttar om din vardag: hur ser din dag ut? Vad brukar du g\u00f6ra p\u00e5 morgonen\/f\u00f6rmiddag\/middag\/eftermiddag\/kv\u00e4ll\/natt? Inkludera tid och t\u00e4nk p\u00e5 att variera mellan rak och omv\u00e4nd ordf\u00f6ljd. Mejla texten till mig f\u00f6r att f\u00e5 \u00e5terkopplingar! Imperativ: skriv 5 utmaningar med [&hellip;]<\/p>\n","protected":false},"author":961,"featured_media":0,"parent":0,"menu_order":0,"comment_status":"closed","ping_status":"closed","template":"","meta":{"footnotes":""},"class_list":["post-806","page","type-page","status-publish","hentry","post-preview"],"_links":{"self":[{"href":"https:\/\/blogg.folkuniversitetet.nu\/carefr\/wp-json\/wp\/v2\/pages\/806","targetHints":{"allow":["GET"]}}],"collection":[{"href":"https:\/\/blogg.folkuniversitetet.nu\/carefr\/wp-json\/wp\/v2\/pages"}],"about":[{"href":"https:\/\/blogg.folkuniversitetet.nu\/carefr\/wp-json\/wp\/v2\/types\/page"}],"author":[{"embeddable":true,"href":"https:\/\/blogg.folkuniversitetet.nu\/carefr\/wp-json\/wp\/v2\/users\/961"}],"replies":[{"embeddable":true,"href":"https:\/\/blogg.folkuniversitetet.nu\/carefr\/wp-json\/wp\/v2\/comments?post=806"}],"version-history":[{"count":5,"href":"https:\/\/blogg.folkuniversitetet.nu\/carefr\/wp-json\/wp\/v2\/pages\/806\/revisions"}],"predecessor-version":[{"id":816,"href":"https:\/\/blogg.folkuniversitetet.nu\/carefr\/wp-json\/wp\/v2\/pages\/806\/revisions\/816"}],"wp:attachment":[{"href":"https:\/\/blogg.folkuniversitetet.nu\/carefr\/wp-json\/wp\/v2\/media?parent=806"}],"curies":[{"name":"wp","href":"https:\/\/api.w.org\/{rel}","templated":true}]}}