{"id":762,"date":"2026-04-20T10:42:39","date_gmt":"2026-04-20T09:42:39","guid":{"rendered":"https:\/\/blogg.folkuniversitetet.nu\/carefr\/?page_id=762"},"modified":"2026-04-23T23:13:27","modified_gmt":"2026-04-23T22:13:27","slug":"a1-del-1-kursvecka-3-5","status":"publish","type":"page","link":"https:\/\/blogg.folkuniversitetet.nu\/carefr\/a1-del-1-kursvecka-3-5\/","title":{"rendered":"A1 del 1 &#8211; Kursvecka #3"},"content":{"rendered":"<h5>Lektion 5<\/h5>\n<p><strong>Anteckningar<\/strong>: <a href=\"https:\/\/drive.google.com\/file\/d\/1ugNvg4FlY6g7w4lv2ynw29kgbeCaV59X\/view?usp=drivesdk\">Lektion 5<\/a><\/p>\n<p><strong>Heml\u00e4xor<\/strong>: Repetera dagens lektion! \u00d6va p\u00e5 <strong>best\u00e4md form<\/strong> &#8211; ta alla substantiv fr\u00e5n listan vi har skapat (&#8221;Vad har du i v\u00e4skan?&#8221; Anteckningar sida 3) och skriv dem i best\u00e4md form. <strong>TB s.27<\/strong>. <strong>\u00d6B s.24<\/strong>, <strong>25<\/strong>.<\/p>\n<p>&nbsp;<\/p>\n<h5>Lektion 6<\/h5>\n<p><strong>Anteckningar<\/strong>: <a href=\"https:\/\/drive.google.com\/file\/d\/1yLBTQ4P8Q9F0TjdFsSvWDA9LVHR3Iy96\/view?usp=drivesdk\">Lektion 6<\/a><\/p>\n<p><strong>Heml\u00e4xor<\/strong>: Repetera dagens lektion! Tr\u00e4na p\u00e5 att anv\u00e4nda alla olika <strong>fr\u00e5geord<\/strong> &#8211; f\u00f6rest\u00e4ll dig att du g\u00e5r p\u00e5 en speed-friending event och har ungef\u00e4r fem minuter f\u00f6r att l\u00e4ra k\u00e4nna en person. Vilka fr\u00e5gor skulle du st\u00e4lla? Vad \u00e4r du intresserad av att veta om den personen? <strong>Skriv<\/strong> cirka 12-15 fr\u00e5gor och f\u00f6rs\u00f6k anv\u00e4nda alla fr\u00e5geord vi har l\u00e4rt oss om minst en g\u00e5ng. <strong>TB s.30 (C)<\/strong> &#8211; tr\u00e4na p\u00e5 <strong>h\u00f6rf\u00f6rst\u00e5else<\/strong> hemma och skriv ner siffror (ljudfilen hittar ni p\u00e5 NokPortalen, kapitel 3, ljudfiler, nr.20).<\/p>\n<p><strong>Extra<\/strong>: p\u00e5 tisdag kommer vi att jobba vidare med ordf\u00f6ljd i huvudsatsen (the order of the elements in a clause). Du kan f\u00f6rbereda dig genom att titta p\u00e5 denna <a href=\"https:\/\/drive.google.com\/file\/d\/1d9I09o9ouFKqAQ-M4dutmqJnYRlaDhWd\/view?usp=drivesdk\">tabell<\/a>. Du kan till och med testa att skapa en egen mening och s\u00e4tta den i tabellen: vilken del st\u00e5r p\u00e5 vilken plats?<\/p>\n<p><strong>Obs!<\/strong> Jag har lagt till en sektion under &#8221;A1 del 1 start 7 april&#8221; som heter &#8221;Extramaterial&#8221;. D\u00e4r hittar ni l\u00e4nken till en kompendium som jag har skapat med tips p\u00e5 hur man kan tr\u00e4na svenska utanf\u00f6r klassrummet. Testa g\u00e4rna om det finns n\u00e5got som verkar intressant! Om ni har fr\u00e5gor \u00e4r det bara att mejla mig \ud83d\ude0a<\/p>\n","protected":false},"excerpt":{"rendered":"<p>Lektion 5 Anteckningar: Lektion 5 Heml\u00e4xor: Repetera dagens lektion! \u00d6va p\u00e5 best\u00e4md form &#8211; ta alla substantiv fr\u00e5n listan vi har skapat (&#8221;Vad har du i v\u00e4skan?&#8221; Anteckningar sida 3) och skriv dem i best\u00e4md form. TB s.27. \u00d6B s.24, 25. &nbsp; Lektion 6 Anteckningar: Lektion 6 Heml\u00e4xor: Repetera dagens lektion! Tr\u00e4na p\u00e5 att anv\u00e4nda [&hellip;]<\/p>\n","protected":false},"author":961,"featured_media":0,"parent":0,"menu_order":0,"comment_status":"closed","ping_status":"closed","template":"","meta":{"footnotes":""},"class_list":["post-762","page","type-page","status-publish","hentry","post-preview"],"_links":{"self":[{"href":"https:\/\/blogg.folkuniversitetet.nu\/carefr\/wp-json\/wp\/v2\/pages\/762","targetHints":{"allow":["GET"]}}],"collection":[{"href":"https:\/\/blogg.folkuniversitetet.nu\/carefr\/wp-json\/wp\/v2\/pages"}],"about":[{"href":"https:\/\/blogg.folkuniversitetet.nu\/carefr\/wp-json\/wp\/v2\/types\/page"}],"author":[{"embeddable":true,"href":"https:\/\/blogg.folkuniversitetet.nu\/carefr\/wp-json\/wp\/v2\/users\/961"}],"replies":[{"embeddable":true,"href":"https:\/\/blogg.folkuniversitetet.nu\/carefr\/wp-json\/wp\/v2\/comments?post=762"}],"version-history":[{"count":12,"href":"https:\/\/blogg.folkuniversitetet.nu\/carefr\/wp-json\/wp\/v2\/pages\/762\/revisions"}],"predecessor-version":[{"id":785,"href":"https:\/\/blogg.folkuniversitetet.nu\/carefr\/wp-json\/wp\/v2\/pages\/762\/revisions\/785"}],"wp:attachment":[{"href":"https:\/\/blogg.folkuniversitetet.nu\/carefr\/wp-json\/wp\/v2\/media?parent=762"}],"curies":[{"name":"wp","href":"https:\/\/api.w.org\/{rel}","templated":true}]}}