{"id":749,"date":"2026-04-14T21:54:05","date_gmt":"2026-04-14T20:54:05","guid":{"rendered":"https:\/\/blogg.folkuniversitetet.nu\/carefr\/?page_id=749"},"modified":"2026-04-16T23:21:40","modified_gmt":"2026-04-16T22:21:40","slug":"a1-del-1-kursvecka-2-5","status":"publish","type":"page","link":"https:\/\/blogg.folkuniversitetet.nu\/carefr\/a1-del-1-kursvecka-2-5\/","title":{"rendered":"A1 del 1 &#8211; Kursvecka #2"},"content":{"rendered":"<h5>Lektion 3<\/h5>\n<p><strong>Anteckningar<\/strong>: <a href=\"https:\/\/drive.google.com\/file\/d\/1AgIOEO05pPiDIV5mRY9VKFgRO6NC4YMm\/view?usp=drivesdk\">Lektion 3<\/a><\/p>\n<p><strong>Heml\u00e4xor<\/strong>: Repetera dagens lektion! <strong>TB s. 20, 21<\/strong> &#8211; <strong>l\u00e4s <\/strong>texten &#8221;Vad g\u00f6r de i Sverige&#8221; och kolla upp nya ord. F\u00f6r varje mening <strong>markera<\/strong> subjekt (S) och verb (V). Ta inspiration fr\u00e5n dialogerna och <strong>skriv en kort text<\/strong> om dig sj\u00e4lv &#8211; inkludera vad du\/hen g\u00f6r (jobb\/plugg\/\u2026), vad \u00e4r du\/hen intresserad av, om du\/hen trivs i Sverige och vad du\/hen l\u00e4ngtar efter. \u00a0<strong>\u00d6B s.15<\/strong>.<\/p>\n<p>&nbsp;<\/p>\n<h5>Lektion 4<\/h5>\n<p><strong>Anteckningar<\/strong>: <a href=\"https:\/\/drive.google.com\/file\/d\/1UypoR8awBxW3D4AsBu3eYX13kOCCy6uC\/view?usp=drivesdk\">Lektion 4<\/a><\/p>\n<p><strong>Heml\u00e4xor<\/strong>: Repetera dagens lektion! \u00d6va <strong>prepositioner<\/strong> &#8211; skriv ett par meningar med varje preposition (i, p\u00e5, till, fr\u00e5n, *intresserad* av, med, *l\u00e4ngtar* efter). Se till att variera subjektet (inte bara &#8221;jag&#8221;). <strong>\u00d6B s.18<\/strong>, <strong>s.19<\/strong>. <strong>TB s.265<\/strong> &#8211; <strong>Grundtal<\/strong>: memorera alla siffror upp till 20 och tr\u00e4na p\u00e5 att skriva dem med bokst\u00e4ver. Det kommer att underl\u00e4tta arbetet f\u00f6r n\u00e4sta lektion!<\/p>\n<p>Ha en fin helg \ud83c\udf3c<\/p>\n","protected":false},"excerpt":{"rendered":"<p>Lektion 3 Anteckningar: Lektion 3 Heml\u00e4xor: Repetera dagens lektion! TB s. 20, 21 &#8211; l\u00e4s texten &#8221;Vad g\u00f6r de i Sverige&#8221; och kolla upp nya ord. F\u00f6r varje mening markera subjekt (S) och verb (V). Ta inspiration fr\u00e5n dialogerna och skriv en kort text om dig sj\u00e4lv &#8211; inkludera vad du\/hen g\u00f6r (jobb\/plugg\/\u2026), vad \u00e4r [&hellip;]<\/p>\n","protected":false},"author":961,"featured_media":0,"parent":0,"menu_order":0,"comment_status":"closed","ping_status":"closed","template":"","meta":{"footnotes":""},"class_list":["post-749","page","type-page","status-publish","hentry","post-preview"],"_links":{"self":[{"href":"https:\/\/blogg.folkuniversitetet.nu\/carefr\/wp-json\/wp\/v2\/pages\/749","targetHints":{"allow":["GET"]}}],"collection":[{"href":"https:\/\/blogg.folkuniversitetet.nu\/carefr\/wp-json\/wp\/v2\/pages"}],"about":[{"href":"https:\/\/blogg.folkuniversitetet.nu\/carefr\/wp-json\/wp\/v2\/types\/page"}],"author":[{"embeddable":true,"href":"https:\/\/blogg.folkuniversitetet.nu\/carefr\/wp-json\/wp\/v2\/users\/961"}],"replies":[{"embeddable":true,"href":"https:\/\/blogg.folkuniversitetet.nu\/carefr\/wp-json\/wp\/v2\/comments?post=749"}],"version-history":[{"count":7,"href":"https:\/\/blogg.folkuniversitetet.nu\/carefr\/wp-json\/wp\/v2\/pages\/749\/revisions"}],"predecessor-version":[{"id":760,"href":"https:\/\/blogg.folkuniversitetet.nu\/carefr\/wp-json\/wp\/v2\/pages\/749\/revisions\/760"}],"wp:attachment":[{"href":"https:\/\/blogg.folkuniversitetet.nu\/carefr\/wp-json\/wp\/v2\/media?parent=749"}],"curies":[{"name":"wp","href":"https:\/\/api.w.org\/{rel}","templated":true}]}}