{"id":738,"date":"2026-04-09T16:34:06","date_gmt":"2026-04-09T15:34:06","guid":{"rendered":"https:\/\/blogg.folkuniversitetet.nu\/carefr\/?page_id=738"},"modified":"2026-04-09T21:04:57","modified_gmt":"2026-04-09T20:04:57","slug":"a1-del-1-start-7-april-kursvecka-1","status":"publish","type":"page","link":"https:\/\/blogg.folkuniversitetet.nu\/carefr\/a1-del-1-start-7-april-kursvecka-1\/","title":{"rendered":"A1 del 1 start 7 april &#8211; Kursvecka #1"},"content":{"rendered":"<h5>Lektion 1<\/h5>\n<p><strong>Heml\u00e4xor<\/strong>: <strong>\u00d6B s.7, s.10<\/strong>. <strong>TB s.12-16<\/strong> bara <strong>l\u00e4sa<\/strong> och kolla upp nya ord.<\/p>\n<p>&nbsp;<\/p>\n<h5>Lektion 2<\/h5>\n<p><strong>Anteckningar<\/strong>: <a href=\"https:\/\/drive.google.com\/file\/d\/1WxAAIW6xBu0xK8v0dnfLmpyTt9ta-1fp\/view?usp=drivesdk\">Lektion 2<\/a><\/p>\n<p><strong>Heml\u00e4xor<\/strong>: <strong>tr\u00e4na uttalet<\/strong> &#8211; repetera uttals\u00f6vningar som vi har gjort idag! <strong>\u00d6B s.9<\/strong> &#8211; verb + inte, <strong>s.11<\/strong> &#8211; land och spr\u00e5k. <strong>TB s.15<\/strong> &#8211; titta p\u00e5 alla ord i den gr\u00f6na rutan som beskriver relationer och dubbelkolla att du f\u00f6rst\u00e5r dem: vad betyder det p\u00e5 engelska\/ditt modersm\u00e5l? Hur uttalar man dem? (Testa!) Sen <strong>skriv n\u00e5gra meningar om dig sj\u00e4lv<\/strong>: har du en partner? \u00c4r du gift\/sambo\/separerad\/singel\/\u2026? Har du barn? (Vi kommer att diskutera de fr\u00e5gorna i klassen)<\/p>\n<p>Trevlig helg \u263a\ufe0f<\/p>\n","protected":false},"excerpt":{"rendered":"<p>Lektion 1 Heml\u00e4xor: \u00d6B s.7, s.10. TB s.12-16 bara l\u00e4sa och kolla upp nya ord. &nbsp; Lektion 2 Anteckningar: Lektion 2 Heml\u00e4xor: tr\u00e4na uttalet &#8211; repetera uttals\u00f6vningar som vi har gjort idag! \u00d6B s.9 &#8211; verb + inte, s.11 &#8211; land och spr\u00e5k. TB s.15 &#8211; titta p\u00e5 alla ord i den gr\u00f6na rutan som [&hellip;]<\/p>\n","protected":false},"author":961,"featured_media":0,"parent":0,"menu_order":0,"comment_status":"closed","ping_status":"closed","template":"","meta":{"footnotes":""},"class_list":["post-738","page","type-page","status-publish","hentry","post-preview"],"_links":{"self":[{"href":"https:\/\/blogg.folkuniversitetet.nu\/carefr\/wp-json\/wp\/v2\/pages\/738","targetHints":{"allow":["GET"]}}],"collection":[{"href":"https:\/\/blogg.folkuniversitetet.nu\/carefr\/wp-json\/wp\/v2\/pages"}],"about":[{"href":"https:\/\/blogg.folkuniversitetet.nu\/carefr\/wp-json\/wp\/v2\/types\/page"}],"author":[{"embeddable":true,"href":"https:\/\/blogg.folkuniversitetet.nu\/carefr\/wp-json\/wp\/v2\/users\/961"}],"replies":[{"embeddable":true,"href":"https:\/\/blogg.folkuniversitetet.nu\/carefr\/wp-json\/wp\/v2\/comments?post=738"}],"version-history":[{"count":6,"href":"https:\/\/blogg.folkuniversitetet.nu\/carefr\/wp-json\/wp\/v2\/pages\/738\/revisions"}],"predecessor-version":[{"id":748,"href":"https:\/\/blogg.folkuniversitetet.nu\/carefr\/wp-json\/wp\/v2\/pages\/738\/revisions\/748"}],"wp:attachment":[{"href":"https:\/\/blogg.folkuniversitetet.nu\/carefr\/wp-json\/wp\/v2\/media?parent=738"}],"curies":[{"name":"wp","href":"https:\/\/api.w.org\/{rel}","templated":true}]}}