{"id":713,"date":"2026-03-17T22:52:31","date_gmt":"2026-03-17T21:52:31","guid":{"rendered":"https:\/\/blogg.folkuniversitetet.nu\/carefr\/?page_id=713"},"modified":"2026-03-19T23:42:02","modified_gmt":"2026-03-19T22:42:02","slug":"a2-del-2-kursvecka-4","status":"publish","type":"page","link":"https:\/\/blogg.folkuniversitetet.nu\/carefr\/a2-del-2-kursvecka-4\/","title":{"rendered":"A2 del 2 &#8211; Kursvecka #4"},"content":{"rendered":"<h5>Lektion 7<\/h5>\n<p><strong>Anteckningar<\/strong>: <a href=\"https:\/\/drive.google.com\/file\/d\/1V4-rp5jL4BlgrdguDKUmyhxDg4b1dVMF\/view?usp=drivesdk\">Lektion 7<\/a><\/p>\n<p><strong>Heml\u00e4xor<\/strong>: <strong>\u00d6B s.219<\/strong>. <strong>TB s.220-221<\/strong> &#8211; l\u00e4s igenom texten &#8221;N\u00e5gra tankar om arbete och karri\u00e4r&#8221; och f\u00f6r varje dialog <strong>skriv ett svar<\/strong>, som om du kunde prata med denna person, d\u00e4r du ber\u00e4ttar om du h\u00e5ller med hen eller inte och varf\u00f6r. T\u00e4nk p\u00e5 hur du formulerar din \u00e5sikt (i anteckningar hittar du n\u00e5gra f\u00f6rslag p\u00e5 sista sida, annars titta p\u00e5 den gr\u00f6na rutan s.221 &#8211; Ha en \u00e5sikt).<\/p>\n<p>&nbsp;<\/p>\n<h5>Lektion 8<\/h5>\n<p><strong>Heml\u00e4xor<\/strong>: <strong>Repetera<\/strong> dagens lektion! Studera och <strong>\u00f6va p\u00e5 de 15 orden<\/strong> ni har valt fr\u00e5n ordkorten. <strong>\u00d6B s. 235-238<\/strong>.<\/p>\n","protected":false},"excerpt":{"rendered":"<p>Lektion 7 Anteckningar: Lektion 7 Heml\u00e4xor: \u00d6B s.219. TB s.220-221 &#8211; l\u00e4s igenom texten &#8221;N\u00e5gra tankar om arbete och karri\u00e4r&#8221; och f\u00f6r varje dialog skriv ett svar, som om du kunde prata med denna person, d\u00e4r du ber\u00e4ttar om du h\u00e5ller med hen eller inte och varf\u00f6r. T\u00e4nk p\u00e5 hur du formulerar din \u00e5sikt (i [&hellip;]<\/p>\n","protected":false},"author":961,"featured_media":0,"parent":0,"menu_order":0,"comment_status":"closed","ping_status":"closed","template":"","meta":{"footnotes":""},"class_list":["post-713","page","type-page","status-publish","hentry","post-preview"],"_links":{"self":[{"href":"https:\/\/blogg.folkuniversitetet.nu\/carefr\/wp-json\/wp\/v2\/pages\/713","targetHints":{"allow":["GET"]}}],"collection":[{"href":"https:\/\/blogg.folkuniversitetet.nu\/carefr\/wp-json\/wp\/v2\/pages"}],"about":[{"href":"https:\/\/blogg.folkuniversitetet.nu\/carefr\/wp-json\/wp\/v2\/types\/page"}],"author":[{"embeddable":true,"href":"https:\/\/blogg.folkuniversitetet.nu\/carefr\/wp-json\/wp\/v2\/users\/961"}],"replies":[{"embeddable":true,"href":"https:\/\/blogg.folkuniversitetet.nu\/carefr\/wp-json\/wp\/v2\/comments?post=713"}],"version-history":[{"count":5,"href":"https:\/\/blogg.folkuniversitetet.nu\/carefr\/wp-json\/wp\/v2\/pages\/713\/revisions"}],"predecessor-version":[{"id":722,"href":"https:\/\/blogg.folkuniversitetet.nu\/carefr\/wp-json\/wp\/v2\/pages\/713\/revisions\/722"}],"wp:attachment":[{"href":"https:\/\/blogg.folkuniversitetet.nu\/carefr\/wp-json\/wp\/v2\/media?parent=713"}],"curies":[{"name":"wp","href":"https:\/\/api.w.org\/{rel}","templated":true}]}}