{"id":702,"date":"2026-03-11T08:20:17","date_gmt":"2026-03-11T07:20:17","guid":{"rendered":"https:\/\/blogg.folkuniversitetet.nu\/carefr\/?page_id=702"},"modified":"2026-03-12T22:11:23","modified_gmt":"2026-03-12T21:11:23","slug":"a2-del-2-kursvecka-3","status":"publish","type":"page","link":"https:\/\/blogg.folkuniversitetet.nu\/carefr\/a2-del-2-kursvecka-3\/","title":{"rendered":"A2 del 2 &#8211; Kursvecka #3"},"content":{"rendered":"<h5>Lektion 5<\/h5>\n<p><strong>Anteckningar<\/strong>: <a href=\"https:\/\/drive.google.com\/file\/d\/1IB563_X21LXeWH-yBT1SO-1S90WBDXUk\/view?usp=drivesdk\">Lektion 5<\/a><\/p>\n<p><strong>Heml\u00e4xor<\/strong>: <strong>TB s.210<\/strong> &#8211; M\u00f6bler och annat. Matcha m\u00f6blerna med namn, h\u00e4r vill jag att ni inte anv\u00e4nder internet f\u00f6r att \u00f6vers\u00e4tta ord utan att ni anv\u00e4nder er av era f\u00f6rkunskaper (m\u00e5nga ord kan ni redan!) samt reflekterar p\u00e5 \u00a0hur ord \u00e4r uppbyggda, t.ex. bokhylla = bok + hylla, d\u00e4rf\u00f6r \u00e4ren hylla f\u00f6r b\u00f6cker. <strong>\u00d6B s.213<\/strong>, <strong>215<\/strong> (C).<\/p>\n<h5>Lektion 6<\/h5>\n<p><strong>Anteckningar<\/strong>: <a href=\"https:\/\/drive.google.com\/file\/d\/1NeAlYNSzhFGlMDLoMnCC_9FVfho1_rki\/view?usp=drivesdk\">Lektion 6<\/a><\/p>\n<p>Heml\u00e4xor: <strong>\u00d6B s.216<\/strong> (A). <strong>TB s. 213<\/strong> (D) &#8211; fr\u00e4scha upp minnet och tr\u00e4na p\u00e5 prepositioner om placering (var en viss sak ligger i relation till andra saker runt).<\/p>\n<p><strong>Skriv en kort text<\/strong> d\u00e4r du beskriver i detaljer <strong>ett rum<\/strong> i din l\u00e4genhet\/ditt hus. Ber\u00e4tta vilka <strong>m\u00f6bler<\/strong> som finns i det, hur de <strong>ser ut<\/strong> och anv\u00e4nd <strong>prepositioner<\/strong> f\u00f6r att beskriva vilken position m\u00f6blerna har (t.ex. tvn st\u00e5r p\u00e5 en l\u00e5ng, vit b\u00e4nk mittemot soffan). Ta med dig texten till n\u00e4sta lektion!<\/p>\n","protected":false},"excerpt":{"rendered":"<p>Lektion 5 Anteckningar: Lektion 5 Heml\u00e4xor: TB s.210 &#8211; M\u00f6bler och annat. Matcha m\u00f6blerna med namn, h\u00e4r vill jag att ni inte anv\u00e4nder internet f\u00f6r att \u00f6vers\u00e4tta ord utan att ni anv\u00e4nder er av era f\u00f6rkunskaper (m\u00e5nga ord kan ni redan!) samt reflekterar p\u00e5 \u00a0hur ord \u00e4r uppbyggda, t.ex. bokhylla = bok + hylla, d\u00e4rf\u00f6r [&hellip;]<\/p>\n","protected":false},"author":961,"featured_media":0,"parent":0,"menu_order":0,"comment_status":"closed","ping_status":"closed","template":"","meta":{"footnotes":""},"class_list":["post-702","page","type-page","status-publish","hentry","post-preview"],"_links":{"self":[{"href":"https:\/\/blogg.folkuniversitetet.nu\/carefr\/wp-json\/wp\/v2\/pages\/702","targetHints":{"allow":["GET"]}}],"collection":[{"href":"https:\/\/blogg.folkuniversitetet.nu\/carefr\/wp-json\/wp\/v2\/pages"}],"about":[{"href":"https:\/\/blogg.folkuniversitetet.nu\/carefr\/wp-json\/wp\/v2\/types\/page"}],"author":[{"embeddable":true,"href":"https:\/\/blogg.folkuniversitetet.nu\/carefr\/wp-json\/wp\/v2\/users\/961"}],"replies":[{"embeddable":true,"href":"https:\/\/blogg.folkuniversitetet.nu\/carefr\/wp-json\/wp\/v2\/comments?post=702"}],"version-history":[{"count":5,"href":"https:\/\/blogg.folkuniversitetet.nu\/carefr\/wp-json\/wp\/v2\/pages\/702\/revisions"}],"predecessor-version":[{"id":712,"href":"https:\/\/blogg.folkuniversitetet.nu\/carefr\/wp-json\/wp\/v2\/pages\/702\/revisions\/712"}],"wp:attachment":[{"href":"https:\/\/blogg.folkuniversitetet.nu\/carefr\/wp-json\/wp\/v2\/media?parent=702"}],"curies":[{"name":"wp","href":"https:\/\/api.w.org\/{rel}","templated":true}]}}