{"id":69,"date":"2025-03-05T09:19:35","date_gmt":"2025-03-05T08:19:35","guid":{"rendered":"https:\/\/blogg.folkuniversitetet.nu\/carefr\/?page_id=69"},"modified":"2025-04-16T08:38:45","modified_gmt":"2025-04-16T07:38:45","slug":"a1-del-1-start-4-mars","status":"publish","type":"page","link":"https:\/\/blogg.folkuniversitetet.nu\/carefr\/a1-del-1-start-4-mars\/","title":{"rendered":"A1 del 1 start 8 april &#8211; Kursvecka #1"},"content":{"rendered":"<h5><strong>Lektion 1<\/strong><\/h5>\n<p><strong>Anteckningar<\/strong>: <a href=\"http:\/\/blogg.folkuniversitetet.nu\/carefr\/files\/2025\/04\/Lektion-1-A1-del-1.pdf\">Lektion 1<\/a><\/p>\n<p><strong>Heml\u00e4xor<\/strong>: Repetera dagen lektion! Kolla p\u00e5 n\u00e4tet vad ditt yrke heter p\u00e5 svenska (t.ex. teacher = l\u00e4rare). \u00d6B (\u00f6vningsbok) s.7 &#8211; D, TB (textbok) s.9 &#8211; Presentation: l\u00e4s igenom texten och markerar subjekt och verb i alla meningar.<\/p>\n<p><strong>Homework<\/strong>: Repeat today\u2019s lesson! Look up on the internet what is the name of your profession in swedish. \u00d6B s.7 &#8211; D, TB s.9 &#8211; Presentation: read the text and mark subject and verb in all sentences.<\/p>\n<h5>Lektion 2<\/h5>\n<p><strong>Anteckningar<\/strong>: <a href=\"http:\/\/blogg.folkuniversitetet.nu\/carefr\/files\/2025\/04\/Lektion-2-1.pdf\">Lektion 2<\/a><\/p>\n<p><strong>Heml\u00e4xor<\/strong>: Repetera dagens lektion! \u00d6B s.9 (skriv meningar med inte), s.12 (A-B). TB s.14 &#8211; Gift, sambo eller singel? (L\u00e4s texten och \u00f6versatta alla nya ord. Skriv n\u00e5gra rad om dig sj\u00e4lv: har du n\u00e5gon partner? \u00c4r du gift? Har du barn?)<\/p>\n<p>Ha en trevlig helg!<\/p>\n","protected":false},"excerpt":{"rendered":"<p>Lektion 1 Anteckningar: Lektion 1 Heml\u00e4xor: Repetera dagen lektion! Kolla p\u00e5 n\u00e4tet vad ditt yrke heter p\u00e5 svenska (t.ex. teacher = l\u00e4rare). \u00d6B (\u00f6vningsbok) s.7 &#8211; D, TB (textbok) s.9 &#8211; Presentation: l\u00e4s igenom texten och markerar subjekt och verb i alla meningar. Homework: Repeat today\u2019s lesson! Look up on the internet what is the [&hellip;]<\/p>\n","protected":false},"author":961,"featured_media":0,"parent":0,"menu_order":0,"comment_status":"closed","ping_status":"closed","template":"","meta":{"footnotes":""},"class_list":["post-69","page","type-page","status-publish","hentry","post-preview"],"_links":{"self":[{"href":"https:\/\/blogg.folkuniversitetet.nu\/carefr\/wp-json\/wp\/v2\/pages\/69","targetHints":{"allow":["GET"]}}],"collection":[{"href":"https:\/\/blogg.folkuniversitetet.nu\/carefr\/wp-json\/wp\/v2\/pages"}],"about":[{"href":"https:\/\/blogg.folkuniversitetet.nu\/carefr\/wp-json\/wp\/v2\/types\/page"}],"author":[{"embeddable":true,"href":"https:\/\/blogg.folkuniversitetet.nu\/carefr\/wp-json\/wp\/v2\/users\/961"}],"replies":[{"embeddable":true,"href":"https:\/\/blogg.folkuniversitetet.nu\/carefr\/wp-json\/wp\/v2\/comments?post=69"}],"version-history":[{"count":11,"href":"https:\/\/blogg.folkuniversitetet.nu\/carefr\/wp-json\/wp\/v2\/pages\/69\/revisions"}],"predecessor-version":[{"id":197,"href":"https:\/\/blogg.folkuniversitetet.nu\/carefr\/wp-json\/wp\/v2\/pages\/69\/revisions\/197"}],"wp:attachment":[{"href":"https:\/\/blogg.folkuniversitetet.nu\/carefr\/wp-json\/wp\/v2\/media?parent=69"}],"curies":[{"name":"wp","href":"https:\/\/api.w.org\/{rel}","templated":true}]}}