{"id":689,"date":"2026-03-04T11:01:45","date_gmt":"2026-03-04T10:01:45","guid":{"rendered":"https:\/\/blogg.folkuniversitetet.nu\/carefr\/?page_id=689"},"modified":"2026-03-06T16:17:05","modified_gmt":"2026-03-06T15:17:05","slug":"a2-del-2-kursvecka-2","status":"publish","type":"page","link":"https:\/\/blogg.folkuniversitetet.nu\/carefr\/a2-del-2-kursvecka-2\/","title":{"rendered":"A2 del 2 &#8211; Kursvecka #2"},"content":{"rendered":"<h5>Lektion 3<\/h5>\n<p><strong>Anteckningar<\/strong>: <a href=\"https:\/\/drive.google.com\/file\/d\/1j9cPN6gekx6VlPzl1YwC1D1R1FLIiUvm\/view?usp=drivesdk\">Lektion 3<\/a><\/p>\n<p><strong>Heml\u00e4xor<\/strong>: skriv <strong>n\u00e5gra meningar om dina planer f\u00f6r den kommande helgen<\/strong> (om du inte har n\u00e5got planerar kan du hitta p\u00e5) &#8211; anv\u00e4nd <strong>ska\/kommer att\/presensform + framtidsadverb<\/strong> och ber\u00e4tta om vad du skulle vilja g\u00f6ra <strong>f\u00f6rst<\/strong>, vad du skulle g\u00f6ra <strong>sen\/efter det<\/strong> samt <strong>d\u00e5<\/strong> (n\u00e4r du refererar tillbaka till en specifik tid). T.ex: I helgen ska jag ha middag med min man p\u00e5 en restaurang d\u00e4r de spelar livemusik. Vi kommer s\u00e4kert att g\u00f6ra n\u00e5got annat innan, kanske ta en sv\u00e4ng p\u00e5 Science Fiction Bokhandeln i Gamla Stan f\u00f6rst och sen fika p\u00e5 v\u00e5rt favoritcaf\u00e9. Efter det kan vi strosa runt tills kl 18:15. D\u00e5 ska vi ha middag och njuta av musiken.<\/p>\n<p>&nbsp;<\/p>\n<h5>Lektion 4<\/h5>\n<p><strong>Anteckningar<\/strong>: <a href=\"https:\/\/drive.google.com\/file\/d\/1969Vwd6DxPhWfdbdmCL3iT9tGUwaVi8r\/view?usp=drivesdk\">Lektion 4<\/a><\/p>\n<p><strong>Heml\u00e4xor<\/strong>: <strong>\u00d6va vokabul\u00e4r<\/strong>&#8211; i lektions anteckningar hittar ni listan av de nya ord kopplade till bost\u00e4der (eller TB s.201- D), tr\u00e4na p\u00e5 att f\u00f6rklara dem med <strong>egna ord<\/strong>. Sedan <strong>skriv en kort text<\/strong> d\u00e4r du ber\u00e4ttar om vilken typ av bostad bor du i just nu (\u00e4r den en l\u00e4genhet? En radhus? Hur stor \u00e4r den?) och vilka \u00e4r f\u00f6rdelarna och nackdelarna med den, enligt dig. Ber\u00e4tta ocks\u00e5 om dina framtida planer &#8211; vilken typ av bostad dr\u00f6mmer du om? Vilka delar \u00e4r viktiga f\u00f6r dig att ha? (t.ex. stor balkong, att man f\u00e5 direkt sol, ett v\u00e4l utrustat k\u00f6k\u2026) Skulle du vilja bo centralt eller kanske i en f\u00f6rort n\u00e4ra naturen? Varf\u00f6r d\u00e5? <strong>T\u00e4nk p\u00e5 framtidsformer<\/strong> (ska\/kommer att\/presens + framtidsadverb)!<\/p>\n<p><strong>Extra<\/strong> (f\u00f6r att forts\u00e4tta \u00f6va ord om skola och utbildning): <strong>\u00d6B s.209, 210<\/strong>.<\/p>\n","protected":false},"excerpt":{"rendered":"<p>Lektion 3 Anteckningar: Lektion 3 Heml\u00e4xor: skriv n\u00e5gra meningar om dina planer f\u00f6r den kommande helgen (om du inte har n\u00e5got planerar kan du hitta p\u00e5) &#8211; anv\u00e4nd ska\/kommer att\/presensform + framtidsadverb och ber\u00e4tta om vad du skulle vilja g\u00f6ra f\u00f6rst, vad du skulle g\u00f6ra sen\/efter det samt d\u00e5 (n\u00e4r du refererar tillbaka till en [&hellip;]<\/p>\n","protected":false},"author":961,"featured_media":0,"parent":0,"menu_order":0,"comment_status":"closed","ping_status":"closed","template":"","meta":{"footnotes":""},"class_list":["post-689","page","type-page","status-publish","hentry","post-preview"],"_links":{"self":[{"href":"https:\/\/blogg.folkuniversitetet.nu\/carefr\/wp-json\/wp\/v2\/pages\/689","targetHints":{"allow":["GET"]}}],"collection":[{"href":"https:\/\/blogg.folkuniversitetet.nu\/carefr\/wp-json\/wp\/v2\/pages"}],"about":[{"href":"https:\/\/blogg.folkuniversitetet.nu\/carefr\/wp-json\/wp\/v2\/types\/page"}],"author":[{"embeddable":true,"href":"https:\/\/blogg.folkuniversitetet.nu\/carefr\/wp-json\/wp\/v2\/users\/961"}],"replies":[{"embeddable":true,"href":"https:\/\/blogg.folkuniversitetet.nu\/carefr\/wp-json\/wp\/v2\/comments?post=689"}],"version-history":[{"count":8,"href":"https:\/\/blogg.folkuniversitetet.nu\/carefr\/wp-json\/wp\/v2\/pages\/689\/revisions"}],"predecessor-version":[{"id":701,"href":"https:\/\/blogg.folkuniversitetet.nu\/carefr\/wp-json\/wp\/v2\/pages\/689\/revisions\/701"}],"wp:attachment":[{"href":"https:\/\/blogg.folkuniversitetet.nu\/carefr\/wp-json\/wp\/v2\/media?parent=689"}],"curies":[{"name":"wp","href":"https:\/\/api.w.org\/{rel}","templated":true}]}}