{"id":674,"date":"2026-02-24T21:25:30","date_gmt":"2026-02-24T20:25:30","guid":{"rendered":"https:\/\/blogg.folkuniversitetet.nu\/carefr\/?page_id=674"},"modified":"2026-02-27T09:52:04","modified_gmt":"2026-02-27T08:52:04","slug":"a2-del-2-start-24-februari-kursvecka-1","status":"publish","type":"page","link":"https:\/\/blogg.folkuniversitetet.nu\/carefr\/a2-del-2-start-24-februari-kursvecka-1\/","title":{"rendered":"A2 del 2 start 24 februari &#8211; Kursvecka #1"},"content":{"rendered":"<h5>Lektion 1<\/h5>\n<p><strong>Anteckningar<\/strong>: <a href=\"https:\/\/drive.google.com\/file\/d\/1r6jhGvHJgFgCPaiENXVwUJ90Eidp7_4q\/view?usp=drivesdk\">Lektion 1<\/a><\/p>\n<p><strong>Heml\u00e4xor<\/strong>: <strong>TB s.187<\/strong> &#8211; tr\u00e4na p\u00e5 att f\u00f6rklara vad de olika begreppen betyder\/inneb\u00e4r p\u00e5 svenska (ordlistan med f\u00f6rklaringar hittar ni p\u00e5 f\u00f6rsta sidan i mina anteckningar), <strong>s.189<\/strong> (G) &#8211; v\u00e4lj mellan f\u00f6r att, utan att och genom att. <strong>\u00d6B s.189<\/strong>.<\/p>\n<p>&nbsp;<\/p>\n<h5>Lektion 2<\/h5>\n<p><strong>Anteckningar<\/strong>: <a href=\"https:\/\/drive.google.com\/file\/d\/1R_YD8JcTBEz6JpT9UhpA4JvFZIsyRHlm\/view?usp=drivesdk\">Lektion 2<\/a><\/p>\n<p><strong>Heml\u00e4xor<\/strong>: <strong>Skriv en kort text<\/strong> d\u00e4r du ber\u00e4ttar om din egen skoltid och vad du gjorde efter skolan genom att svara p\u00e5 fr\u00e5gorna &#8211; Vad tyckte du om skolan? Vilka var dina favorit\u00e4mnen? Fanns det ett \u00e4mne som du tyckte var sv\u00e5rt? (P\u00e5 sidan 194 i TB finns det en lista med n\u00e5gra skol\u00e4mnen du kan titta p\u00e5) Hade du n\u00e5gon favoritl\u00e4rare? Varf\u00f6r gillade du hen? Vad gjorde du efter skolan? <strong>Ta med dig texten<\/strong> s\u00e5 att du kan l\u00e4sa den till dina klasskamrater!<\/p>\n<p>I texten &#8221;Olika v\u00e4gar till jobbet&#8221; (<strong>TB s.192, 193<\/strong>) anv\u00e4nds m\u00e5nga relativa bisatser med <strong>bisatsinledare SOM<\/strong> &#8211; <strong>stryk de under<\/strong> i texten och <strong>f\u00f6rklara med egna ord<\/strong> vilken funktion de fyller och vilken form de har (var placeras verb, satsadverbial, subjekt osv). Varf\u00f6r har vissa inget subjekt medan andrar har det, tycker du? Sedan g\u00f6r \u00f6vningen i <strong>\u00d6B s.202<\/strong>.<\/p>\n<p>Trevlig helg!<\/p>\n","protected":false},"excerpt":{"rendered":"<p>Lektion 1 Anteckningar: Lektion 1 Heml\u00e4xor: TB s.187 &#8211; tr\u00e4na p\u00e5 att f\u00f6rklara vad de olika begreppen betyder\/inneb\u00e4r p\u00e5 svenska (ordlistan med f\u00f6rklaringar hittar ni p\u00e5 f\u00f6rsta sidan i mina anteckningar), s.189 (G) &#8211; v\u00e4lj mellan f\u00f6r att, utan att och genom att. \u00d6B s.189. &nbsp; Lektion 2 Anteckningar: Lektion 2 Heml\u00e4xor: Skriv en kort [&hellip;]<\/p>\n","protected":false},"author":961,"featured_media":0,"parent":0,"menu_order":0,"comment_status":"closed","ping_status":"closed","template":"","meta":{"footnotes":""},"class_list":["post-674","page","type-page","status-publish","hentry","post-preview"],"_links":{"self":[{"href":"https:\/\/blogg.folkuniversitetet.nu\/carefr\/wp-json\/wp\/v2\/pages\/674","targetHints":{"allow":["GET"]}}],"collection":[{"href":"https:\/\/blogg.folkuniversitetet.nu\/carefr\/wp-json\/wp\/v2\/pages"}],"about":[{"href":"https:\/\/blogg.folkuniversitetet.nu\/carefr\/wp-json\/wp\/v2\/types\/page"}],"author":[{"embeddable":true,"href":"https:\/\/blogg.folkuniversitetet.nu\/carefr\/wp-json\/wp\/v2\/users\/961"}],"replies":[{"embeddable":true,"href":"https:\/\/blogg.folkuniversitetet.nu\/carefr\/wp-json\/wp\/v2\/comments?post=674"}],"version-history":[{"count":9,"href":"https:\/\/blogg.folkuniversitetet.nu\/carefr\/wp-json\/wp\/v2\/pages\/674\/revisions"}],"predecessor-version":[{"id":687,"href":"https:\/\/blogg.folkuniversitetet.nu\/carefr\/wp-json\/wp\/v2\/pages\/674\/revisions\/687"}],"wp:attachment":[{"href":"https:\/\/blogg.folkuniversitetet.nu\/carefr\/wp-json\/wp\/v2\/media?parent=674"}],"curies":[{"name":"wp","href":"https:\/\/api.w.org\/{rel}","templated":true}]}}