{"id":663,"date":"2026-02-18T08:44:15","date_gmt":"2026-02-18T07:44:15","guid":{"rendered":"https:\/\/blogg.folkuniversitetet.nu\/carefr\/?page_id=663"},"modified":"2026-02-20T15:37:56","modified_gmt":"2026-02-20T14:37:56","slug":"a2-del-1-kursvecka-5","status":"publish","type":"page","link":"https:\/\/blogg.folkuniversitetet.nu\/carefr\/a2-del-1-kursvecka-5\/","title":{"rendered":"A2 del 1 &#8211; Kursvecka #5"},"content":{"rendered":"<h5>Lektion 9<\/h5>\n<p><strong>Anteckningar<\/strong>: <a href=\"https:\/\/drive.google.com\/file\/d\/14vaowfmQ0JVLPwYloZdUqzsWP6oD33MC\/view?usp=drivesdk\">Lektion 9<\/a><\/p>\n<p><strong>Heml\u00e4xor<\/strong>: g\u00e5 igenom alla anteckningar och \u00f6va p\u00e5 de grammatiska delarna vi har gjort under de h\u00e4r veckorna &#8211; bisatser och bisatsinledare, adjektiv, verbformer, adverb (position, destination, fr\u00e5n position), konjunktioner, NU och D\u00c5-adverb, mycket\/lite &#8211; f\u00e5\/m\u00e5nga, tro\/tycker, substantiv best\u00e4md och obest\u00e4md, ocks\u00e5\/inte heller, ingen\/inget\/inga och n\u00e5gon\/n\u00e5got\/n\u00e5gra. <strong>Tips<\/strong>: i \u00d6B hittar man, vid slutet av varje kapitel, \u00f6vningar som \u00f6var p\u00e5 allt som kapitlet handlade om.<\/p>\n<p><strong>Extra<\/strong>: s\u00f6k efter snapsvisor och hitta en som du tycker extra mycket om. Du kan g\u00e4rna ber\u00e4tta f\u00f6r gruppen vad du hittade och varf\u00f6r du tycker om den. Jag kan tipsa om denna <a href=\"https:\/\/festvisor.se\/snapsvisor\/\">webbsida<\/a> med m\u00e5nga klassiska snapsvisor. Man kan lyssna p\u00e5 melodin p\u00e5 YouTube eller p\u00e5 Spotify.<\/p>\n<p>&nbsp;<\/p>\n<h5>Lektion 10<\/h5>\n<p><strong>Anteckningar<\/strong>: <a href=\"https:\/\/drive.google.com\/file\/d\/1cfB4czRruIMEmO0HNY4nTLuSUtP0dG69\/view?usp=drivesdk\">Lektion 10<\/a><\/p>\n<p>Tack allihopa f\u00f6r denna kurs! Super bra jobbat \ud83d\udc4f<\/p>\n","protected":false},"excerpt":{"rendered":"<p>Lektion 9 Anteckningar: Lektion 9 Heml\u00e4xor: g\u00e5 igenom alla anteckningar och \u00f6va p\u00e5 de grammatiska delarna vi har gjort under de h\u00e4r veckorna &#8211; bisatser och bisatsinledare, adjektiv, verbformer, adverb (position, destination, fr\u00e5n position), konjunktioner, NU och D\u00c5-adverb, mycket\/lite &#8211; f\u00e5\/m\u00e5nga, tro\/tycker, substantiv best\u00e4md och obest\u00e4md, ocks\u00e5\/inte heller, ingen\/inget\/inga och n\u00e5gon\/n\u00e5got\/n\u00e5gra. Tips: i \u00d6B hittar [&hellip;]<\/p>\n","protected":false},"author":961,"featured_media":0,"parent":0,"menu_order":0,"comment_status":"closed","ping_status":"closed","template":"","meta":{"footnotes":""},"class_list":["post-663","page","type-page","status-publish","hentry","post-preview"],"_links":{"self":[{"href":"https:\/\/blogg.folkuniversitetet.nu\/carefr\/wp-json\/wp\/v2\/pages\/663","targetHints":{"allow":["GET"]}}],"collection":[{"href":"https:\/\/blogg.folkuniversitetet.nu\/carefr\/wp-json\/wp\/v2\/pages"}],"about":[{"href":"https:\/\/blogg.folkuniversitetet.nu\/carefr\/wp-json\/wp\/v2\/types\/page"}],"author":[{"embeddable":true,"href":"https:\/\/blogg.folkuniversitetet.nu\/carefr\/wp-json\/wp\/v2\/users\/961"}],"replies":[{"embeddable":true,"href":"https:\/\/blogg.folkuniversitetet.nu\/carefr\/wp-json\/wp\/v2\/comments?post=663"}],"version-history":[{"count":4,"href":"https:\/\/blogg.folkuniversitetet.nu\/carefr\/wp-json\/wp\/v2\/pages\/663\/revisions"}],"predecessor-version":[{"id":672,"href":"https:\/\/blogg.folkuniversitetet.nu\/carefr\/wp-json\/wp\/v2\/pages\/663\/revisions\/672"}],"wp:attachment":[{"href":"https:\/\/blogg.folkuniversitetet.nu\/carefr\/wp-json\/wp\/v2\/media?parent=663"}],"curies":[{"name":"wp","href":"https:\/\/api.w.org\/{rel}","templated":true}]}}