{"id":652,"date":"2026-02-11T12:01:49","date_gmt":"2026-02-11T11:01:49","guid":{"rendered":"https:\/\/blogg.folkuniversitetet.nu\/carefr\/?page_id=652"},"modified":"2026-02-12T21:35:43","modified_gmt":"2026-02-12T20:35:43","slug":"a2-del-1-kursvecka-4","status":"publish","type":"page","link":"https:\/\/blogg.folkuniversitetet.nu\/carefr\/a2-del-1-kursvecka-4\/","title":{"rendered":"A2 del 1 &#8211; Kursvecka #4"},"content":{"rendered":"<h5>Lektion 7<\/h5>\n<p><strong>Anteckningar<\/strong>: <a href=\"https:\/\/drive.google.com\/file\/d\/1F9d0Q9Wwm02WjmqqcE4KSDVWcDhJ8VQm\/view?usp=drivesdk\">Lektion 7<\/a><\/p>\n<p><strong>Heml\u00e4xor<\/strong>: <strong>\u00d6B s.159<\/strong> (A-B) f\u00f6r A: komplettera tabellen med de olika former av verben sitta, st\u00e5 och ligga s\u00e5 att ni kan anv\u00e4nda r\u00e4tt verbform i uppgiften B. T\u00e4nk p\u00e5 n\u00e4r anv\u00e4nder man presens\/preteritum\/supinum\/infinitiv?<\/p>\n<p><strong>S.166<\/strong> &#8211; position, destination eller fr\u00e5n position? T\u00e4nk alltid p\u00e5 var man befinner sig och om det finns ett verb som signalerar n\u00e5gon r\u00f6relse.<\/p>\n<p>&nbsp;<\/p>\n<h5>Lektion 8<\/h5>\n<p><strong>Anteckningar<\/strong>: <a href=\"https:\/\/drive.google.com\/file\/d\/1x9ojWwGlt8RL3eMGh3BmpuOE_y-XIrSQ\/view?usp=drivesdk\">Lektion 8<\/a><\/p>\n<p><strong>Heml\u00e4xor<\/strong>: <strong>TB s.150<\/strong>: l\u00e4s texten om Fadime och \u00f6vers\u00e4tt nya ord. Sen v\u00e4lj 10 verb (som \u00e4r nya f\u00f6r dig eller som du inte kan helt utantill) fr\u00e5n texten och skapa en tabell med alla verbformer. D\u00e4refter f\u00f6rklara <strong>med egna ord<\/strong>: n\u00e4r anv\u00e4nder man imperativ\/infinitiv\/presens\/preteritum\/supinum?<\/p>\n<p><strong>\u00d6B s.167<\/strong> (B), <strong>s.172<\/strong> (A).<\/p>\n","protected":false},"excerpt":{"rendered":"<p>Lektion 7 Anteckningar: Lektion 7 Heml\u00e4xor: \u00d6B s.159 (A-B) f\u00f6r A: komplettera tabellen med de olika former av verben sitta, st\u00e5 och ligga s\u00e5 att ni kan anv\u00e4nda r\u00e4tt verbform i uppgiften B. T\u00e4nk p\u00e5 n\u00e4r anv\u00e4nder man presens\/preteritum\/supinum\/infinitiv? S.166 &#8211; position, destination eller fr\u00e5n position? T\u00e4nk alltid p\u00e5 var man befinner sig och om [&hellip;]<\/p>\n","protected":false},"author":961,"featured_media":0,"parent":0,"menu_order":0,"comment_status":"closed","ping_status":"closed","template":"","meta":{"footnotes":""},"class_list":["post-652","page","type-page","status-publish","hentry","post-preview"],"_links":{"self":[{"href":"https:\/\/blogg.folkuniversitetet.nu\/carefr\/wp-json\/wp\/v2\/pages\/652","targetHints":{"allow":["GET"]}}],"collection":[{"href":"https:\/\/blogg.folkuniversitetet.nu\/carefr\/wp-json\/wp\/v2\/pages"}],"about":[{"href":"https:\/\/blogg.folkuniversitetet.nu\/carefr\/wp-json\/wp\/v2\/types\/page"}],"author":[{"embeddable":true,"href":"https:\/\/blogg.folkuniversitetet.nu\/carefr\/wp-json\/wp\/v2\/users\/961"}],"replies":[{"embeddable":true,"href":"https:\/\/blogg.folkuniversitetet.nu\/carefr\/wp-json\/wp\/v2\/comments?post=652"}],"version-history":[{"count":6,"href":"https:\/\/blogg.folkuniversitetet.nu\/carefr\/wp-json\/wp\/v2\/pages\/652\/revisions"}],"predecessor-version":[{"id":662,"href":"https:\/\/blogg.folkuniversitetet.nu\/carefr\/wp-json\/wp\/v2\/pages\/652\/revisions\/662"}],"wp:attachment":[{"href":"https:\/\/blogg.folkuniversitetet.nu\/carefr\/wp-json\/wp\/v2\/media?parent=652"}],"curies":[{"name":"wp","href":"https:\/\/api.w.org\/{rel}","templated":true}]}}