{"id":622,"date":"2026-01-28T00:20:43","date_gmt":"2026-01-27T23:20:43","guid":{"rendered":"https:\/\/blogg.folkuniversitetet.nu\/carefr\/?page_id=622"},"modified":"2026-01-29T21:57:45","modified_gmt":"2026-01-29T20:57:45","slug":"a2-del-1-kursvecka-2","status":"publish","type":"page","link":"https:\/\/blogg.folkuniversitetet.nu\/carefr\/a2-del-1-kursvecka-2\/","title":{"rendered":"A2 del 1 &#8211; Kursvecka #2"},"content":{"rendered":"<h5>Lektion 3<\/h5>\n<p><strong>Anteckningar<\/strong>: <a href=\"https:\/\/drive.google.com\/file\/d\/1s3ZvfXdHY8sbmOCMYeFfzyBC7pHcevM3\/view?usp=drivesdk\">Lektion 3<\/a><\/p>\n<p><strong>Heml\u00e4xor<\/strong>: <strong>TB s.128<\/strong> (O), <strong>s. 130-131<\/strong> (p\u00e5 den sista sidan av anteckningarna hittar ni exempel med vissa ord\/verb som hj\u00e4lp).<\/p>\n<p>Gl\u00f6m inte att skicka texten om fejk profilen till mig via mejl f\u00f6r att f\u00e5 \u00e5terkopplingar. Tidsgr\u00e4nsen: tisdag n\u00e4sta vecka!<\/p>\n<p>&nbsp;<\/p>\n<h5>Lektion 4<\/h5>\n<p><strong>Anteckningar<\/strong>: <a href=\"https:\/\/drive.google.com\/file\/d\/1bQlUx4_pugEfxDWW2_i-mjBkFBrZcyDW\/view?usp=drivesdk\">Lektion 4<\/a><\/p>\n<p><strong>Heml\u00e4xor<\/strong>: <strong>\u00d6B s.152<\/strong> (A-B). <strong>TB s.135-136<\/strong> &#8211; L\u00e4s igenom texten igen och v\u00e4lj vem du tror s\u00e4ger vad (t.ex. Jag tror att nummer 1 \u00e4r Margit eftersom hon ser ut som en gammaldags person som tycker om traditionell svensk mat). Det viktigaste h\u00e4r \u00e4r att motivera ditt svar, inte svaret sj\u00e4lv! I f\u00f6rklaringen kommer du att beh\u00f6va anv\u00e4nda en bisats s\u00e5 t\u00e4nk p\u00e5 ordf\u00f6ljd i den. Skriv ner dina motiveringar s\u00e5 att vi kan diskutera tillsammans n\u00e4sta g\u00e5ng.<\/p>\n<p>Trevlig helg \ud83d\ude0a<\/p>\n<p>&nbsp;<\/p>\n","protected":false},"excerpt":{"rendered":"<p>Lektion 3 Anteckningar: Lektion 3 Heml\u00e4xor: TB s.128 (O), s. 130-131 (p\u00e5 den sista sidan av anteckningarna hittar ni exempel med vissa ord\/verb som hj\u00e4lp). Gl\u00f6m inte att skicka texten om fejk profilen till mig via mejl f\u00f6r att f\u00e5 \u00e5terkopplingar. Tidsgr\u00e4nsen: tisdag n\u00e4sta vecka! &nbsp; Lektion 4 Anteckningar: Lektion 4 Heml\u00e4xor: \u00d6B s.152 (A-B). [&hellip;]<\/p>\n","protected":false},"author":961,"featured_media":0,"parent":0,"menu_order":0,"comment_status":"closed","ping_status":"closed","template":"","meta":{"footnotes":""},"class_list":["post-622","page","type-page","status-publish","hentry","post-preview"],"_links":{"self":[{"href":"https:\/\/blogg.folkuniversitetet.nu\/carefr\/wp-json\/wp\/v2\/pages\/622","targetHints":{"allow":["GET"]}}],"collection":[{"href":"https:\/\/blogg.folkuniversitetet.nu\/carefr\/wp-json\/wp\/v2\/pages"}],"about":[{"href":"https:\/\/blogg.folkuniversitetet.nu\/carefr\/wp-json\/wp\/v2\/types\/page"}],"author":[{"embeddable":true,"href":"https:\/\/blogg.folkuniversitetet.nu\/carefr\/wp-json\/wp\/v2\/users\/961"}],"replies":[{"embeddable":true,"href":"https:\/\/blogg.folkuniversitetet.nu\/carefr\/wp-json\/wp\/v2\/comments?post=622"}],"version-history":[{"count":5,"href":"https:\/\/blogg.folkuniversitetet.nu\/carefr\/wp-json\/wp\/v2\/pages\/622\/revisions"}],"predecessor-version":[{"id":640,"href":"https:\/\/blogg.folkuniversitetet.nu\/carefr\/wp-json\/wp\/v2\/pages\/622\/revisions\/640"}],"wp:attachment":[{"href":"https:\/\/blogg.folkuniversitetet.nu\/carefr\/wp-json\/wp\/v2\/media?parent=622"}],"curies":[{"name":"wp","href":"https:\/\/api.w.org\/{rel}","templated":true}]}}