{"id":611,"date":"2026-01-20T15:08:57","date_gmt":"2026-01-20T14:08:57","guid":{"rendered":"https:\/\/blogg.folkuniversitetet.nu\/carefr\/?page_id=611"},"modified":"2026-03-25T09:00:24","modified_gmt":"2026-03-25T08:00:24","slug":"extramaterial-3","status":"publish","type":"page","link":"https:\/\/blogg.folkuniversitetet.nu\/carefr\/extramaterial-3\/","title":{"rendered":"Extramaterial"},"content":{"rendered":"<blockquote><p><a href=\"https:\/\/drive.google.com\/file\/d\/1NB1HrvmhE2z87Aeu7j963_H2kj8pQTq3\/view?usp=drivesdk\">\u00d6vnings tips<\/a><\/p><\/blockquote>\n<blockquote><p><a href=\"https:\/\/drive.google.com\/file\/d\/1t7HbU9842we_DOQD-DkpCOEnZpPXhj5v\/view?usp=drivesdk\">Infinitiv, imperativ, presens, preteritum och supinum<\/a><\/p><\/blockquote>\n<blockquote><p><a href=\"http:\/\/blogg.folkuniversitetet.nu\/carefr\/files\/2025\/04\/plural-obestamd-form.pdf\">plural (obest\u00e4md form)<\/a><\/p><\/blockquote>\n<blockquote><p><a href=\"https:\/\/drive.google.com\/file\/d\/1YFWiDMv4if36ER6g3yaej-eknPu9KAAQ\/view?usp=drivesdk\">Substantiv &#8211; singular och plural, obest\u00e4md och best\u00e4md form<\/a><\/p><\/blockquote>\n<blockquote><p><a href=\"https:\/\/drive.google.com\/file\/d\/1PplNWDwYoh6ha2wLZan0A30RmJnmrcN8\/view?usp=drivesdk\">Ordf\u00f6ljd &#8211; verb 1 och 2<\/a><\/p><\/blockquote>\n<blockquote><p><a href=\"https:\/\/drive.google.com\/file\/d\/10fusffr8SQjiJHlHY3HO1HmghMa6Lu7Q\/view?usp=drivesdk\">Ordf\u00f6ljd &#8211; Bisats<\/a><\/p><\/blockquote>\n","protected":false},"excerpt":{"rendered":"<p>\u00d6vnings tips Infinitiv, imperativ, presens, preteritum och supinum plural (obest\u00e4md form) Substantiv &#8211; singular och plural, obest\u00e4md och best\u00e4md form Ordf\u00f6ljd &#8211; verb 1 och 2 Ordf\u00f6ljd &#8211; Bisats<\/p>\n","protected":false},"author":961,"featured_media":0,"parent":0,"menu_order":0,"comment_status":"closed","ping_status":"closed","template":"","meta":{"footnotes":""},"class_list":["post-611","page","type-page","status-publish","hentry","post-preview"],"_links":{"self":[{"href":"https:\/\/blogg.folkuniversitetet.nu\/carefr\/wp-json\/wp\/v2\/pages\/611","targetHints":{"allow":["GET"]}}],"collection":[{"href":"https:\/\/blogg.folkuniversitetet.nu\/carefr\/wp-json\/wp\/v2\/pages"}],"about":[{"href":"https:\/\/blogg.folkuniversitetet.nu\/carefr\/wp-json\/wp\/v2\/types\/page"}],"author":[{"embeddable":true,"href":"https:\/\/blogg.folkuniversitetet.nu\/carefr\/wp-json\/wp\/v2\/users\/961"}],"replies":[{"embeddable":true,"href":"https:\/\/blogg.folkuniversitetet.nu\/carefr\/wp-json\/wp\/v2\/comments?post=611"}],"version-history":[{"count":4,"href":"https:\/\/blogg.folkuniversitetet.nu\/carefr\/wp-json\/wp\/v2\/pages\/611\/revisions"}],"predecessor-version":[{"id":735,"href":"https:\/\/blogg.folkuniversitetet.nu\/carefr\/wp-json\/wp\/v2\/pages\/611\/revisions\/735"}],"wp:attachment":[{"href":"https:\/\/blogg.folkuniversitetet.nu\/carefr\/wp-json\/wp\/v2\/media?parent=611"}],"curies":[{"name":"wp","href":"https:\/\/api.w.org\/{rel}","templated":true}]}}