{"id":604,"date":"2026-01-20T15:05:17","date_gmt":"2026-01-20T14:05:17","guid":{"rendered":"https:\/\/blogg.folkuniversitetet.nu\/carefr\/?page_id=604"},"modified":"2026-01-23T16:50:27","modified_gmt":"2026-01-23T15:50:27","slug":"a2-del-1-start-20-januari-kursvecka-1","status":"publish","type":"page","link":"https:\/\/blogg.folkuniversitetet.nu\/carefr\/a2-del-1-start-20-januari-kursvecka-1\/","title":{"rendered":"A2 del 1 start 20 januari &#8211; Kursvecka #1"},"content":{"rendered":"<h5>Lektion 1<\/h5>\n<p><strong>Anteckningar<\/strong>: <a href=\"https:\/\/drive.google.com\/file\/d\/1ObOOJa9HQHtPmfL6FsP5mgPUPVPrO2js\/view?usp=drivesdk\">Lektion 1<\/a><\/p>\n<p><strong>Heml\u00e4xor<\/strong>: v\u00e4lj en av dina n\u00e4ra v\u00e4nner och svara p\u00e5 samma fr\u00e5gor fr\u00e5n inspelningen (s.121) f\u00f6r att ber\u00e4tta om er v\u00e4nskap &#8211; hur tr\u00e4ffade ni varandra? Vad gillar du med din v\u00e4n? Vad brukar ni g\u00f6ra tillsammans? \u00a0<strong>Skriv ner<\/strong> dina svar och ta dem med dig till n\u00e4sta lektion!<\/p>\n<p>&nbsp;<\/p>\n<h5>Lektion 2<\/h5>\n<p><strong>Anteckningar<\/strong>: <a href=\"https:\/\/drive.google.com\/file\/d\/1YAjjRjE3lIdELyU6QiLyquhzJtaeF1kq\/view?usp=drivesdk\">Lektion <\/a><\/p>\n<p><strong>Heml\u00e4xor<\/strong>: <strong>TB s.126 (G)<\/strong> &#8211; Fr\u00e4sha upp adjektivsformer: titta p\u00e5 adjektiven i rutan och skriv ner vad de betyder. F\u00f6r varje adjektiv skriv ocks\u00e5 ett-formen och pluralformen.<\/p>\n<p><strong>Skrivuppgift<\/strong>: V\u00e4lj en k\u00e4nd person\/karakt\u00e4r, det kan vara verklig (t.ex. Johnny Depp eller Billie Eilish) eller fiktiv (t.ex. Shrek eller Kalle Anka). <strong>Skriv en fejk profil<\/strong> f\u00f6r en dejtingapp (du kan ta inspiration fr\u00e5n Annas p\u00e5 s.125 men <strong>kopiera inte<\/strong> den!) som om du var den personen eller karakt\u00e4ren. T\u00e4nk p\u00e5 att beskriva personens\/karakt\u00e4rens liv, saker hen gillar eller ogillar, det som hen letar efter i en partner och framtida planer\/dr\u00f6mmar. V\u00e4lj ocks\u00e5 en bild du kan visa dina kurskamrater p\u00e5 tisdag!<\/p>\n","protected":false},"excerpt":{"rendered":"<p>Lektion 1 Anteckningar: Lektion 1 Heml\u00e4xor: v\u00e4lj en av dina n\u00e4ra v\u00e4nner och svara p\u00e5 samma fr\u00e5gor fr\u00e5n inspelningen (s.121) f\u00f6r att ber\u00e4tta om er v\u00e4nskap &#8211; hur tr\u00e4ffade ni varandra? Vad gillar du med din v\u00e4n? Vad brukar ni g\u00f6ra tillsammans? \u00a0Skriv ner dina svar och ta dem med dig till n\u00e4sta lektion! &nbsp; [&hellip;]<\/p>\n","protected":false},"author":961,"featured_media":0,"parent":0,"menu_order":0,"comment_status":"closed","ping_status":"closed","template":"","meta":{"footnotes":""},"class_list":["post-604","page","type-page","status-publish","hentry","post-preview"],"_links":{"self":[{"href":"https:\/\/blogg.folkuniversitetet.nu\/carefr\/wp-json\/wp\/v2\/pages\/604","targetHints":{"allow":["GET"]}}],"collection":[{"href":"https:\/\/blogg.folkuniversitetet.nu\/carefr\/wp-json\/wp\/v2\/pages"}],"about":[{"href":"https:\/\/blogg.folkuniversitetet.nu\/carefr\/wp-json\/wp\/v2\/types\/page"}],"author":[{"embeddable":true,"href":"https:\/\/blogg.folkuniversitetet.nu\/carefr\/wp-json\/wp\/v2\/users\/961"}],"replies":[{"embeddable":true,"href":"https:\/\/blogg.folkuniversitetet.nu\/carefr\/wp-json\/wp\/v2\/comments?post=604"}],"version-history":[{"count":5,"href":"https:\/\/blogg.folkuniversitetet.nu\/carefr\/wp-json\/wp\/v2\/pages\/604\/revisions"}],"predecessor-version":[{"id":621,"href":"https:\/\/blogg.folkuniversitetet.nu\/carefr\/wp-json\/wp\/v2\/pages\/604\/revisions\/621"}],"wp:attachment":[{"href":"https:\/\/blogg.folkuniversitetet.nu\/carefr\/wp-json\/wp\/v2\/media?parent=604"}],"curies":[{"name":"wp","href":"https:\/\/api.w.org\/{rel}","templated":true}]}}