{"id":591,"date":"2025-12-17T13:35:58","date_gmt":"2025-12-17T12:35:58","guid":{"rendered":"https:\/\/blogg.folkuniversitetet.nu\/carefr\/?page_id=591"},"modified":"2025-12-18T23:18:48","modified_gmt":"2025-12-18T22:18:48","slug":"a1-del-2-kursvecka-5-3","status":"publish","type":"page","link":"https:\/\/blogg.folkuniversitetet.nu\/carefr\/a1-del-2-kursvecka-5-3\/","title":{"rendered":"A1 del 2 &#8211; Kursvecka #5"},"content":{"rendered":"<h5>Lektion 9<\/h5>\n<p><strong>Anteckningar<\/strong>: <a href=\"https:\/\/drive.google.com\/file\/d\/10pndF74ERqs-U2ne_HgtBGPkeEjv922j\/view?usp=drivesdk\">Lektion 9<\/a><\/p>\n<p><strong>Heml\u00e4xor<\/strong>: <strong>\u00d6B s.119<\/strong> &#8211; partikelverb och ordf\u00f6ljd, <strong>s.112<\/strong> &#8211; i eller p\u00e5?<\/p>\n<p>&nbsp;<\/p>\n<h5>Lektion 10<\/h5>\n<p><strong>Anteckningar<\/strong>: <a href=\"https:\/\/drive.google.com\/file\/d\/1WsETyhaMYA_eHCaIIABJrNukvymieO8i\/view?usp=drivesdk\">Lektion 10 &#8211; Jul i Sverige<\/a><\/p>\n<p><strong>L\u00e5ttext<\/strong>: <a href=\"http:\/\/blogg.folkuniversitetet.nu\/carefr\/files\/2025\/12\/Julen-ar-har-lattext.pdf\">Julen \u00e4r h\u00e4r<\/a><\/p>\n<p>God Jul allihopa och gott nytt \u00e5r \ud83e\udd73<\/p>\n","protected":false},"excerpt":{"rendered":"<p>Lektion 9 Anteckningar: Lektion 9 Heml\u00e4xor: \u00d6B s.119 &#8211; partikelverb och ordf\u00f6ljd, s.112 &#8211; i eller p\u00e5? &nbsp; Lektion 10 Anteckningar: Lektion 10 &#8211; Jul i Sverige L\u00e5ttext: Julen \u00e4r h\u00e4r God Jul allihopa och gott nytt \u00e5r \ud83e\udd73<\/p>\n","protected":false},"author":961,"featured_media":0,"parent":0,"menu_order":0,"comment_status":"closed","ping_status":"closed","template":"","meta":{"footnotes":""},"class_list":["post-591","page","type-page","status-publish","hentry","post-preview"],"_links":{"self":[{"href":"https:\/\/blogg.folkuniversitetet.nu\/carefr\/wp-json\/wp\/v2\/pages\/591","targetHints":{"allow":["GET"]}}],"collection":[{"href":"https:\/\/blogg.folkuniversitetet.nu\/carefr\/wp-json\/wp\/v2\/pages"}],"about":[{"href":"https:\/\/blogg.folkuniversitetet.nu\/carefr\/wp-json\/wp\/v2\/types\/page"}],"author":[{"embeddable":true,"href":"https:\/\/blogg.folkuniversitetet.nu\/carefr\/wp-json\/wp\/v2\/users\/961"}],"replies":[{"embeddable":true,"href":"https:\/\/blogg.folkuniversitetet.nu\/carefr\/wp-json\/wp\/v2\/comments?post=591"}],"version-history":[{"count":5,"href":"https:\/\/blogg.folkuniversitetet.nu\/carefr\/wp-json\/wp\/v2\/pages\/591\/revisions"}],"predecessor-version":[{"id":602,"href":"https:\/\/blogg.folkuniversitetet.nu\/carefr\/wp-json\/wp\/v2\/pages\/591\/revisions\/602"}],"wp:attachment":[{"href":"https:\/\/blogg.folkuniversitetet.nu\/carefr\/wp-json\/wp\/v2\/media?parent=591"}],"curies":[{"name":"wp","href":"https:\/\/api.w.org\/{rel}","templated":true}]}}