{"id":574,"date":"2025-12-10T09:33:09","date_gmt":"2025-12-10T08:33:09","guid":{"rendered":"https:\/\/blogg.folkuniversitetet.nu\/carefr\/?page_id=574"},"modified":"2025-12-12T16:28:22","modified_gmt":"2025-12-12T15:28:22","slug":"a1-del-2-kursvecka-4-3","status":"publish","type":"page","link":"https:\/\/blogg.folkuniversitetet.nu\/carefr\/a1-del-2-kursvecka-4-3\/","title":{"rendered":"A1 del 2 &#8211; Kursvecka #4"},"content":{"rendered":"<h5>Lektion 7<\/h5>\n<p><strong>Anteckningar<\/strong>: <a href=\"https:\/\/drive.google.com\/file\/d\/1Xo8qKSTmLoCT74z8tl0PPWHZGz3cBj7a\/view?usp=drivesdk\">Lektion 7<\/a><\/p>\n<p><strong>Heml\u00e4xor<\/strong>: <strong>Skriv ett mejl<\/strong> till en v\u00e4n i hemlandet d\u00e4r du ber\u00e4ttar om ditt liv i Sverige, vad du gillar, vad du inte gillar s\u00e5 mycket, vad du har gjort i Stockholm p\u00e5 senaste och om v\u00e4dret h\u00e4r. Ta g\u00e4rna inspiration fr\u00e5n Johns mejl till Vera men <strong>anv\u00e4nd egna ord<\/strong>! Kom ih\u00e5g att b\u00f6rja och avsluta med en passande h\u00e4lsning \ud83d\ude0a ta med er texten till n\u00e4sta lektion!<\/p>\n<p>&nbsp;<\/p>\n<h5>Lektion 8<\/h5>\n<p><strong>Anteckningar<\/strong>: <a href=\"https:\/\/drive.google.com\/file\/d\/178-2OXFN2OWM3FTo9uEIgQsChgc54AEC\/view?usp=drivesdk\">Lektion 8<\/a><\/p>\n<p><strong>Heml\u00e4xor<\/strong>: <strong>\u00d6B s.105<\/strong>, <strong>s.108-109<\/strong>. <strong>TB s.98<\/strong> (C) &#8211; svara p\u00e5 fr\u00e5gorna i skriftform , <strong>s.104<\/strong> (F).<\/p>\n<p>P.s.: p\u00e5 l\u00f6rdag den 13:e \u00e4r <strong>Lucia<\/strong> dagen! Den firas p\u00e5 olika st\u00e4llen i stan, som till exempel p\u00e5 Skansen och i Kungsholms kyrka. Men om ni inte hinner \u00e5ka n\u00e5gonstans och vill \u00e4nd\u00e5 veta hur ett Luciat\u00e5g ser ut, h\u00e4r \u00e4r en video av en gammal konsert i just Kungsholms kyrka:<\/p>\n<p><iframe loading=\"lazy\" title=\"Luciamorgon i Kungsholms kyrka\" width=\"676\" height=\"380\" src=\"https:\/\/www.youtube.com\/embed\/MLycexat2xk?feature=oembed\" frameborder=\"0\" allow=\"accelerometer; autoplay; clipboard-write; encrypted-media; gyroscope; picture-in-picture; web-share\" referrerpolicy=\"strict-origin-when-cross-origin\" allowfullscreen><\/iframe><\/p>\n<p>Glad Lucia och trevlig helg \ud83d\udd6f\ufe0f<\/p>\n","protected":false},"excerpt":{"rendered":"<p>Lektion 7 Anteckningar: Lektion 7 Heml\u00e4xor: Skriv ett mejl till en v\u00e4n i hemlandet d\u00e4r du ber\u00e4ttar om ditt liv i Sverige, vad du gillar, vad du inte gillar s\u00e5 mycket, vad du har gjort i Stockholm p\u00e5 senaste och om v\u00e4dret h\u00e4r. Ta g\u00e4rna inspiration fr\u00e5n Johns mejl till Vera men anv\u00e4nd egna ord! [&hellip;]<\/p>\n","protected":false},"author":961,"featured_media":0,"parent":0,"menu_order":0,"comment_status":"closed","ping_status":"closed","template":"","meta":{"footnotes":""},"class_list":["post-574","page","type-page","status-publish","hentry","post-preview"],"_links":{"self":[{"href":"https:\/\/blogg.folkuniversitetet.nu\/carefr\/wp-json\/wp\/v2\/pages\/574","targetHints":{"allow":["GET"]}}],"collection":[{"href":"https:\/\/blogg.folkuniversitetet.nu\/carefr\/wp-json\/wp\/v2\/pages"}],"about":[{"href":"https:\/\/blogg.folkuniversitetet.nu\/carefr\/wp-json\/wp\/v2\/types\/page"}],"author":[{"embeddable":true,"href":"https:\/\/blogg.folkuniversitetet.nu\/carefr\/wp-json\/wp\/v2\/users\/961"}],"replies":[{"embeddable":true,"href":"https:\/\/blogg.folkuniversitetet.nu\/carefr\/wp-json\/wp\/v2\/comments?post=574"}],"version-history":[{"count":10,"href":"https:\/\/blogg.folkuniversitetet.nu\/carefr\/wp-json\/wp\/v2\/pages\/574\/revisions"}],"predecessor-version":[{"id":590,"href":"https:\/\/blogg.folkuniversitetet.nu\/carefr\/wp-json\/wp\/v2\/pages\/574\/revisions\/590"}],"wp:attachment":[{"href":"https:\/\/blogg.folkuniversitetet.nu\/carefr\/wp-json\/wp\/v2\/media?parent=574"}],"curies":[{"name":"wp","href":"https:\/\/api.w.org\/{rel}","templated":true}]}}