{"id":530,"date":"2025-11-18T19:12:51","date_gmt":"2025-11-18T18:12:51","guid":{"rendered":"https:\/\/blogg.folkuniversitetet.nu\/carefr\/?page_id=530"},"modified":"2025-11-21T21:27:41","modified_gmt":"2025-11-21T20:27:41","slug":"a1-del-2-start-18-november-kursvecka-1","status":"publish","type":"page","link":"https:\/\/blogg.folkuniversitetet.nu\/carefr\/a1-del-2-start-18-november-kursvecka-1\/","title":{"rendered":"A1 del 2 start 18 november &#8211; Kursvecka #1"},"content":{"rendered":"<h5>Lektion 1<\/h5>\n<p><strong>Anteckningar<\/strong>: <a href=\"https:\/\/drive.google.com\/file\/d\/1DGi_pNubjXn9Y0pCLKS4w2XWJQZcF50w\/view?usp=drivesdk\">Lektion 1<\/a><\/p>\n<p><strong>Heml\u00e4xor<\/strong>: <strong>\u00d6B s.67<\/strong> (nr.8). <strong>TB s.64<\/strong> &#8211; Felicias sl\u00e4kt: l\u00e4s texten, stryk under alla verb i preteritum och ring in alla familjeord (t.ex. mamma, pappa, morbror \u2026). F\u00f6rst\u00e5r du alla?<\/p>\n<p>&nbsp;<\/p>\n<h5>Lektion 2<\/h5>\n<p><strong>Anteckningar<\/strong>: <a href=\"https:\/\/drive.google.com\/file\/d\/1Qu35SzCt9s-CCjfPnhRQnE9rFa6HSvUz\/view?usp=drivesdk\">Lektion 2<\/a><\/p>\n<p><strong>Heml\u00e4xor<\/strong>: <strong>\u00d6B s.73<\/strong> (B), <strong>s.80<\/strong>. <strong>TB s.70<\/strong> &#8211; Alfred Nobel: l\u00e4s texten och \u00f6vers\u00e4tta nya ord. Sen formulera fem fr\u00e5gor om Alfred Nobels liv (t.ex. N\u00e4r f\u00f6ddes Nobel?) som du kan st\u00e4lla till dina klasskamrater p\u00e5 tisdag!<\/p>\n","protected":false},"excerpt":{"rendered":"<p>Lektion 1 Anteckningar: Lektion 1 Heml\u00e4xor: \u00d6B s.67 (nr.8). TB s.64 &#8211; Felicias sl\u00e4kt: l\u00e4s texten, stryk under alla verb i preteritum och ring in alla familjeord (t.ex. mamma, pappa, morbror \u2026). F\u00f6rst\u00e5r du alla? &nbsp; Lektion 2 Anteckningar: Lektion 2 Heml\u00e4xor: \u00d6B s.73 (B), s.80. TB s.70 &#8211; Alfred Nobel: l\u00e4s texten och \u00f6vers\u00e4tta [&hellip;]<\/p>\n","protected":false},"author":961,"featured_media":0,"parent":0,"menu_order":0,"comment_status":"closed","ping_status":"closed","template":"","meta":{"footnotes":""},"class_list":["post-530","page","type-page","status-publish","hentry","post-preview"],"_links":{"self":[{"href":"https:\/\/blogg.folkuniversitetet.nu\/carefr\/wp-json\/wp\/v2\/pages\/530","targetHints":{"allow":["GET"]}}],"collection":[{"href":"https:\/\/blogg.folkuniversitetet.nu\/carefr\/wp-json\/wp\/v2\/pages"}],"about":[{"href":"https:\/\/blogg.folkuniversitetet.nu\/carefr\/wp-json\/wp\/v2\/types\/page"}],"author":[{"embeddable":true,"href":"https:\/\/blogg.folkuniversitetet.nu\/carefr\/wp-json\/wp\/v2\/users\/961"}],"replies":[{"embeddable":true,"href":"https:\/\/blogg.folkuniversitetet.nu\/carefr\/wp-json\/wp\/v2\/comments?post=530"}],"version-history":[{"count":7,"href":"https:\/\/blogg.folkuniversitetet.nu\/carefr\/wp-json\/wp\/v2\/pages\/530\/revisions"}],"predecessor-version":[{"id":542,"href":"https:\/\/blogg.folkuniversitetet.nu\/carefr\/wp-json\/wp\/v2\/pages\/530\/revisions\/542"}],"wp:attachment":[{"href":"https:\/\/blogg.folkuniversitetet.nu\/carefr\/wp-json\/wp\/v2\/media?parent=530"}],"curies":[{"name":"wp","href":"https:\/\/api.w.org\/{rel}","templated":true}]}}