{"id":516,"date":"2025-11-11T21:18:47","date_gmt":"2025-11-11T20:18:47","guid":{"rendered":"https:\/\/blogg.folkuniversitetet.nu\/carefr\/?page_id=516"},"modified":"2025-11-14T17:39:39","modified_gmt":"2025-11-14T16:39:39","slug":"a1-del-2-kursvecka-5-2","status":"publish","type":"page","link":"https:\/\/blogg.folkuniversitetet.nu\/carefr\/a1-del-2-kursvecka-5-2\/","title":{"rendered":"A1 del 2 &#8211; Kursvecka #5"},"content":{"rendered":"<h5>Lektion 9<\/h5>\n<p><strong>Anteckningar<\/strong>: <a href=\"https:\/\/drive.google.com\/file\/d\/1m1lQRtt-uEn1J5ORa6fQGaDFICHaYuj4\/view?usp=drivesdk\">Lektion 9<\/a><\/p>\n<p><strong>Heml\u00e4xor<\/strong>: Kolla igenom dina anteckningar och repetera det vi har jobbat med under kursen. <strong>Fokusera p\u00e5<\/strong>: prepositioner, possessiva pronomen, best\u00e4md och obest\u00e4md form av substantiv i singular och plural, verbformer (infinitiv, presens, preteritum, supinum och imperativ), hj\u00e4lpverb + infinitiv, familjeord, adjektivs former (en, ett, plural) och hur de kompareras samt superlativ, m\u00e5nader, adjektiv f\u00f6r v\u00e4der, adjektiv f\u00f6r kl\u00e4der, datum och partikelverb.<\/p>\n<p>Om man hinner: <strong>TB s.106<\/strong> (B). <strong>\u00d6B s.119<\/strong>, <strong>s.123.<\/strong><\/p>\n<p><strong>Kom ih\u00e5g<\/strong>: fylla i <a href=\"https:\/\/forms.office.com\/e\/TTARAR7r7G\">kursv\u00e4rderingen<\/a>! Det hj\u00e4lper oss otroligt mycket att veta vad ni tyckte om kursen \ud83d\ude42<\/p>\n<h5>Lektion 10<\/h5>\n<p><strong>Anteckningar<\/strong>: <a href=\"https:\/\/drive.google.com\/file\/d\/1YWTKl_S9BFLNWIJR-Opl5eImLEri4GbZ\/view?usp=drivesdk\">Lektion 10<\/a><\/p>\n<p>Tack allihopa och lycka till f\u00f6r n\u00e4sta kurs \ud83e\udd70<\/p>\n","protected":false},"excerpt":{"rendered":"<p>Lektion 9 Anteckningar: Lektion 9 Heml\u00e4xor: Kolla igenom dina anteckningar och repetera det vi har jobbat med under kursen. Fokusera p\u00e5: prepositioner, possessiva pronomen, best\u00e4md och obest\u00e4md form av substantiv i singular och plural, verbformer (infinitiv, presens, preteritum, supinum och imperativ), hj\u00e4lpverb + infinitiv, familjeord, adjektivs former (en, ett, plural) och hur de kompareras samt [&hellip;]<\/p>\n","protected":false},"author":961,"featured_media":0,"parent":0,"menu_order":0,"comment_status":"closed","ping_status":"closed","template":"","meta":{"footnotes":""},"class_list":["post-516","page","type-page","status-publish","hentry","post-preview"],"_links":{"self":[{"href":"https:\/\/blogg.folkuniversitetet.nu\/carefr\/wp-json\/wp\/v2\/pages\/516","targetHints":{"allow":["GET"]}}],"collection":[{"href":"https:\/\/blogg.folkuniversitetet.nu\/carefr\/wp-json\/wp\/v2\/pages"}],"about":[{"href":"https:\/\/blogg.folkuniversitetet.nu\/carefr\/wp-json\/wp\/v2\/types\/page"}],"author":[{"embeddable":true,"href":"https:\/\/blogg.folkuniversitetet.nu\/carefr\/wp-json\/wp\/v2\/users\/961"}],"replies":[{"embeddable":true,"href":"https:\/\/blogg.folkuniversitetet.nu\/carefr\/wp-json\/wp\/v2\/comments?post=516"}],"version-history":[{"count":8,"href":"https:\/\/blogg.folkuniversitetet.nu\/carefr\/wp-json\/wp\/v2\/pages\/516\/revisions"}],"predecessor-version":[{"id":529,"href":"https:\/\/blogg.folkuniversitetet.nu\/carefr\/wp-json\/wp\/v2\/pages\/516\/revisions\/529"}],"wp:attachment":[{"href":"https:\/\/blogg.folkuniversitetet.nu\/carefr\/wp-json\/wp\/v2\/media?parent=516"}],"curies":[{"name":"wp","href":"https:\/\/api.w.org\/{rel}","templated":true}]}}