{"id":504,"date":"2025-11-04T21:50:42","date_gmt":"2025-11-04T20:50:42","guid":{"rendered":"https:\/\/blogg.folkuniversitetet.nu\/carefr\/?page_id=504"},"modified":"2025-11-07T20:14:02","modified_gmt":"2025-11-07T19:14:02","slug":"a1-del-2-kursvecka-4-2","status":"publish","type":"page","link":"https:\/\/blogg.folkuniversitetet.nu\/carefr\/a1-del-2-kursvecka-4-2\/","title":{"rendered":"A1 del 2 &#8211; Kursvecka #4"},"content":{"rendered":"<h5>Lektion 7<\/h5>\n<p><strong>Anteckningar<\/strong>: <a href=\"https:\/\/drive.google.com\/file\/d\/1mElTTlRDSsPyp-9iJTR8QNyKqa_mLEU6\/view?usp=drivesdk\">Lektion 7<\/a><\/p>\n<p><strong>Heml\u00e4xor<\/strong>: <strong>\u00d6B s.103<\/strong>, <strong>s.104<\/strong>, <strong>s.107<\/strong> (titta p\u00e5 Sveriges karta uppe till h\u00f6ger och beskriv v\u00e4dret i de olika delar av landet: i s\u00f6dra\/norra\/\u00f6stra\/v\u00e4stra Sverige).<\/p>\n<p><strong>Extra<\/strong> <strong>f\u00f6r de som vill och har tid \u00f6ver<\/strong>: ber\u00e4tta om v\u00e4dret i ditt hemland, vilka skillnader och likheter med Sverige? Tycker du om v\u00e4dret h\u00e4r? Varf\u00f6r, varf\u00f6r inte? Om du vill f\u00e5 \u00e5terkopplingar kan du skicka texten till mig via mejl.<\/p>\n<p>&nbsp;<\/p>\n<h5>Lektion 8<\/h5>\n<p><strong>Anteckningar<\/strong>: <a href=\"https:\/\/drive.google.com\/file\/d\/102W3SoyrnKTx-TSOUKf6GGtslkePHAuS\/view?usp=drivesdk\">Lektion 8<\/a><\/p>\n<p>Heml\u00e4xor: <strong>TB s.104<\/strong> (F). <strong>\u00d6B s.108<\/strong>, <strong>s.115<\/strong>, <strong>s.117<\/strong>.<\/p>\n","protected":false},"excerpt":{"rendered":"<p>Lektion 7 Anteckningar: Lektion 7 Heml\u00e4xor: \u00d6B s.103, s.104, s.107 (titta p\u00e5 Sveriges karta uppe till h\u00f6ger och beskriv v\u00e4dret i de olika delar av landet: i s\u00f6dra\/norra\/\u00f6stra\/v\u00e4stra Sverige). Extra f\u00f6r de som vill och har tid \u00f6ver: ber\u00e4tta om v\u00e4dret i ditt hemland, vilka skillnader och likheter med Sverige? Tycker du om v\u00e4dret h\u00e4r? [&hellip;]<\/p>\n","protected":false},"author":961,"featured_media":0,"parent":0,"menu_order":0,"comment_status":"closed","ping_status":"closed","template":"","meta":{"footnotes":""},"class_list":["post-504","page","type-page","status-publish","hentry","post-preview"],"_links":{"self":[{"href":"https:\/\/blogg.folkuniversitetet.nu\/carefr\/wp-json\/wp\/v2\/pages\/504","targetHints":{"allow":["GET"]}}],"collection":[{"href":"https:\/\/blogg.folkuniversitetet.nu\/carefr\/wp-json\/wp\/v2\/pages"}],"about":[{"href":"https:\/\/blogg.folkuniversitetet.nu\/carefr\/wp-json\/wp\/v2\/types\/page"}],"author":[{"embeddable":true,"href":"https:\/\/blogg.folkuniversitetet.nu\/carefr\/wp-json\/wp\/v2\/users\/961"}],"replies":[{"embeddable":true,"href":"https:\/\/blogg.folkuniversitetet.nu\/carefr\/wp-json\/wp\/v2\/comments?post=504"}],"version-history":[{"count":7,"href":"https:\/\/blogg.folkuniversitetet.nu\/carefr\/wp-json\/wp\/v2\/pages\/504\/revisions"}],"predecessor-version":[{"id":515,"href":"https:\/\/blogg.folkuniversitetet.nu\/carefr\/wp-json\/wp\/v2\/pages\/504\/revisions\/515"}],"wp:attachment":[{"href":"https:\/\/blogg.folkuniversitetet.nu\/carefr\/wp-json\/wp\/v2\/media?parent=504"}],"curies":[{"name":"wp","href":"https:\/\/api.w.org\/{rel}","templated":true}]}}