{"id":474,"date":"2025-10-28T15:18:16","date_gmt":"2025-10-28T14:18:16","guid":{"rendered":"https:\/\/blogg.folkuniversitetet.nu\/carefr\/?page_id=474"},"modified":"2025-10-31T13:58:50","modified_gmt":"2025-10-31T12:58:50","slug":"a1-del-2-kursvecka-3-2","status":"publish","type":"page","link":"https:\/\/blogg.folkuniversitetet.nu\/carefr\/a1-del-2-kursvecka-3-2\/","title":{"rendered":"A1 del 2 &#8211; Kursvecka #3"},"content":{"rendered":"<h5>Lektion 5<\/h5>\n<p><strong>Anteckningar<\/strong>: <a href=\"https:\/\/drive.google.com\/file\/d\/1ztXrAYLjPjSAnlm_iMtqF6lqVtK8Crdr\/view?usp=drivesdk\">Lektion 5<\/a><\/p>\n<p><strong>Heml\u00e4xor<\/strong>: Skriv en kort text d\u00e4r du beskriver n\u00e5got kl\u00e4desplagg du tycker om. Anv\u00e4nd adjektiv som beskriver f\u00e4rgen\/f\u00e4rgerna, m\u00f6nstret, kvalitet (t.ex. ny\/gammal, h\u00e5rd\/mjuk \u2026) och f\u00f6rklara varf\u00f6r du tycker om det. N\u00e4r du \u00e4r klar mejla texten till mig s\u00e5 att du kan f\u00e5 \u00e5terkopplingar. <strong>\u00d6B s.90<\/strong>.<\/p>\n<p>&nbsp;<\/p>\n<h5><span style=\"color: #444444;font-size: 1.1em\">Lektion 6<\/span><\/h5>\n<p><strong>Anteckningar<\/strong>: <a href=\"https:\/\/drive.google.com\/file\/d\/1Hg33-zwCPnsuWFw_gKXcdo1KKT1IcPkS\/view?usp=drivesdk\">Lektion 6<\/a><\/p>\n<p><strong>Heml\u00e4xor<\/strong>: <strong>\u00d6B s.94<\/strong> (C). T\u00e4nk p\u00e5 f\u00f6ljande adjektiv: \u00a0musikalisk, sp\u00e4nnande, intelligent, nyfiken. Hur skulle du skriva komparativ\/superlativ av dessa adjektiv? Anv\u00e4nd dem i en mening (en f\u00f6r varje adjektiv).<\/p>\n<p><strong>TB s.91<\/strong> &#8211; Karaoke, saltlakrits och annat: <strong>l\u00e4s texten<\/strong> och <strong>stryk under<\/strong> alla verb i <strong>presens perfekt<\/strong> (har + supinum) och <strong>ring in<\/strong> alla verb i <strong>preteritum<\/strong>. Hur skulle dessa verb vara i \u00a0infinitiv, presens, preteritum, supinum och imperativ? <strong>Skapa en tabell<\/strong> med verbens olika former.<\/p>\n","protected":false},"excerpt":{"rendered":"<p>Lektion 5 Anteckningar: Lektion 5 Heml\u00e4xor: Skriv en kort text d\u00e4r du beskriver n\u00e5got kl\u00e4desplagg du tycker om. Anv\u00e4nd adjektiv som beskriver f\u00e4rgen\/f\u00e4rgerna, m\u00f6nstret, kvalitet (t.ex. ny\/gammal, h\u00e5rd\/mjuk \u2026) och f\u00f6rklara varf\u00f6r du tycker om det. N\u00e4r du \u00e4r klar mejla texten till mig s\u00e5 att du kan f\u00e5 \u00e5terkopplingar. \u00d6B s.90. &nbsp; Lektion 6 [&hellip;]<\/p>\n","protected":false},"author":961,"featured_media":0,"parent":0,"menu_order":0,"comment_status":"closed","ping_status":"closed","template":"","meta":{"footnotes":""},"class_list":["post-474","page","type-page","status-publish","hentry","post-preview"],"_links":{"self":[{"href":"https:\/\/blogg.folkuniversitetet.nu\/carefr\/wp-json\/wp\/v2\/pages\/474","targetHints":{"allow":["GET"]}}],"collection":[{"href":"https:\/\/blogg.folkuniversitetet.nu\/carefr\/wp-json\/wp\/v2\/pages"}],"about":[{"href":"https:\/\/blogg.folkuniversitetet.nu\/carefr\/wp-json\/wp\/v2\/types\/page"}],"author":[{"embeddable":true,"href":"https:\/\/blogg.folkuniversitetet.nu\/carefr\/wp-json\/wp\/v2\/users\/961"}],"replies":[{"embeddable":true,"href":"https:\/\/blogg.folkuniversitetet.nu\/carefr\/wp-json\/wp\/v2\/comments?post=474"}],"version-history":[{"count":9,"href":"https:\/\/blogg.folkuniversitetet.nu\/carefr\/wp-json\/wp\/v2\/pages\/474\/revisions"}],"predecessor-version":[{"id":502,"href":"https:\/\/blogg.folkuniversitetet.nu\/carefr\/wp-json\/wp\/v2\/pages\/474\/revisions\/502"}],"wp:attachment":[{"href":"https:\/\/blogg.folkuniversitetet.nu\/carefr\/wp-json\/wp\/v2\/media?parent=474"}],"curies":[{"name":"wp","href":"https:\/\/api.w.org\/{rel}","templated":true}]}}