{"id":463,"date":"2025-10-22T09:19:02","date_gmt":"2025-10-22T08:19:02","guid":{"rendered":"https:\/\/blogg.folkuniversitetet.nu\/carefr\/?page_id=463"},"modified":"2025-10-24T08:42:57","modified_gmt":"2025-10-24T07:42:57","slug":"a1-del-2-kursvecka-2-2","status":"publish","type":"page","link":"https:\/\/blogg.folkuniversitetet.nu\/carefr\/a1-del-2-kursvecka-2-2\/","title":{"rendered":"A1 del 2 &#8211; Kursvecka #2"},"content":{"rendered":"<h5>Lektion 3<\/h5>\n<p><a href=\"https:\/\/urplay.se\/program\/181304-manniskor-for-andring-alfred-nobel-uppfinningar\">Alfred Nobel &#8211; urplay.se<\/a><\/p>\n<p><strong>Heml\u00e4xor<\/strong>: Repetera Nobel texten. <strong>\u00d6B s.76<\/strong>.<\/p>\n<p>&nbsp;<\/p>\n<h5>Lektion 4<\/h5>\n<p><strong>Anteckningar<\/strong>: <a href=\"https:\/\/drive.google.com\/file\/d\/1gtrGbjEkocsOxBv4mNGqxPy5YSquJU9Q\/view?usp=drivesdk\">Lektion 4<\/a><\/p>\n<p><strong>Heml\u00e4xor<\/strong>: <strong>\u00d6B s.80<\/strong> &#8211; D\u00e5-adverb + preteritum, <strong>s.86<\/strong> (A), <strong>s.88<\/strong> (B). <strong>TB s.78<\/strong> &#8211; K\u00f6pa s\u00e4ng: <strong>l\u00e4s texten<\/strong> och \u00f6vers\u00e4tt nya ord. Sen <strong>svara p\u00e5 fr\u00e5gorna<\/strong>: Varf\u00f6r \u00e4r Vilma och Andrea d\u00e4r? Vilken s\u00e4ng tycker Vilma om? Tycker Andrea om samma s\u00e4ng? Varf\u00f6r s\u00e4ger s\u00e4ljaren att dyrare s\u00e4ngen \u00e4r b\u00e4st? K\u00f6per de n\u00e5got till slut? Varf\u00f6r?<\/p>\n","protected":false},"excerpt":{"rendered":"<p>Lektion 3 Alfred Nobel &#8211; urplay.se Heml\u00e4xor: Repetera Nobel texten. \u00d6B s.76. &nbsp; Lektion 4 Anteckningar: Lektion 4 Heml\u00e4xor: \u00d6B s.80 &#8211; D\u00e5-adverb + preteritum, s.86 (A), s.88 (B). TB s.78 &#8211; K\u00f6pa s\u00e4ng: l\u00e4s texten och \u00f6vers\u00e4tt nya ord. Sen svara p\u00e5 fr\u00e5gorna: Varf\u00f6r \u00e4r Vilma och Andrea d\u00e4r? Vilken s\u00e4ng tycker Vilma om? [&hellip;]<\/p>\n","protected":false},"author":961,"featured_media":0,"parent":0,"menu_order":0,"comment_status":"closed","ping_status":"closed","template":"","meta":{"footnotes":""},"class_list":["post-463","page","type-page","status-publish","hentry","post-preview"],"_links":{"self":[{"href":"https:\/\/blogg.folkuniversitetet.nu\/carefr\/wp-json\/wp\/v2\/pages\/463","targetHints":{"allow":["GET"]}}],"collection":[{"href":"https:\/\/blogg.folkuniversitetet.nu\/carefr\/wp-json\/wp\/v2\/pages"}],"about":[{"href":"https:\/\/blogg.folkuniversitetet.nu\/carefr\/wp-json\/wp\/v2\/types\/page"}],"author":[{"embeddable":true,"href":"https:\/\/blogg.folkuniversitetet.nu\/carefr\/wp-json\/wp\/v2\/users\/961"}],"replies":[{"embeddable":true,"href":"https:\/\/blogg.folkuniversitetet.nu\/carefr\/wp-json\/wp\/v2\/comments?post=463"}],"version-history":[{"count":5,"href":"https:\/\/blogg.folkuniversitetet.nu\/carefr\/wp-json\/wp\/v2\/pages\/463\/revisions"}],"predecessor-version":[{"id":472,"href":"https:\/\/blogg.folkuniversitetet.nu\/carefr\/wp-json\/wp\/v2\/pages\/463\/revisions\/472"}],"wp:attachment":[{"href":"https:\/\/blogg.folkuniversitetet.nu\/carefr\/wp-json\/wp\/v2\/media?parent=463"}],"curies":[{"name":"wp","href":"https:\/\/api.w.org\/{rel}","templated":true}]}}