{"id":452,"date":"2025-10-10T09:44:21","date_gmt":"2025-10-10T08:44:21","guid":{"rendered":"https:\/\/blogg.folkuniversitetet.nu\/carefr\/?page_id=452"},"modified":"2025-10-17T07:27:24","modified_gmt":"2025-10-17T06:27:24","slug":"a1-del-2-start-14-oktober-kursvecka-1","status":"publish","type":"page","link":"https:\/\/blogg.folkuniversitetet.nu\/carefr\/a1-del-2-start-14-oktober-kursvecka-1\/","title":{"rendered":"A1 del 2 start 14 oktober &#8211; Kursvecka #1"},"content":{"rendered":"<h5>Lektion 1<\/h5>\n<p><strong>Anteckningar<\/strong>: <a href=\"https:\/\/drive.google.com\/file\/d\/1Vt52pObiglvTPsghtJesAU1adFW8dfaH\/view?usp=drivesdk\">Lektion 1<\/a><\/p>\n<p><strong>Heml\u00e4xor<\/strong>: <strong>\u00d6B s.67<\/strong> &#8211; \u00d6va verbets former, <strong>s.69<\/strong>. <strong>TB s.64<\/strong> &#8211; Felicias sl\u00e4kt: l\u00e4s texten, stryk under alla verb i preteritum och ring in alla familjeord (t.ex. mamma, pappa, morbror \u2026). F\u00f6rst\u00e5r du alla?<\/p>\n<p>&nbsp;<\/p>\n<h5>Lektion 2<\/h5>\n<p><strong>Anteckningar<\/strong>: <a href=\"https:\/\/drive.google.com\/file\/d\/1CZSof3BxmqO7Q-F5Cnl3_JoJ6qLZqqmR\/view?usp=drivesdk\">Lektion 2<\/a><\/p>\n<p><strong>Heml\u00e4xor<\/strong>: <strong>TB s.65<\/strong> (C), <strong>s.69<\/strong> (C &#8211; \u00e4ndra fr\u00e5n subjekts till possessivt pronomen), <strong>s.70<\/strong> &#8211; Alfred Nobel: l\u00e4s texten och \u00f6vers\u00e4tt alla nya ord. Med inspiration fr\u00e5n texten <strong>skriv en kort text<\/strong> om en k\u00e4nd person fr\u00e5n ditt land (kan vara en artist, en konstn\u00e4r, en uppfinnare, en f\u00f6rfattare, en sk\u00e5despelare \u2026). <strong>Skriv inte namnet<\/strong> utan anv\u00e4nd subjektspronomen eller possessivt f\u00f6r att beskriva hen (t.ex. Han f\u00f6ddes \u2026 Hans familj kom fr\u00e5n\u2026). Ta med dig texten till n\u00e4sta g\u00e5ng: <strong>dina klasskamrater ska gissa<\/strong> vem personen \u00e4r!<\/p>\n","protected":false},"excerpt":{"rendered":"<p>Lektion 1 Anteckningar: Lektion 1 Heml\u00e4xor: \u00d6B s.67 &#8211; \u00d6va verbets former, s.69. TB s.64 &#8211; Felicias sl\u00e4kt: l\u00e4s texten, stryk under alla verb i preteritum och ring in alla familjeord (t.ex. mamma, pappa, morbror \u2026). F\u00f6rst\u00e5r du alla? &nbsp; Lektion 2 Anteckningar: Lektion 2 Heml\u00e4xor: TB s.65 (C), s.69 (C &#8211; \u00e4ndra fr\u00e5n subjekts [&hellip;]<\/p>\n","protected":false},"author":961,"featured_media":0,"parent":0,"menu_order":0,"comment_status":"closed","ping_status":"closed","template":"","meta":{"footnotes":""},"class_list":["post-452","page","type-page","status-publish","hentry","post-preview"],"_links":{"self":[{"href":"https:\/\/blogg.folkuniversitetet.nu\/carefr\/wp-json\/wp\/v2\/pages\/452","targetHints":{"allow":["GET"]}}],"collection":[{"href":"https:\/\/blogg.folkuniversitetet.nu\/carefr\/wp-json\/wp\/v2\/pages"}],"about":[{"href":"https:\/\/blogg.folkuniversitetet.nu\/carefr\/wp-json\/wp\/v2\/types\/page"}],"author":[{"embeddable":true,"href":"https:\/\/blogg.folkuniversitetet.nu\/carefr\/wp-json\/wp\/v2\/users\/961"}],"replies":[{"embeddable":true,"href":"https:\/\/blogg.folkuniversitetet.nu\/carefr\/wp-json\/wp\/v2\/comments?post=452"}],"version-history":[{"count":4,"href":"https:\/\/blogg.folkuniversitetet.nu\/carefr\/wp-json\/wp\/v2\/pages\/452\/revisions"}],"predecessor-version":[{"id":462,"href":"https:\/\/blogg.folkuniversitetet.nu\/carefr\/wp-json\/wp\/v2\/pages\/452\/revisions\/462"}],"wp:attachment":[{"href":"https:\/\/blogg.folkuniversitetet.nu\/carefr\/wp-json\/wp\/v2\/media?parent=452"}],"curies":[{"name":"wp","href":"https:\/\/api.w.org\/{rel}","templated":true}]}}