{"id":440,"date":"2025-10-03T08:34:09","date_gmt":"2025-10-03T07:34:09","guid":{"rendered":"https:\/\/blogg.folkuniversitetet.nu\/carefr\/?page_id=440"},"modified":"2025-10-10T09:43:09","modified_gmt":"2025-10-10T08:43:09","slug":"a1-del-1-kursvecka-5-3","status":"publish","type":"page","link":"https:\/\/blogg.folkuniversitetet.nu\/carefr\/a1-del-1-kursvecka-5-3\/","title":{"rendered":"A1 del 1 &#8211; Kursvecka #5"},"content":{"rendered":"<h5>Lektion 9<\/h5>\n<p><strong>Anteckningar<\/strong>: <a href=\"https:\/\/drive.google.com\/file\/d\/1pEvBoB7qRVIHMyzSlcyksD3eGyez3gPZ\/view?usp=drivesdk\">Lektion 9<\/a><\/p>\n<p><strong>Heml\u00e4xor<\/strong>: g\u00e5 igenom alla tidigare lektioner och repetera det vi har gjort! <strong>\u00d6B s.49<\/strong> (A,B), <strong>s.56<\/strong>.<\/p>\n<p>&nbsp;<\/p>\n<h5>Lektion 10<\/h5>\n<p><strong>Anteckningar<\/strong>: <a href=\"https:\/\/drive.google.com\/file\/d\/1jrqMxfrFA38KO1x0Wa0tZP72VNPZTm60\/view?usp=drivesdk\">Lektion 10<\/a><\/p>\n<p>Bra jobbat allihopa, nu \u00e4r det bara att <strong>\u00f6va<\/strong>, <strong>\u00f6va<\/strong>, <strong>\u00f6va<\/strong>! Tack f\u00f6r att ni har varit med och lycka till med era fortsatta studier \u263a\ufe0f<\/p>\n","protected":false},"excerpt":{"rendered":"<p>Lektion 9 Anteckningar: Lektion 9 Heml\u00e4xor: g\u00e5 igenom alla tidigare lektioner och repetera det vi har gjort! \u00d6B s.49 (A,B), s.56. &nbsp; Lektion 10 Anteckningar: Lektion 10 Bra jobbat allihopa, nu \u00e4r det bara att \u00f6va, \u00f6va, \u00f6va! Tack f\u00f6r att ni har varit med och lycka till med era fortsatta studier \u263a\ufe0f<\/p>\n","protected":false},"author":961,"featured_media":0,"parent":0,"menu_order":0,"comment_status":"closed","ping_status":"closed","template":"","meta":{"footnotes":""},"class_list":["post-440","page","type-page","status-publish","hentry","post-preview"],"_links":{"self":[{"href":"https:\/\/blogg.folkuniversitetet.nu\/carefr\/wp-json\/wp\/v2\/pages\/440","targetHints":{"allow":["GET"]}}],"collection":[{"href":"https:\/\/blogg.folkuniversitetet.nu\/carefr\/wp-json\/wp\/v2\/pages"}],"about":[{"href":"https:\/\/blogg.folkuniversitetet.nu\/carefr\/wp-json\/wp\/v2\/types\/page"}],"author":[{"embeddable":true,"href":"https:\/\/blogg.folkuniversitetet.nu\/carefr\/wp-json\/wp\/v2\/users\/961"}],"replies":[{"embeddable":true,"href":"https:\/\/blogg.folkuniversitetet.nu\/carefr\/wp-json\/wp\/v2\/comments?post=440"}],"version-history":[{"count":6,"href":"https:\/\/blogg.folkuniversitetet.nu\/carefr\/wp-json\/wp\/v2\/pages\/440\/revisions"}],"predecessor-version":[{"id":451,"href":"https:\/\/blogg.folkuniversitetet.nu\/carefr\/wp-json\/wp\/v2\/pages\/440\/revisions\/451"}],"wp:attachment":[{"href":"https:\/\/blogg.folkuniversitetet.nu\/carefr\/wp-json\/wp\/v2\/media?parent=440"}],"curies":[{"name":"wp","href":"https:\/\/api.w.org\/{rel}","templated":true}]}}