{"id":426,"date":"2025-09-30T20:25:34","date_gmt":"2025-09-30T19:25:34","guid":{"rendered":"https:\/\/blogg.folkuniversitetet.nu\/carefr\/?page_id=426"},"modified":"2025-10-03T08:33:02","modified_gmt":"2025-10-03T07:33:02","slug":"a1-del-1-kursvecka-4-2","status":"publish","type":"page","link":"https:\/\/blogg.folkuniversitetet.nu\/carefr\/a1-del-1-kursvecka-4-2\/","title":{"rendered":"A1 del 1 &#8211; Kursvecka #4"},"content":{"rendered":"<h5>Lektion 7<\/h5>\n<p><strong>Anteckningar<\/strong>: <a href=\"https:\/\/drive.google.com\/file\/d\/1uguVOYR-LmG7HskIrsWEt61e_IHR8VU3\/view?usp=drivesdk\">Lektion 7<\/a><\/p>\n<p><strong>Heml\u00e4xor<\/strong>: <strong>\u00d6B <\/strong><strong>s.36<\/strong> (B, C).<\/p>\n<p>Titta p\u00e5 den h\u00e4r video om hur man bakar en kladdkaka och skriv ett kort recept med ingredienserna och alla steg med verb i imperativ (t.ex. \u201dsm\u00e4lt sm\u00f6ret i en kastrull\u201d). Du f\u00e5r ta inspiration fr\u00e5n ett annat recept b\u00e5de p\u00e5 svenska eller p\u00e5 ditt modersm\u00e5l. Skicka den till mig om du vill ha \u00e5terkopplingar!<\/p>\n<p><iframe loading=\"lazy\" title=\"Seg och kladdig kladdkaka\" width=\"676\" height=\"380\" src=\"https:\/\/www.youtube.com\/embed\/0kbJjdYb4PQ?feature=oembed\" frameborder=\"0\" allow=\"accelerometer; autoplay; clipboard-write; encrypted-media; gyroscope; picture-in-picture; web-share\" referrerpolicy=\"strict-origin-when-cross-origin\" allowfullscreen><\/iframe><\/p>\n<h5>Lektion 8<\/h5>\n<p><strong>Anteckningar<\/strong>: <a href=\"https:\/\/drive.google.com\/file\/d\/11RMcfr7T8AaMR4XgfyYcoUGhgGGaRG9W\/view?usp=drivesdk\">Lektion 8<\/a><\/p>\n<p><strong>Heml\u00e4xor<\/strong>: \u00f6va skriva meningar med <strong>hj\u00e4lpverb + infinitiv<\/strong> genom att svara p\u00e5 fr\u00e5gorna: vad ska du g\u00f6ra n\u00e4sta vecka? Vad vill du l\u00e4sa efter den h\u00e4r kursen? Vad kan du g\u00f6ra f\u00f6r att \u00f6va prata p\u00e5 svenska? Vad m\u00e5ste du g\u00f6ra varje dag? T\u00e4nk p\u00e5 ordf\u00f6ljd och f\u00f6rs\u00f6k testa meningar med b\u00e5de <strong>rak<\/strong> och <strong>omv\u00e4nd ordf\u00f6ljd<\/strong>. N\u00e4r du \u00e4r klar testa \u00e4ndra meningar genom att l\u00e4gga till ett <strong>satsadverb<\/strong> (inte, alltid, ofta, s\u00e4llan, aldrig). <strong>\u00d6B s.44<\/strong> (B), <strong>s.46<\/strong>, <strong>s.47<\/strong>.<\/p>\n","protected":false},"excerpt":{"rendered":"<p>Lektion 7 Anteckningar: Lektion 7 Heml\u00e4xor: \u00d6B s.36 (B, C). Titta p\u00e5 den h\u00e4r video om hur man bakar en kladdkaka och skriv ett kort recept med ingredienserna och alla steg med verb i imperativ (t.ex. \u201dsm\u00e4lt sm\u00f6ret i en kastrull\u201d). Du f\u00e5r ta inspiration fr\u00e5n ett annat recept b\u00e5de p\u00e5 svenska eller p\u00e5 ditt [&hellip;]<\/p>\n","protected":false},"author":961,"featured_media":0,"parent":0,"menu_order":0,"comment_status":"closed","ping_status":"closed","template":"","meta":{"footnotes":""},"class_list":["post-426","page","type-page","status-publish","hentry","post-preview"],"_links":{"self":[{"href":"https:\/\/blogg.folkuniversitetet.nu\/carefr\/wp-json\/wp\/v2\/pages\/426","targetHints":{"allow":["GET"]}}],"collection":[{"href":"https:\/\/blogg.folkuniversitetet.nu\/carefr\/wp-json\/wp\/v2\/pages"}],"about":[{"href":"https:\/\/blogg.folkuniversitetet.nu\/carefr\/wp-json\/wp\/v2\/types\/page"}],"author":[{"embeddable":true,"href":"https:\/\/blogg.folkuniversitetet.nu\/carefr\/wp-json\/wp\/v2\/users\/961"}],"replies":[{"embeddable":true,"href":"https:\/\/blogg.folkuniversitetet.nu\/carefr\/wp-json\/wp\/v2\/comments?post=426"}],"version-history":[{"count":9,"href":"https:\/\/blogg.folkuniversitetet.nu\/carefr\/wp-json\/wp\/v2\/pages\/426\/revisions"}],"predecessor-version":[{"id":439,"href":"https:\/\/blogg.folkuniversitetet.nu\/carefr\/wp-json\/wp\/v2\/pages\/426\/revisions\/439"}],"wp:attachment":[{"href":"https:\/\/blogg.folkuniversitetet.nu\/carefr\/wp-json\/wp\/v2\/media?parent=426"}],"curies":[{"name":"wp","href":"https:\/\/api.w.org\/{rel}","templated":true}]}}