{"id":413,"date":"2025-09-23T22:35:27","date_gmt":"2025-09-23T21:35:27","guid":{"rendered":"https:\/\/blogg.folkuniversitetet.nu\/carefr\/?page_id=413"},"modified":"2025-09-25T21:59:22","modified_gmt":"2025-09-25T20:59:22","slug":"a1-del-1-kursvecka-3-4","status":"publish","type":"page","link":"https:\/\/blogg.folkuniversitetet.nu\/carefr\/a1-del-1-kursvecka-3-4\/","title":{"rendered":"A1 del 1 &#8211; Kursvecka #3"},"content":{"rendered":"<h5>Lektion 5<\/h5>\n<p><strong>Anteckningar<\/strong>: <a href=\"https:\/\/drive.google.com\/file\/d\/144LNElItnsSMv3PbfqPCqczSQDf_y1R8\/view?usp=drivesdk\">Lektion 5<\/a><\/p>\n<p><strong>Heml\u00e4xor<\/strong>: Anv\u00e4nd nummer (bokst\u00e4ver, inte siffror) f\u00f6r att beskriva vad som finns i detta <a href=\"https:\/\/drive.google.com\/file\/d\/1gPL0QwA8fnb_fVP9fZpWqUPNG28iazYZ\/view?usp=drivesdk\">rum <\/a>\u00a0(t.ex. I rummet finns tv\u00e5 kuddar). <strong>TB s.31<\/strong>. Titta p\u00e5 <a href=\"https:\/\/youtu.be\/-Iz4K3hIEC0\">videon<\/a> och lyssna: vad \u00e4r klockan? Skriv ner tiden du h\u00f6r b\u00e5de med nummer (t.ex. 17:30) och med bokst\u00e4ver (t.ex. halv sex p\u00e5 kv\u00e4llen).<\/p>\n<p>&nbsp;<\/p>\n<h5>Lektion 6<\/h5>\n<p><strong>Anteckningar<\/strong>: <a href=\"https:\/\/drive.google.com\/file\/d\/1U3ykqRjgHACBqG-GTYbZ-DDslNW6An_x\/view?usp=drivesdk\">Lektion 6<\/a><\/p>\n<p><strong>Heml\u00e4xor<\/strong>: <strong>\u00d6B s.30<\/strong> (B), <strong>s.31<\/strong> (C). <strong>TB s.37<\/strong> &#8211; Ber\u00e4tta om <strong>Awads dag<\/strong>: vad h\u00e4nder i bilderna? Beskriv vad Awad g\u00f6r vid olika tider under dagen (t.ex.Skriv meningar med b\u00e5de rak och omv\u00e4nd ordf\u00f6ljd! \u00a0 \u00a0 \u00a0 \u00a0 \u00a0 \u00a0 \u00a0 \u00a0 \u00a0 \u00a0 \u00a0 \u00a0 \u00a0 \u00a0 \u00a0 \u00a0P\u00e5 tisdag kommer vi att prata om fika och <strong>favoritfiket<\/strong> (fiket = plats d\u00e4r man fikar), s\u00e5 f\u00f6rbered g\u00e4rna n\u00e5gra meningar om ett caf\u00e8\/fik d\u00e4r du gillar fika (eller bara ta en kaffe eller annat): Vad heter det? Var ligger det? Vad gillar du att dricka d\u00e4r? N\u00e5got att \u00e4ta som du skulle rekommendera?<\/p>\n<p>Trevlig helg!<\/p>\n","protected":false},"excerpt":{"rendered":"<p>Lektion 5 Anteckningar: Lektion 5 Heml\u00e4xor: Anv\u00e4nd nummer (bokst\u00e4ver, inte siffror) f\u00f6r att beskriva vad som finns i detta rum \u00a0(t.ex. I rummet finns tv\u00e5 kuddar). TB s.31. Titta p\u00e5 videon och lyssna: vad \u00e4r klockan? Skriv ner tiden du h\u00f6r b\u00e5de med nummer (t.ex. 17:30) och med bokst\u00e4ver (t.ex. halv sex p\u00e5 kv\u00e4llen). &nbsp; [&hellip;]<\/p>\n","protected":false},"author":961,"featured_media":0,"parent":0,"menu_order":0,"comment_status":"closed","ping_status":"closed","template":"","meta":{"footnotes":""},"class_list":["post-413","page","type-page","status-publish","hentry","post-preview"],"_links":{"self":[{"href":"https:\/\/blogg.folkuniversitetet.nu\/carefr\/wp-json\/wp\/v2\/pages\/413","targetHints":{"allow":["GET"]}}],"collection":[{"href":"https:\/\/blogg.folkuniversitetet.nu\/carefr\/wp-json\/wp\/v2\/pages"}],"about":[{"href":"https:\/\/blogg.folkuniversitetet.nu\/carefr\/wp-json\/wp\/v2\/types\/page"}],"author":[{"embeddable":true,"href":"https:\/\/blogg.folkuniversitetet.nu\/carefr\/wp-json\/wp\/v2\/users\/961"}],"replies":[{"embeddable":true,"href":"https:\/\/blogg.folkuniversitetet.nu\/carefr\/wp-json\/wp\/v2\/comments?post=413"}],"version-history":[{"count":6,"href":"https:\/\/blogg.folkuniversitetet.nu\/carefr\/wp-json\/wp\/v2\/pages\/413\/revisions"}],"predecessor-version":[{"id":424,"href":"https:\/\/blogg.folkuniversitetet.nu\/carefr\/wp-json\/wp\/v2\/pages\/413\/revisions\/424"}],"wp:attachment":[{"href":"https:\/\/blogg.folkuniversitetet.nu\/carefr\/wp-json\/wp\/v2\/media?parent=413"}],"curies":[{"name":"wp","href":"https:\/\/api.w.org\/{rel}","templated":true}]}}